{"id":7577,"date":"2022-08-24T16:11:45","date_gmt":"2022-08-24T14:11:45","guid":{"rendered":"https:\/\/clashofdecks.com\/?post_type=product&#038;p=7577"},"modified":"2024-07-24T17:41:36","modified_gmt":"2024-07-24T15:41:36","slug":"carte-champion-personnalisee","status":"publish","type":"product","link":"https:\/\/clashofdecks.com\/fr\/produit\/carte-champion-personnalisee","title":{"rendered":"Carte Champion personnalis\u00e9e"},"content":{"rendered":"<p>Les cartes<strong>\u00a0Champion<\/strong> sont des cartes que vous devez cr\u00e9er via le g\u00e9n\u00e9rateur de cartes en ligne. Nous avons d\u00e9velopp\u00e9<a href=\"https:\/\/cardgenerator.clashofdecks.com\/\" data-type=\"URL\" data-id=\"https:\/\/cardgenerator.clashofdecks.com\/\">\u00a0un g\u00e9n\u00e9rateur de cartes personnalis\u00e9es en ligne<\/a>, qui est disponible gratuitement et sans inscription.\u00a0Cet outil vous permet de<strong>\u00a0cr\u00e9er VOS propres cartes pour le jeu Clash of Decks<\/strong> !<\/p>\n<figure class=\"wp-block-image size-large\"><a href=\"https:\/\/cardgenerator.clashofdecks.com\/\"><img loading=\"lazy\" decoding=\"async\" class=\"wp-image-1613\" src=\"https:\/\/clashofdecks.com\/wp-content\/uploads\/2021\/11\/PGDT2G1-copiea-1024x695.png\" sizes=\"auto, (max-width: 1024px) 100vw, 1024px\" srcset=\"https:\/\/clashofdecks.com\/wp-content\/uploads\/2021\/11\/PGDT2G1-copiea-1024x695.png 1024w, https:\/\/clashofdecks.com\/wp-content\/uploads\/2021\/11\/PGDT2G1-copiea-600x407.png 600w, https:\/\/clashofdecks.com\/wp-content\/uploads\/2021\/11\/PGDT2G1-copiea-300x203.png 300w, https:\/\/clashofdecks.com\/wp-content\/uploads\/2021\/11\/PGDT2G1-copiea-768x521.png 768w, https:\/\/clashofdecks.com\/wp-content\/uploads\/2021\/11\/PGDT2G1-copiea-1536x1042.png 1536w, https:\/\/clashofdecks.com\/wp-content\/uploads\/2021\/11\/PGDT2G1-copiea-1200x814.png 1200w, https:\/\/clashofdecks.com\/wp-content\/uploads\/2021\/11\/PGDT2G1-copiea-1980x1343.png 1980w, https:\/\/clashofdecks.com\/wp-content\/uploads\/2021\/11\/PGDT2G1-copiea-1320x895.png 1320w, https:\/\/clashofdecks.com\/wp-content\/uploads\/2021\/11\/PGDT2G1-copiea.png 2048w\" alt=\"\" width=\"1024\" height=\"695\" \/><\/a><\/figure>\n<h2><strong>Que puis-je personnaliser sur une carte Champion ?<\/strong><\/h2>\n<ul>\n<li><strong>Le nom\u00a0<\/strong>: dans la langue de votre choix<\/li>\n<li><strong>L\u2019illustration<\/strong>\u00a0: depuis notre banque d\u2019illustrations en ligne ou avec une image de votre choix t\u00e9l\u00e9charg\u00e9e depuis votre ordinateur<\/li>\n<li><strong>La valeur d\u2019attaque<\/strong>\u00a0(entre 1 et 9)<\/li>\n<li><strong>La valeur de Points de vie<\/strong>\u00a0(entre 1 et 9)<\/li>\n<li><strong>Le nombre de capacit\u00e9s sp\u00e9ciales<\/strong>\u00a0(entre 0 et 5)<\/li>\n<\/ul>\n<div class=\"wp-block-image\">\n<figure class=\"aligncenter size-large\"><img loading=\"lazy\" decoding=\"async\" class=\"wp-image-1595\" src=\"https:\/\/clashofdecks.com\/wp-content\/uploads\/2021\/11\/demo_2_flech_inverse-1024x496.png\" sizes=\"auto, (max-width: 1024px) 100vw, 1024px\" srcset=\"https:\/\/clashofdecks.com\/wp-content\/uploads\/2021\/11\/demo_2_flech_inverse-1024x496.png 1024w, https:\/\/clashofdecks.com\/wp-content\/uploads\/2021\/11\/demo_2_flech_inverse-600x290.png 600w, https:\/\/clashofdecks.com\/wp-content\/uploads\/2021\/11\/demo_2_flech_inverse-300x145.png 300w, https:\/\/clashofdecks.com\/wp-content\/uploads\/2021\/11\/demo_2_flech_inverse-768x372.png 768w, https:\/\/clashofdecks.com\/wp-content\/uploads\/2021\/11\/demo_2_flech_inverse-1536x744.png 1536w, https:\/\/clashofdecks.com\/wp-content\/uploads\/2021\/11\/demo_2_flech_inverse-2048x991.png 2048w, https:\/\/clashofdecks.com\/wp-content\/uploads\/2021\/11\/demo_2_flech_inverse-1200x581.png 1200w, https:\/\/clashofdecks.com\/wp-content\/uploads\/2021\/11\/demo_2_flech_inverse-1980x958.png 1980w, https:\/\/clashofdecks.com\/wp-content\/uploads\/2021\/11\/demo_2_flech_inverse-1320x639.png 1320w\" alt=\"\" width=\"1024\" height=\"496\" \/><\/figure>\n<\/div>\n<p>Le co\u00fbt de Mana (entre 1 et 9) d\u2019une carte cr\u00e9\u00e9e via le g\u00e9n\u00e9rateur de cartes personnalis\u00e9es en ligne est\u00a0<strong>calcul\u00e9 automatiquement en fonction des caract\u00e9ristiques que vous aurez choisies pour la carte<\/strong>. Les cartes cr\u00e9\u00e9es avec le g\u00e9n\u00e9rateur de cartes personnalis\u00e9es sont donc toutes\u00a0<strong>\u00e9quilibr\u00e9es et jouables<\/strong>\u00a0dans tous les formats (pr\u00e9construit, draft et construit), tous les modes de jeu (solo et duel) et tous les tournois officiels organis\u00e9s par Grammes \u00c9dition.<\/p>\n<figure class=\"wp-block-embed is-type-video is-provider-youtube wp-block-embed-youtube wp-embed-aspect-16-9 wp-has-aspect-ratio\">\n<div class=\"wp-block-embed__wrapper\"><iframe loading=\"lazy\" title=\"Clash of Decks: Print on Demand - Custom Champion Card\" src=\"https:\/\/www.youtube.com\/embed\/TQToUdTIkq0?feature=oembed\" width=\"950\" height=\"534\" frameborder=\"0\" allowfullscreen=\"allowfullscreen\" data-mce-fragment=\"1\"><\/iframe><\/div>\n<\/figure>\n<p>Nous avons le plaisir de vous annoncer que nous proposons <strong>un service d\u2019impression \u00e0 la demande<\/strong> sur carte en PVC de 0.5mm. Gr\u00e2ce \u00e0 notre imprimante professionnelle Evolis Primacy, nous pouvons imprimer nous-m\u00eames vos cartes Champions personnalis\u00e9es en haute d\u00e9finition sur un support premium.<\/p>\n<p><strong>IMPORTANT<\/strong> : ce service d&rsquo;impression \u00e0 la demande ne concerne QUE les cartes CHAMPIONS !<\/p>\n<h2 id=\"h:creer-les-fichiers-d\" class=\"page-anchor\"><span class=\"bold\">Comment cr\u00e9er et transmettre mes cartes Champion personnalis\u00e9es ?<\/span><\/h2>\n<p>Avant de passer commande, vous devez d&rsquo;abord cr\u00e9er vos cartes Champion personnalis\u00e9es sur notre g\u00e9n\u00e9rateur de cartes en ligne en respectant les 10 \u00e9tapes suivantes : <a href=\"https:\/\/cardgenerator.clashofdecks.com\/\" target=\"_blank\" rel=\"noopener\">https:\/\/cardgenerator.clashofdecks.com\/<\/a><\/p>\n<p><em><span class=\"bold\">Note<\/span>\u00a0: si vous vous sentez plus \u00e0 l&rsquo;aise en fran\u00e7ais, sachez que vous pouvez changer la langue du g\u00e9n\u00e9rateur de cartes personnalis\u00e9es en cliquant sur le drapeau en haut \u00e0 droite de la page.<\/em><\/p>\n<p>1 &#8211; Choisissez la valeur d&rsquo;Attaque<br \/>\n2 &#8211; Choisissez la valeur de Points de vie<br \/>\n3 &#8211; Choisissez les Auras et les Capacit\u00e9s sp\u00e9ciales<br \/>\n4 &#8211; S\u00e9lectionner le type de carte : Champion (obligatoire)<br \/>\n5 &#8211; Choisissez une des 300 illustrations de la galerie OU choisissez une illustration dont vous poss\u00e9dez les droits. Vous pouvez zoomer ou dezoomer l&rsquo;illustration avec la souris. Choisissez \u00e9ventuellement un fond \u00e0 votre illustration.<br \/>\n6 &#8211; Choisissez un nom \u00e0 votre carte.<br \/>\n7 &#8211; Vous pouvez modifier le contenu indiqu\u00e9 dans \u00ab Signature \u00bb<br \/>\n8 &#8211; Cocher la case : \u00ab<span class=\"text-italic\">\u00a0I have the rights to use this drawing and I accept the Terms of Services<\/span> \u00bb<br \/>\n9 &#8211; Cliquer sur \u00ab <span class=\"text-italic\">Create card<\/span>\u00a0\u00bb pour t\u00e9l\u00e9charger la carte<br \/>\n10 &#8211; Aussit\u00f4t votre commande valid\u00e9e, veuillez nous envoyer votre carte Champion personnalis\u00e9e par email, avec votre num\u00e9ro de commande dans l&rsquo;objet du mail, \u00e0 l&rsquo;adresse suivante : <em>leandre@grammesedition.fr<\/em><\/p>\n<div class=\"template asset\" contenteditable=\"false\" data-alt-text=\"\" data-caption=\"\" data-id=\"36420342\">\n<figure><img decoding=\"async\" class=\"fit\" src=\"https:\/\/ksr-ugc.imgix.net\/assets\/036\/420\/342\/4dca76118a599b84962f2d80b3689892_original.png?ixlib=rb-4.0.2&amp;w=700&amp;fit=max&amp;v=1645386285&amp;gif-q=50&amp;lossless=true&amp;s=7990776759b839fa5f459c468124a454\" alt=\"\" \/><\/figure>\n<\/div>\n","protected":false},"excerpt":{"rendered":"<p>Les cartes<strong>\u00a0Champion<\/strong> sont des cartes que vous devez cr\u00e9er via le g\u00e9n\u00e9rateur de cartes en ligne. Nous avons d\u00e9velopp\u00e9<a href=\"https:\/\/cardgenerator.clashofdecks.com\/\" data-type=\"URL\" data-id=\"https:\/\/cardgenerator.clashofdecks.com\/\">\u00a0un g\u00e9n\u00e9rateur de cartes personnalis\u00e9es en ligne<\/a>, qui est disponible gratuitement et sans inscription.\u00a0Cet outil vous permet de<strong>\u00a0cr\u00e9er VOS propres cartes pour le jeu Clash of Decks<\/strong> !<\/p>\n<p><strong>Exclusivit\u00e9<\/strong> : ce produit est disponible <strong>uniquement<\/strong> sur notre boutique en ligne.<\/p>\n<p><strong>D\u00e9lais de livraison et TVA\u00a0<\/strong><br \/>\nLes produits de cette boutique en ligne sont exp\u00e9di\u00e9s depuis la France.<br \/>\nLa TVA est incluse pour les envois vers la France et les pays de l&rsquo;Union Europ\u00e9enne. Les clients du reste du monde devront s&rsquo;acquitter d&rsquo;\u00e9ventuelles taxes ou frais de douane \u00e0 la r\u00e9ception de leur colis, en fonction de la l\u00e9gislation du pays de destination. Les commandes sont pr\u00e9par\u00e9es et exp\u00e9di\u00e9es sous 2 jours ouvr\u00e9s.<\/p>\n<p><strong>Prix libre<\/strong><br \/>\nTous les articles de la boutique Clash of Decks sont propos\u00e9s \u00e0 <strong>prix libre<\/strong> : c\u2019est-\u00e0-dire que c\u2019est \u00e0 vous de d\u00e9finir le prix que vous voulez payez pour chaque article ! Nous vous faisons confiance pour choisir le prix qui vous semble le plus juste, en fonction de vos moyens et en fonction de votre envie de nous soutenir !<\/p>\n","protected":false},"featured_media":8416,"comment_status":"closed","ping_status":"closed","template":"","meta":[],"product_brand":[],"product_cat":[49],"product_tag":[],"class_list":{"0":"post-7577","1":"product","2":"type-product","3":"status-publish","4":"has-post-thumbnail","6":"product_cat-jeux","8":"first","9":"instock","10":"taxable","11":"shipping-taxable","12":"purchasable","13":"product-type-simple"},"yoast_head":"<!-- This site is optimized with the Yoast SEO plugin v27.4 - https:\/\/yoast.com\/product\/yoast-seo-wordpress\/ -->\n<title>Carte Champion personnalis\u00e9e - Clash of Decks<\/title>\n<meta name=\"robots\" content=\"index, follow, max-snippet:-1, max-image-preview:large, max-video-preview:-1\" \/>\n<link rel=\"canonical\" href=\"https:\/\/clashofdecks.com\/fr\/produit\/carte-champion-personnalisee\" \/>\n<meta property=\"og:locale\" content=\"fr_FR\" \/>\n<meta property=\"og:type\" content=\"article\" \/>\n<meta property=\"og:title\" content=\"Carte Champion personnalis\u00e9e - Clash of Decks\" \/>\n<meta property=\"og:description\" content=\"Les cartes\u00a0Champion sont des cartes que vous devez cr\u00e9er via le g\u00e9n\u00e9rateur de cartes en ligne. Nous avons d\u00e9velopp\u00e9\u00a0un g\u00e9n\u00e9rateur de cartes personnalis\u00e9es en ligne, qui est disponible gratuitement et sans inscription.\u00a0Cet outil vous permet de\u00a0cr\u00e9er VOS propres cartes pour le jeu Clash of Decks !  Exclusivit\u00e9 : ce produit est disponible uniquement sur notre boutique en ligne.  D\u00e9lais de livraison et TVA\u00a0 Les produits de cette boutique en ligne sont exp\u00e9di\u00e9s depuis la France. La TVA est incluse pour les envois vers la France et les pays de l&#039;Union Europ\u00e9enne. Les clients du reste du monde devront s&#039;acquitter d&#039;\u00e9ventuelles taxes ou frais de douane \u00e0 la r\u00e9ception de leur colis, en fonction de la l\u00e9gislation du pays de destination. Les commandes sont pr\u00e9par\u00e9es et exp\u00e9di\u00e9es sous 2 jours ouvr\u00e9s.  Prix libre Tous les articles de la boutique Clash of Decks sont propos\u00e9s \u00e0 prix libre : c\u2019est-\u00e0-dire que c\u2019est \u00e0 vous de d\u00e9finir le prix que vous voulez payez pour chaque article ! Nous vous faisons confiance pour choisir le prix qui vous semble le plus juste, en fonction de vos moyens et en fonction de votre envie de nous soutenir !\" \/>\n<meta property=\"og:url\" content=\"https:\/\/clashofdecks.com\/fr\/produit\/carte-champion-personnalisee\" \/>\n<meta property=\"og:site_name\" content=\"Clash of Decks\" \/>\n<meta property=\"article:modified_time\" content=\"2024-07-24T15:41:36+00:00\" \/>\n<meta property=\"og:image\" content=\"https:\/\/clashofdecks.com\/wp-content\/uploads\/2022\/09\/carte-personnalise-min.jpg\" \/>\n\t<meta property=\"og:image:width\" content=\"1000\" \/>\n\t<meta property=\"og:image:height\" content=\"1000\" \/>\n\t<meta property=\"og:image:type\" content=\"image\/jpeg\" \/>\n<meta name=\"twitter:card\" content=\"summary_large_image\" \/>\n<meta name=\"twitter:label1\" content=\"Dur\u00e9e de lecture estim\u00e9e\" \/>\n\t<meta name=\"twitter:data1\" content=\"4 minutes\" \/>\n<script type=\"application\/ld+json\" class=\"yoast-schema-graph\">{\"@context\":\"https:\\\/\\\/schema.org\",\"@graph\":[{\"@type\":\"WebPage\",\"@id\":\"https:\\\/\\\/clashofdecks.com\\\/fr\\\/produit\\\/carte-champion-personnalisee\",\"url\":\"https:\\\/\\\/clashofdecks.com\\\/fr\\\/produit\\\/carte-champion-personnalisee\",\"name\":\"Carte Champion personnalis\u00e9e - Clash of Decks\",\"isPartOf\":{\"@id\":\"https:\\\/\\\/clashofdecks.com\\\/fr#website\"},\"primaryImageOfPage\":{\"@id\":\"https:\\\/\\\/clashofdecks.com\\\/fr\\\/produit\\\/carte-champion-personnalisee#primaryimage\"},\"image\":{\"@id\":\"https:\\\/\\\/clashofdecks.com\\\/fr\\\/produit\\\/carte-champion-personnalisee#primaryimage\"},\"thumbnailUrl\":\"https:\\\/\\\/clashofdecks.com\\\/wp-content\\\/uploads\\\/2022\\\/09\\\/carte-personnalise-min.jpg\",\"datePublished\":\"2022-08-24T14:11:45+00:00\",\"dateModified\":\"2024-07-24T15:41:36+00:00\",\"breadcrumb\":{\"@id\":\"https:\\\/\\\/clashofdecks.com\\\/fr\\\/produit\\\/carte-champion-personnalisee#breadcrumb\"},\"inLanguage\":\"fr-FR\",\"potentialAction\":[{\"@type\":\"ReadAction\",\"target\":[\"https:\\\/\\\/clashofdecks.com\\\/fr\\\/produit\\\/carte-champion-personnalisee\"]}]},{\"@type\":\"ImageObject\",\"inLanguage\":\"fr-FR\",\"@id\":\"https:\\\/\\\/clashofdecks.com\\\/fr\\\/produit\\\/carte-champion-personnalisee#primaryimage\",\"url\":\"https:\\\/\\\/clashofdecks.com\\\/wp-content\\\/uploads\\\/2022\\\/09\\\/carte-personnalise-min.jpg\",\"contentUrl\":\"https:\\\/\\\/clashofdecks.com\\\/wp-content\\\/uploads\\\/2022\\\/09\\\/carte-personnalise-min.jpg\",\"width\":1000,\"height\":1000},{\"@type\":\"BreadcrumbList\",\"@id\":\"https:\\\/\\\/clashofdecks.com\\\/fr\\\/produit\\\/carte-champion-personnalisee#breadcrumb\",\"itemListElement\":[{\"@type\":\"ListItem\",\"position\":1,\"name\":\"Accueil\",\"item\":\"https:\\\/\\\/clashofdecks.com\\\/fr\"},{\"@type\":\"ListItem\",\"position\":2,\"name\":\"Boutique\",\"item\":\"https:\\\/\\\/clashofdecks.com\\\/fr\\\/boutique\"},{\"@type\":\"ListItem\",\"position\":3,\"name\":\"Carte Champion personnalis\u00e9e\"}]},{\"@type\":\"WebSite\",\"@id\":\"https:\\\/\\\/clashofdecks.com\\\/fr#website\",\"url\":\"https:\\\/\\\/clashofdecks.com\\\/fr\",\"name\":\"Clash of Decks\",\"description\":\"a real FREE-TO-PLAY Card Game!\",\"publisher\":{\"@id\":\"https:\\\/\\\/clashofdecks.com\\\/fr#organization\"},\"potentialAction\":[{\"@type\":\"SearchAction\",\"target\":{\"@type\":\"EntryPoint\",\"urlTemplate\":\"https:\\\/\\\/clashofdecks.com\\\/fr?s={search_term_string}\"},\"query-input\":{\"@type\":\"PropertyValueSpecification\",\"valueRequired\":true,\"valueName\":\"search_term_string\"}}],\"inLanguage\":\"fr-FR\"},{\"@type\":\"Organization\",\"@id\":\"https:\\\/\\\/clashofdecks.com\\\/fr#organization\",\"name\":\"Clash of Decks\",\"url\":\"https:\\\/\\\/clashofdecks.com\\\/fr\",\"logo\":{\"@type\":\"ImageObject\",\"inLanguage\":\"fr-FR\",\"@id\":\"https:\\\/\\\/clashofdecks.com\\\/fr#\\\/schema\\\/logo\\\/image\\\/\",\"url\":\"https:\\\/\\\/clashofdecks.com\\\/wp-content\\\/uploads\\\/2022\\\/09\\\/cropped-cropped-Logo-de-CoD-min.png\",\"contentUrl\":\"https:\\\/\\\/clashofdecks.com\\\/wp-content\\\/uploads\\\/2022\\\/09\\\/cropped-cropped-Logo-de-CoD-min.png\",\"width\":250,\"height\":240,\"caption\":\"Clash of Decks\"},\"image\":{\"@id\":\"https:\\\/\\\/clashofdecks.com\\\/fr#\\\/schema\\\/logo\\\/image\\\/\"}}]}<\/script>\n<!-- \/ Yoast SEO plugin. -->","yoast_head_json":{"title":"Carte Champion personnalis\u00e9e - Clash of Decks","robots":{"index":"index","follow":"follow","max-snippet":"max-snippet:-1","max-image-preview":"max-image-preview:large","max-video-preview":"max-video-preview:-1"},"canonical":"https:\/\/clashofdecks.com\/fr\/produit\/carte-champion-personnalisee","og_locale":"fr_FR","og_type":"article","og_title":"Carte Champion personnalis\u00e9e - Clash of Decks","og_description":"Les cartes\u00a0Champion sont des cartes que vous devez cr\u00e9er via le g\u00e9n\u00e9rateur de cartes en ligne. Nous avons d\u00e9velopp\u00e9\u00a0un g\u00e9n\u00e9rateur de cartes personnalis\u00e9es en ligne, qui est disponible gratuitement et sans inscription.\u00a0Cet outil vous permet de\u00a0cr\u00e9er VOS propres cartes pour le jeu Clash of Decks !  Exclusivit\u00e9 : ce produit est disponible uniquement sur notre boutique en ligne.  D\u00e9lais de livraison et TVA\u00a0 Les produits de cette boutique en ligne sont exp\u00e9di\u00e9s depuis la France. La TVA est incluse pour les envois vers la France et les pays de l'Union Europ\u00e9enne. Les clients du reste du monde devront s'acquitter d'\u00e9ventuelles taxes ou frais de douane \u00e0 la r\u00e9ception de leur colis, en fonction de la l\u00e9gislation du pays de destination. Les commandes sont pr\u00e9par\u00e9es et exp\u00e9di\u00e9es sous 2 jours ouvr\u00e9s.  Prix libre Tous les articles de la boutique Clash of Decks sont propos\u00e9s \u00e0 prix libre : c\u2019est-\u00e0-dire que c\u2019est \u00e0 vous de d\u00e9finir le prix que vous voulez payez pour chaque article ! Nous vous faisons confiance pour choisir le prix qui vous semble le plus juste, en fonction de vos moyens et en fonction de votre envie de nous soutenir !","og_url":"https:\/\/clashofdecks.com\/fr\/produit\/carte-champion-personnalisee","og_site_name":"Clash of Decks","article_modified_time":"2024-07-24T15:41:36+00:00","og_image":[{"width":1000,"height":1000,"url":"https:\/\/clashofdecks.com\/wp-content\/uploads\/2022\/09\/carte-personnalise-min.jpg","type":"image\/jpeg"}],"twitter_card":"summary_large_image","twitter_misc":{"Dur\u00e9e de lecture estim\u00e9e":"4 minutes"},"schema":{"@context":"https:\/\/schema.org","@graph":[{"@type":"WebPage","@id":"https:\/\/clashofdecks.com\/fr\/produit\/carte-champion-personnalisee","url":"https:\/\/clashofdecks.com\/fr\/produit\/carte-champion-personnalisee","name":"Carte Champion personnalis\u00e9e - Clash of Decks","isPartOf":{"@id":"https:\/\/clashofdecks.com\/fr#website"},"primaryImageOfPage":{"@id":"https:\/\/clashofdecks.com\/fr\/produit\/carte-champion-personnalisee#primaryimage"},"image":{"@id":"https:\/\/clashofdecks.com\/fr\/produit\/carte-champion-personnalisee#primaryimage"},"thumbnailUrl":"https:\/\/clashofdecks.com\/wp-content\/uploads\/2022\/09\/carte-personnalise-min.jpg","datePublished":"2022-08-24T14:11:45+00:00","dateModified":"2024-07-24T15:41:36+00:00","breadcrumb":{"@id":"https:\/\/clashofdecks.com\/fr\/produit\/carte-champion-personnalisee#breadcrumb"},"inLanguage":"fr-FR","potentialAction":[{"@type":"ReadAction","target":["https:\/\/clashofdecks.com\/fr\/produit\/carte-champion-personnalisee"]}]},{"@type":"ImageObject","inLanguage":"fr-FR","@id":"https:\/\/clashofdecks.com\/fr\/produit\/carte-champion-personnalisee#primaryimage","url":"https:\/\/clashofdecks.com\/wp-content\/uploads\/2022\/09\/carte-personnalise-min.jpg","contentUrl":"https:\/\/clashofdecks.com\/wp-content\/uploads\/2022\/09\/carte-personnalise-min.jpg","width":1000,"height":1000},{"@type":"BreadcrumbList","@id":"https:\/\/clashofdecks.com\/fr\/produit\/carte-champion-personnalisee#breadcrumb","itemListElement":[{"@type":"ListItem","position":1,"name":"Accueil","item":"https:\/\/clashofdecks.com\/fr"},{"@type":"ListItem","position":2,"name":"Boutique","item":"https:\/\/clashofdecks.com\/fr\/boutique"},{"@type":"ListItem","position":3,"name":"Carte Champion personnalis\u00e9e"}]},{"@type":"WebSite","@id":"https:\/\/clashofdecks.com\/fr#website","url":"https:\/\/clashofdecks.com\/fr","name":"Clash of Decks","description":"a real FREE-TO-PLAY Card Game!","publisher":{"@id":"https:\/\/clashofdecks.com\/fr#organization"},"potentialAction":[{"@type":"SearchAction","target":{"@type":"EntryPoint","urlTemplate":"https:\/\/clashofdecks.com\/fr?s={search_term_string}"},"query-input":{"@type":"PropertyValueSpecification","valueRequired":true,"valueName":"search_term_string"}}],"inLanguage":"fr-FR"},{"@type":"Organization","@id":"https:\/\/clashofdecks.com\/fr#organization","name":"Clash of Decks","url":"https:\/\/clashofdecks.com\/fr","logo":{"@type":"ImageObject","inLanguage":"fr-FR","@id":"https:\/\/clashofdecks.com\/fr#\/schema\/logo\/image\/","url":"https:\/\/clashofdecks.com\/wp-content\/uploads\/2022\/09\/cropped-cropped-Logo-de-CoD-min.png","contentUrl":"https:\/\/clashofdecks.com\/wp-content\/uploads\/2022\/09\/cropped-cropped-Logo-de-CoD-min.png","width":250,"height":240,"caption":"Clash of Decks"},"image":{"@id":"https:\/\/clashofdecks.com\/fr#\/schema\/logo\/image\/"}}]}},"jetpack_sharing_enabled":true,"_links":{"self":[{"href":"https:\/\/clashofdecks.com\/fr\/wp-json\/wp\/v2\/product\/7577","targetHints":{"allow":["GET"]}}],"collection":[{"href":"https:\/\/clashofdecks.com\/fr\/wp-json\/wp\/v2\/product"}],"about":[{"href":"https:\/\/clashofdecks.com\/fr\/wp-json\/wp\/v2\/types\/product"}],"replies":[{"embeddable":true,"href":"https:\/\/clashofdecks.com\/fr\/wp-json\/wp\/v2\/comments?post=7577"}],"wp:featuredmedia":[{"embeddable":true,"href":"https:\/\/clashofdecks.com\/fr\/wp-json\/wp\/v2\/media\/8416"}],"wp:attachment":[{"href":"https:\/\/clashofdecks.com\/fr\/wp-json\/wp\/v2\/media?parent=7577"}],"wp:term":[{"taxonomy":"product_brand","embeddable":true,"href":"https:\/\/clashofdecks.com\/fr\/wp-json\/wp\/v2\/product_brand?post=7577"},{"taxonomy":"product_cat","embeddable":true,"href":"https:\/\/clashofdecks.com\/fr\/wp-json\/wp\/v2\/product_cat?post=7577"},{"taxonomy":"product_tag","embeddable":true,"href":"https:\/\/clashofdecks.com\/fr\/wp-json\/wp\/v2\/product_tag?post=7577"}],"curies":[{"name":"wp","href":"https:\/\/api.w.org\/{rel}","templated":true}]}}