{"id":7564,"date":"2022-08-24T15:01:26","date_gmt":"2022-08-24T13:01:26","guid":{"rendered":"https:\/\/clashofdecks.com\/?post_type=product&#038;p=7564"},"modified":"2025-09-28T23:24:12","modified_gmt":"2025-09-28T21:24:12","slug":"kit-dinitiation","status":"publish","type":"product","link":"https:\/\/clashofdecks.com\/fr\/produit\/kit-dinitiation","title":{"rendered":"Clash of Decks : Pack d&rsquo;initiation"},"content":{"rendered":"<p><iframe loading=\"lazy\" title=\"Clash of Decks pr\u00e9sent\u00e9 par son auteur\" width=\"950\" height=\"534\" src=\"https:\/\/www.youtube.com\/embed\/51tZr2Oz9Uw?feature=oembed\" frameborder=\"0\" allow=\"accelerometer; autoplay; clipboard-write; encrypted-media; gyroscope; picture-in-picture; web-share\" referrerpolicy=\"strict-origin-when-cross-origin\" allowfullscreen><\/iframe><\/p>\n","protected":false},"excerpt":{"rendered":"<p>Obtenez <strong>gratuitement<\/strong> le PACK D&rsquo;INITIATION (compatible en version anglais \ud83c\uddfa\ud83c\uddf8 et en version fran\u00e7aise \ud83c\uddeb\ud83c\uddf7) de Clash of Decks et passez ensuite au niveau sup\u00e9rieur avec les <a href=\"https:\/\/clashofdecks.com\/fr\/produit\/pack-complet\"><strong>EXTENSIONS AUTONOMES<\/strong><\/a> ! Offre limit\u00e9e \u00e0 1 exemplaire par client.<\/p>\n<p>Clash of Decks est un jeu de cartes et d\u2019affrontement pour 1 \u00e0 2 joueurs, \u00e0 partir de 8 ans, jouable en 15 minutes, con\u00e7u par L\u00e9andre Proust, avec des illustrations du Studio Rexard et \u00e9dit\u00e9 par Grammes \u00c9dition. Dans ce jeu minimaliste \u00e0 information compl\u00e8te, vous devez cr\u00e9er votre arm\u00e9e de 8 cr\u00e9atures et combattre d&rsquo;autres Seigneurs-sorciers pour d\u00e9truire leurs forteresses !<\/p>\n<p>Vous voulez mieux comprendre comment les capacit\u00e9s sp\u00e9ciales fonctionnent et interagissent dans le <strong>PACK D&rsquo;INITIATION<\/strong> de Clash of Decks ? Nous vous recommandons le <a href=\"https:\/\/clashofdecks.com\/fr\/produit\/preco-grimoire-initiation\"><strong>GRIMOIRE : INITIATION<\/strong><\/a> ainsi que le <strong><a href=\"https:\/\/clashofdecks.com\/fr\/produit\/URL%20Slugpreco-livret-de-regles-version-papier\">LIVRET DE REGLES : VERSION PAPIER<\/a><\/strong> !<\/p>\n<p><strong>D\u00e9lais de livraison et TVA\u00a0<\/strong><br \/>\nLes produits de cette boutique en ligne sont exp\u00e9di\u00e9s depuis la France.<br \/>\nLa TVA est incluse pour les envois vers la France et les pays de l&rsquo;Union Europ\u00e9enne. Les clients du reste du monde devront s&rsquo;acquitter d&rsquo;\u00e9ventuelles taxes ou frais de douane \u00e0 la r\u00e9ception de leur colis, en fonction de la l\u00e9gislation du pays de destination. Les commandes sont pr\u00e9par\u00e9es et exp\u00e9di\u00e9es sous 2 jours ouvr\u00e9s, sauf les commandes d&rsquo;un montant de 0\u20ac (avec uniquement un Pack d&rsquo;Initiation) qui sont exp\u00e9di\u00e9es sous 5 semaines maximum.<\/p>\n<p><strong>Prix libre<\/strong><br \/>\nTous les articles de la boutique Clash of Decks sont propos\u00e9s \u00e0 <strong>prix libre<\/strong> : c\u2019est-\u00e0-dire que c\u2019est \u00e0 vous de d\u00e9finir le prix que vous voulez payez pour chaque article ! Nous vous faisons confiance pour choisir le prix qui vous semble le plus juste, en fonction de vos moyens et en fonction de votre envie de nous soutenir !<\/p>\n","protected":false},"featured_media":8400,"comment_status":"closed","ping_status":"closed","template":"","meta":[],"product_brand":[],"product_cat":[50],"product_tag":[],"class_list":{"0":"post-7564","1":"product","2":"type-product","3":"status-publish","4":"has-post-thumbnail","6":"product_cat-non-classe-fr","8":"first","9":"outofstock","10":"virtual","11":"sold-individually","12":"taxable","13":"purchasable","14":"product-type-simple"},"yoast_head":"<!-- This site is optimized with the Yoast SEO plugin v27.4 - https:\/\/yoast.com\/product\/yoast-seo-wordpress\/ -->\n<title>Clash of Decks : Pack d&#039;initiation - Clash of Decks<\/title>\n<meta name=\"robots\" content=\"index, follow, max-snippet:-1, max-image-preview:large, max-video-preview:-1\" \/>\n<link rel=\"canonical\" href=\"https:\/\/clashofdecks.com\/fr\/produit\/kit-dinitiation\" \/>\n<meta property=\"og:locale\" content=\"fr_FR\" \/>\n<meta property=\"og:type\" content=\"article\" \/>\n<meta property=\"og:title\" content=\"Clash of Decks : Pack d&#039;initiation - Clash of Decks\" \/>\n<meta property=\"og:description\" content=\"Obtenez gratuitement le PACK D&#039;INITIATION (compatible en version anglais \ud83c\uddfa\ud83c\uddf8 et en version fran\u00e7aise \ud83c\uddeb\ud83c\uddf7) de Clash of Decks et passez ensuite au niveau sup\u00e9rieur avec les EXTENSIONS AUTONOMES ! Offre limit\u00e9e \u00e0 1 exemplaire par client.  Clash of Decks est un jeu de cartes et d\u2019affrontement pour 1 \u00e0 2 joueurs, \u00e0 partir de 8 ans, jouable en 15 minutes, con\u00e7u par L\u00e9andre Proust, avec des illustrations du Studio Rexard et \u00e9dit\u00e9 par Grammes \u00c9dition. Dans ce jeu minimaliste \u00e0 information compl\u00e8te, vous devez cr\u00e9er votre arm\u00e9e de 8 cr\u00e9atures et combattre d&#039;autres Seigneurs-sorciers pour d\u00e9truire leurs forteresses !  Vous voulez mieux comprendre comment les capacit\u00e9s sp\u00e9ciales fonctionnent et interagissent dans le PACK D&#039;INITIATION de Clash of Decks ? Nous vous recommandons le GRIMOIRE : INITIATION ainsi que le LIVRET DE REGLES : VERSION PAPIER !  D\u00e9lais de livraison et TVA\u00a0 Les produits de cette boutique en ligne sont exp\u00e9di\u00e9s depuis la France. La TVA est incluse pour les envois vers la France et les pays de l&#039;Union Europ\u00e9enne. Les clients du reste du monde devront s&#039;acquitter d&#039;\u00e9ventuelles taxes ou frais de douane \u00e0 la r\u00e9ception de leur colis, en fonction de la l\u00e9gislation du pays de destination. Les commandes sont pr\u00e9par\u00e9es et exp\u00e9di\u00e9es sous 2 jours ouvr\u00e9s, sauf les commandes d&#039;un montant de 0\u20ac (avec uniquement un Pack d&#039;Initiation) qui sont exp\u00e9di\u00e9es sous 5 semaines maximum.  Prix libre Tous les articles de la boutique Clash of Decks sont propos\u00e9s \u00e0 prix libre : c\u2019est-\u00e0-dire que c\u2019est \u00e0 vous de d\u00e9finir le prix que vous voulez payez pour chaque article ! Nous vous faisons confiance pour choisir le prix qui vous semble le plus juste, en fonction de vos moyens et en fonction de votre envie de nous soutenir !\" \/>\n<meta property=\"og:url\" content=\"https:\/\/clashofdecks.com\/fr\/produit\/kit-dinitiation\" \/>\n<meta property=\"og:site_name\" content=\"Clash of Decks\" \/>\n<meta property=\"article:modified_time\" content=\"2025-09-28T21:24:12+00:00\" \/>\n<meta property=\"og:image\" content=\"https:\/\/clashofdecks.com\/wp-content\/uploads\/2022\/09\/Clash-of-Decks-0-initiantion-min.jpg\" \/>\n\t<meta property=\"og:image:width\" content=\"1000\" \/>\n\t<meta property=\"og:image:height\" content=\"1000\" \/>\n\t<meta property=\"og:image:type\" content=\"image\/jpeg\" \/>\n<meta name=\"twitter:card\" content=\"summary_large_image\" \/>\n<meta name=\"twitter:label1\" content=\"Dur\u00e9e de lecture estim\u00e9e\" \/>\n\t<meta name=\"twitter:data1\" content=\"1 minute\" \/>\n<script type=\"application\/ld+json\" class=\"yoast-schema-graph\">{\"@context\":\"https:\\\/\\\/schema.org\",\"@graph\":[{\"@type\":\"WebPage\",\"@id\":\"https:\\\/\\\/clashofdecks.com\\\/fr\\\/produit\\\/kit-dinitiation\",\"url\":\"https:\\\/\\\/clashofdecks.com\\\/fr\\\/produit\\\/kit-dinitiation\",\"name\":\"Clash of Decks : Pack d'initiation - Clash of Decks\",\"isPartOf\":{\"@id\":\"https:\\\/\\\/clashofdecks.com\\\/fr#website\"},\"primaryImageOfPage\":{\"@id\":\"https:\\\/\\\/clashofdecks.com\\\/fr\\\/produit\\\/kit-dinitiation#primaryimage\"},\"image\":{\"@id\":\"https:\\\/\\\/clashofdecks.com\\\/fr\\\/produit\\\/kit-dinitiation#primaryimage\"},\"thumbnailUrl\":\"https:\\\/\\\/clashofdecks.com\\\/wp-content\\\/uploads\\\/2022\\\/09\\\/Clash-of-Decks-0-initiantion-min.jpg\",\"datePublished\":\"2022-08-24T13:01:26+00:00\",\"dateModified\":\"2025-09-28T21:24:12+00:00\",\"breadcrumb\":{\"@id\":\"https:\\\/\\\/clashofdecks.com\\\/fr\\\/produit\\\/kit-dinitiation#breadcrumb\"},\"inLanguage\":\"fr-FR\",\"potentialAction\":[{\"@type\":\"ReadAction\",\"target\":[\"https:\\\/\\\/clashofdecks.com\\\/fr\\\/produit\\\/kit-dinitiation\"]}]},{\"@type\":\"ImageObject\",\"inLanguage\":\"fr-FR\",\"@id\":\"https:\\\/\\\/clashofdecks.com\\\/fr\\\/produit\\\/kit-dinitiation#primaryimage\",\"url\":\"https:\\\/\\\/clashofdecks.com\\\/wp-content\\\/uploads\\\/2022\\\/09\\\/Clash-of-Decks-0-initiantion-min.jpg\",\"contentUrl\":\"https:\\\/\\\/clashofdecks.com\\\/wp-content\\\/uploads\\\/2022\\\/09\\\/Clash-of-Decks-0-initiantion-min.jpg\",\"width\":1000,\"height\":1000},{\"@type\":\"BreadcrumbList\",\"@id\":\"https:\\\/\\\/clashofdecks.com\\\/fr\\\/produit\\\/kit-dinitiation#breadcrumb\",\"itemListElement\":[{\"@type\":\"ListItem\",\"position\":1,\"name\":\"Accueil\",\"item\":\"https:\\\/\\\/clashofdecks.com\\\/fr\"},{\"@type\":\"ListItem\",\"position\":2,\"name\":\"Boutique\",\"item\":\"https:\\\/\\\/clashofdecks.com\\\/fr\\\/boutique\"},{\"@type\":\"ListItem\",\"position\":3,\"name\":\"Clash of Decks : Pack d&#8217;initiation\"}]},{\"@type\":\"WebSite\",\"@id\":\"https:\\\/\\\/clashofdecks.com\\\/fr#website\",\"url\":\"https:\\\/\\\/clashofdecks.com\\\/fr\",\"name\":\"Clash of Decks\",\"description\":\"a real FREE-TO-PLAY Card Game!\",\"publisher\":{\"@id\":\"https:\\\/\\\/clashofdecks.com\\\/fr#organization\"},\"potentialAction\":[{\"@type\":\"SearchAction\",\"target\":{\"@type\":\"EntryPoint\",\"urlTemplate\":\"https:\\\/\\\/clashofdecks.com\\\/fr?s={search_term_string}\"},\"query-input\":{\"@type\":\"PropertyValueSpecification\",\"valueRequired\":true,\"valueName\":\"search_term_string\"}}],\"inLanguage\":\"fr-FR\"},{\"@type\":\"Organization\",\"@id\":\"https:\\\/\\\/clashofdecks.com\\\/fr#organization\",\"name\":\"Clash of Decks\",\"url\":\"https:\\\/\\\/clashofdecks.com\\\/fr\",\"logo\":{\"@type\":\"ImageObject\",\"inLanguage\":\"fr-FR\",\"@id\":\"https:\\\/\\\/clashofdecks.com\\\/fr#\\\/schema\\\/logo\\\/image\\\/\",\"url\":\"https:\\\/\\\/clashofdecks.com\\\/wp-content\\\/uploads\\\/2022\\\/09\\\/cropped-cropped-Logo-de-CoD-min.png\",\"contentUrl\":\"https:\\\/\\\/clashofdecks.com\\\/wp-content\\\/uploads\\\/2022\\\/09\\\/cropped-cropped-Logo-de-CoD-min.png\",\"width\":250,\"height\":240,\"caption\":\"Clash of Decks\"},\"image\":{\"@id\":\"https:\\\/\\\/clashofdecks.com\\\/fr#\\\/schema\\\/logo\\\/image\\\/\"}}]}<\/script>\n<!-- \/ Yoast SEO plugin. -->","yoast_head_json":{"title":"Clash of Decks : Pack d'initiation - Clash of Decks","robots":{"index":"index","follow":"follow","max-snippet":"max-snippet:-1","max-image-preview":"max-image-preview:large","max-video-preview":"max-video-preview:-1"},"canonical":"https:\/\/clashofdecks.com\/fr\/produit\/kit-dinitiation","og_locale":"fr_FR","og_type":"article","og_title":"Clash of Decks : Pack d'initiation - Clash of Decks","og_description":"Obtenez gratuitement le PACK D'INITIATION (compatible en version anglais \ud83c\uddfa\ud83c\uddf8 et en version fran\u00e7aise \ud83c\uddeb\ud83c\uddf7) de Clash of Decks et passez ensuite au niveau sup\u00e9rieur avec les EXTENSIONS AUTONOMES ! Offre limit\u00e9e \u00e0 1 exemplaire par client.  Clash of Decks est un jeu de cartes et d\u2019affrontement pour 1 \u00e0 2 joueurs, \u00e0 partir de 8 ans, jouable en 15 minutes, con\u00e7u par L\u00e9andre Proust, avec des illustrations du Studio Rexard et \u00e9dit\u00e9 par Grammes \u00c9dition. Dans ce jeu minimaliste \u00e0 information compl\u00e8te, vous devez cr\u00e9er votre arm\u00e9e de 8 cr\u00e9atures et combattre d'autres Seigneurs-sorciers pour d\u00e9truire leurs forteresses !  Vous voulez mieux comprendre comment les capacit\u00e9s sp\u00e9ciales fonctionnent et interagissent dans le PACK D'INITIATION de Clash of Decks ? Nous vous recommandons le GRIMOIRE : INITIATION ainsi que le LIVRET DE REGLES : VERSION PAPIER !  D\u00e9lais de livraison et TVA\u00a0 Les produits de cette boutique en ligne sont exp\u00e9di\u00e9s depuis la France. La TVA est incluse pour les envois vers la France et les pays de l'Union Europ\u00e9enne. Les clients du reste du monde devront s'acquitter d'\u00e9ventuelles taxes ou frais de douane \u00e0 la r\u00e9ception de leur colis, en fonction de la l\u00e9gislation du pays de destination. Les commandes sont pr\u00e9par\u00e9es et exp\u00e9di\u00e9es sous 2 jours ouvr\u00e9s, sauf les commandes d'un montant de 0\u20ac (avec uniquement un Pack d'Initiation) qui sont exp\u00e9di\u00e9es sous 5 semaines maximum.  Prix libre Tous les articles de la boutique Clash of Decks sont propos\u00e9s \u00e0 prix libre : c\u2019est-\u00e0-dire que c\u2019est \u00e0 vous de d\u00e9finir le prix que vous voulez payez pour chaque article ! Nous vous faisons confiance pour choisir le prix qui vous semble le plus juste, en fonction de vos moyens et en fonction de votre envie de nous soutenir !","og_url":"https:\/\/clashofdecks.com\/fr\/produit\/kit-dinitiation","og_site_name":"Clash of Decks","article_modified_time":"2025-09-28T21:24:12+00:00","og_image":[{"width":1000,"height":1000,"url":"https:\/\/clashofdecks.com\/wp-content\/uploads\/2022\/09\/Clash-of-Decks-0-initiantion-min.jpg","type":"image\/jpeg"}],"twitter_card":"summary_large_image","twitter_misc":{"Dur\u00e9e de lecture estim\u00e9e":"1 minute"},"schema":{"@context":"https:\/\/schema.org","@graph":[{"@type":"WebPage","@id":"https:\/\/clashofdecks.com\/fr\/produit\/kit-dinitiation","url":"https:\/\/clashofdecks.com\/fr\/produit\/kit-dinitiation","name":"Clash of Decks : Pack d'initiation - Clash of Decks","isPartOf":{"@id":"https:\/\/clashofdecks.com\/fr#website"},"primaryImageOfPage":{"@id":"https:\/\/clashofdecks.com\/fr\/produit\/kit-dinitiation#primaryimage"},"image":{"@id":"https:\/\/clashofdecks.com\/fr\/produit\/kit-dinitiation#primaryimage"},"thumbnailUrl":"https:\/\/clashofdecks.com\/wp-content\/uploads\/2022\/09\/Clash-of-Decks-0-initiantion-min.jpg","datePublished":"2022-08-24T13:01:26+00:00","dateModified":"2025-09-28T21:24:12+00:00","breadcrumb":{"@id":"https:\/\/clashofdecks.com\/fr\/produit\/kit-dinitiation#breadcrumb"},"inLanguage":"fr-FR","potentialAction":[{"@type":"ReadAction","target":["https:\/\/clashofdecks.com\/fr\/produit\/kit-dinitiation"]}]},{"@type":"ImageObject","inLanguage":"fr-FR","@id":"https:\/\/clashofdecks.com\/fr\/produit\/kit-dinitiation#primaryimage","url":"https:\/\/clashofdecks.com\/wp-content\/uploads\/2022\/09\/Clash-of-Decks-0-initiantion-min.jpg","contentUrl":"https:\/\/clashofdecks.com\/wp-content\/uploads\/2022\/09\/Clash-of-Decks-0-initiantion-min.jpg","width":1000,"height":1000},{"@type":"BreadcrumbList","@id":"https:\/\/clashofdecks.com\/fr\/produit\/kit-dinitiation#breadcrumb","itemListElement":[{"@type":"ListItem","position":1,"name":"Accueil","item":"https:\/\/clashofdecks.com\/fr"},{"@type":"ListItem","position":2,"name":"Boutique","item":"https:\/\/clashofdecks.com\/fr\/boutique"},{"@type":"ListItem","position":3,"name":"Clash of Decks : Pack d&#8217;initiation"}]},{"@type":"WebSite","@id":"https:\/\/clashofdecks.com\/fr#website","url":"https:\/\/clashofdecks.com\/fr","name":"Clash of Decks","description":"a real FREE-TO-PLAY Card Game!","publisher":{"@id":"https:\/\/clashofdecks.com\/fr#organization"},"potentialAction":[{"@type":"SearchAction","target":{"@type":"EntryPoint","urlTemplate":"https:\/\/clashofdecks.com\/fr?s={search_term_string}"},"query-input":{"@type":"PropertyValueSpecification","valueRequired":true,"valueName":"search_term_string"}}],"inLanguage":"fr-FR"},{"@type":"Organization","@id":"https:\/\/clashofdecks.com\/fr#organization","name":"Clash of Decks","url":"https:\/\/clashofdecks.com\/fr","logo":{"@type":"ImageObject","inLanguage":"fr-FR","@id":"https:\/\/clashofdecks.com\/fr#\/schema\/logo\/image\/","url":"https:\/\/clashofdecks.com\/wp-content\/uploads\/2022\/09\/cropped-cropped-Logo-de-CoD-min.png","contentUrl":"https:\/\/clashofdecks.com\/wp-content\/uploads\/2022\/09\/cropped-cropped-Logo-de-CoD-min.png","width":250,"height":240,"caption":"Clash of Decks"},"image":{"@id":"https:\/\/clashofdecks.com\/fr#\/schema\/logo\/image\/"}}]}},"jetpack_sharing_enabled":true,"_links":{"self":[{"href":"https:\/\/clashofdecks.com\/fr\/wp-json\/wp\/v2\/product\/7564","targetHints":{"allow":["GET"]}}],"collection":[{"href":"https:\/\/clashofdecks.com\/fr\/wp-json\/wp\/v2\/product"}],"about":[{"href":"https:\/\/clashofdecks.com\/fr\/wp-json\/wp\/v2\/types\/product"}],"replies":[{"embeddable":true,"href":"https:\/\/clashofdecks.com\/fr\/wp-json\/wp\/v2\/comments?post=7564"}],"wp:featuredmedia":[{"embeddable":true,"href":"https:\/\/clashofdecks.com\/fr\/wp-json\/wp\/v2\/media\/8400"}],"wp:attachment":[{"href":"https:\/\/clashofdecks.com\/fr\/wp-json\/wp\/v2\/media?parent=7564"}],"wp:term":[{"taxonomy":"product_brand","embeddable":true,"href":"https:\/\/clashofdecks.com\/fr\/wp-json\/wp\/v2\/product_brand?post=7564"},{"taxonomy":"product_cat","embeddable":true,"href":"https:\/\/clashofdecks.com\/fr\/wp-json\/wp\/v2\/product_cat?post=7564"},{"taxonomy":"product_tag","embeddable":true,"href":"https:\/\/clashofdecks.com\/fr\/wp-json\/wp\/v2\/product_tag?post=7564"}],"curies":[{"name":"wp","href":"https:\/\/api.w.org\/{rel}","templated":true}]}}