{"id":21006,"date":"2024-04-13T15:16:13","date_gmt":"2024-04-13T13:16:13","guid":{"rendered":"https:\/\/clashofdecks.com\/?post_type=product&#038;p=21006"},"modified":"2024-07-24T20:52:54","modified_gmt":"2024-07-24T18:52:54","slug":"kit-pour-deck-personnalise","status":"publish","type":"product","link":"https:\/\/clashofdecks.com\/fr\/produit\/kit-pour-deck-personnalise","title":{"rendered":"Kit pour deck personnalis\u00e9"},"content":{"rendered":"<p><iframe loading=\"lazy\" title=\"Clash of Decks: Print on Demand - Custom Champion Card\" width=\"950\" height=\"534\" src=\"https:\/\/www.youtube.com\/embed\/TQToUdTIkq0?start=4&#038;feature=oembed\" frameborder=\"0\" allow=\"accelerometer; autoplay; clipboard-write; encrypted-media; gyroscope; picture-in-picture; web-share\" referrerpolicy=\"strict-origin-when-cross-origin\" allowfullscreen><\/iframe><\/p>\n","protected":false},"excerpt":{"rendered":"<p>Nous vous recommandons d&rsquo;ajouter ce kit \u00e0 votre premi\u00e8re commande de <a href=\"https:\/\/clashofdecks.com\/fr\/produit\/print-on-demand\">deck personnalis\u00e9<\/a>.<br \/>\nCe kit est compos\u00e9 de <strong>2 cartes Pont<\/strong> et <strong>2 cartes Bastion \/ Fort<\/strong> imprim\u00e9es sur des cartes PVC 0.3 en qualit\u00e9 premium.<\/p>\n<p><strong>D\u00e9lais de livraison et TVA\u00a0<\/strong><br \/>\nLes produits de cette boutique en ligne sont exp\u00e9di\u00e9s depuis la France.<br \/>\nLa TVA est incluse pour les envois vers la France et les pays de l&rsquo;Union Europ\u00e9enne. Les clients du reste du monde devront s&rsquo;acquitter d&rsquo;\u00e9ventuelles taxes ou frais de douane \u00e0 la r\u00e9ception de leur colis, en fonction de la l\u00e9gislation du pays de destination. Les commandes sont pr\u00e9par\u00e9es et exp\u00e9di\u00e9es sous 2 jours ouvr\u00e9s.<\/p>\n<p><strong>Prix libre<\/strong><br \/>\nTous les articles de la boutique Clash of Decks sont propos\u00e9s \u00e0 <strong>prix libre<\/strong> : c\u2019est-\u00e0-dire que c\u2019est \u00e0 vous de d\u00e9finir le prix que vous voulez payez pour chaque article ! Nous vous faisons confiance pour choisir le prix qui vous semble le plus juste, en fonction de vos moyens et en fonction de votre envie de nous soutenir !<\/p>\n","protected":false},"featured_media":21008,"comment_status":"closed","ping_status":"closed","template":"","meta":[],"product_brand":[],"product_cat":[50],"product_tag":[],"class_list":{"0":"post-21006","1":"product","2":"type-product","3":"status-publish","4":"has-post-thumbnail","6":"product_cat-non-classe-fr","8":"first","9":"instock","10":"sold-individually","11":"taxable","12":"shipping-taxable","13":"purchasable","14":"product-type-simple"},"yoast_head":"<!-- This site is optimized with the Yoast SEO plugin v27.3 - https:\/\/yoast.com\/product\/yoast-seo-wordpress\/ -->\n<title>Kit pour deck personnalis\u00e9 - Clash of Decks<\/title>\n<meta name=\"robots\" content=\"index, follow, max-snippet:-1, max-image-preview:large, max-video-preview:-1\" \/>\n<link rel=\"canonical\" href=\"https:\/\/clashofdecks.com\/fr\/produit\/kit-pour-deck-personnalise\" \/>\n<meta property=\"og:locale\" content=\"fr_FR\" \/>\n<meta property=\"og:type\" content=\"article\" \/>\n<meta property=\"og:title\" content=\"Kit pour deck personnalis\u00e9 - Clash of Decks\" \/>\n<meta property=\"og:description\" content=\"Nous vous recommandons d&#039;ajouter ce kit \u00e0 votre premi\u00e8re commande de deck personnalis\u00e9. Ce kit est compos\u00e9 de 2 cartes Pont et 2 cartes Bastion \/ Fort imprim\u00e9es sur des cartes PVC 0.3 en qualit\u00e9 premium.  D\u00e9lais de livraison et TVA\u00a0 Les produits de cette boutique en ligne sont exp\u00e9di\u00e9s depuis la France. La TVA est incluse pour les envois vers la France et les pays de l&#039;Union Europ\u00e9enne. Les clients du reste du monde devront s&#039;acquitter d&#039;\u00e9ventuelles taxes ou frais de douane \u00e0 la r\u00e9ception de leur colis, en fonction de la l\u00e9gislation du pays de destination. Les commandes sont pr\u00e9par\u00e9es et exp\u00e9di\u00e9es sous 2 jours ouvr\u00e9s.  Prix libre Tous les articles de la boutique Clash of Decks sont propos\u00e9s \u00e0 prix libre : c\u2019est-\u00e0-dire que c\u2019est \u00e0 vous de d\u00e9finir le prix que vous voulez payez pour chaque article ! Nous vous faisons confiance pour choisir le prix qui vous semble le plus juste, en fonction de vos moyens et en fonction de votre envie de nous soutenir !\" \/>\n<meta property=\"og:url\" content=\"https:\/\/clashofdecks.com\/fr\/produit\/kit-pour-deck-personnalise\" \/>\n<meta property=\"og:site_name\" content=\"Clash of Decks\" \/>\n<meta property=\"article:modified_time\" content=\"2024-07-24T18:52:54+00:00\" \/>\n<meta property=\"og:image\" content=\"https:\/\/clashofdecks.com\/wp-content\/uploads\/2024\/04\/kitdeck.png\" \/>\n\t<meta property=\"og:image:width\" content=\"1024\" \/>\n\t<meta property=\"og:image:height\" content=\"1024\" \/>\n\t<meta property=\"og:image:type\" content=\"image\/png\" \/>\n<meta name=\"twitter:card\" content=\"summary_large_image\" \/>\n<meta name=\"twitter:label1\" content=\"Dur\u00e9e de lecture estim\u00e9e\" \/>\n\t<meta name=\"twitter:data1\" content=\"1 minute\" \/>\n<script type=\"application\/ld+json\" class=\"yoast-schema-graph\">{\"@context\":\"https:\\\/\\\/schema.org\",\"@graph\":[{\"@type\":\"WebPage\",\"@id\":\"https:\\\/\\\/clashofdecks.com\\\/fr\\\/produit\\\/kit-pour-deck-personnalise\",\"url\":\"https:\\\/\\\/clashofdecks.com\\\/fr\\\/produit\\\/kit-pour-deck-personnalise\",\"name\":\"Kit pour deck personnalis\u00e9 - Clash of Decks\",\"isPartOf\":{\"@id\":\"https:\\\/\\\/clashofdecks.com\\\/fr#website\"},\"primaryImageOfPage\":{\"@id\":\"https:\\\/\\\/clashofdecks.com\\\/fr\\\/produit\\\/kit-pour-deck-personnalise#primaryimage\"},\"image\":{\"@id\":\"https:\\\/\\\/clashofdecks.com\\\/fr\\\/produit\\\/kit-pour-deck-personnalise#primaryimage\"},\"thumbnailUrl\":\"https:\\\/\\\/clashofdecks.com\\\/wp-content\\\/uploads\\\/2024\\\/04\\\/kitdeck.png\",\"datePublished\":\"2024-04-13T13:16:13+00:00\",\"dateModified\":\"2024-07-24T18:52:54+00:00\",\"breadcrumb\":{\"@id\":\"https:\\\/\\\/clashofdecks.com\\\/fr\\\/produit\\\/kit-pour-deck-personnalise#breadcrumb\"},\"inLanguage\":\"fr-FR\",\"potentialAction\":[{\"@type\":\"ReadAction\",\"target\":[\"https:\\\/\\\/clashofdecks.com\\\/fr\\\/produit\\\/kit-pour-deck-personnalise\"]}]},{\"@type\":\"ImageObject\",\"inLanguage\":\"fr-FR\",\"@id\":\"https:\\\/\\\/clashofdecks.com\\\/fr\\\/produit\\\/kit-pour-deck-personnalise#primaryimage\",\"url\":\"https:\\\/\\\/clashofdecks.com\\\/wp-content\\\/uploads\\\/2024\\\/04\\\/kitdeck.png\",\"contentUrl\":\"https:\\\/\\\/clashofdecks.com\\\/wp-content\\\/uploads\\\/2024\\\/04\\\/kitdeck.png\",\"width\":1024,\"height\":1024},{\"@type\":\"BreadcrumbList\",\"@id\":\"https:\\\/\\\/clashofdecks.com\\\/fr\\\/produit\\\/kit-pour-deck-personnalise#breadcrumb\",\"itemListElement\":[{\"@type\":\"ListItem\",\"position\":1,\"name\":\"Accueil\",\"item\":\"https:\\\/\\\/clashofdecks.com\\\/fr\"},{\"@type\":\"ListItem\",\"position\":2,\"name\":\"Boutique\",\"item\":\"https:\\\/\\\/clashofdecks.com\\\/fr\\\/boutique\"},{\"@type\":\"ListItem\",\"position\":3,\"name\":\"Kit pour deck personnalis\u00e9\"}]},{\"@type\":\"WebSite\",\"@id\":\"https:\\\/\\\/clashofdecks.com\\\/fr#website\",\"url\":\"https:\\\/\\\/clashofdecks.com\\\/fr\",\"name\":\"Clash of Decks\",\"description\":\"a real FREE-TO-PLAY Card Game!\",\"publisher\":{\"@id\":\"https:\\\/\\\/clashofdecks.com\\\/fr#organization\"},\"potentialAction\":[{\"@type\":\"SearchAction\",\"target\":{\"@type\":\"EntryPoint\",\"urlTemplate\":\"https:\\\/\\\/clashofdecks.com\\\/fr?s={search_term_string}\"},\"query-input\":{\"@type\":\"PropertyValueSpecification\",\"valueRequired\":true,\"valueName\":\"search_term_string\"}}],\"inLanguage\":\"fr-FR\"},{\"@type\":\"Organization\",\"@id\":\"https:\\\/\\\/clashofdecks.com\\\/fr#organization\",\"name\":\"Clash of Decks\",\"url\":\"https:\\\/\\\/clashofdecks.com\\\/fr\",\"logo\":{\"@type\":\"ImageObject\",\"inLanguage\":\"fr-FR\",\"@id\":\"https:\\\/\\\/clashofdecks.com\\\/fr#\\\/schema\\\/logo\\\/image\\\/\",\"url\":\"https:\\\/\\\/clashofdecks.com\\\/wp-content\\\/uploads\\\/2022\\\/09\\\/cropped-cropped-Logo-de-CoD-min.png\",\"contentUrl\":\"https:\\\/\\\/clashofdecks.com\\\/wp-content\\\/uploads\\\/2022\\\/09\\\/cropped-cropped-Logo-de-CoD-min.png\",\"width\":250,\"height\":240,\"caption\":\"Clash of Decks\"},\"image\":{\"@id\":\"https:\\\/\\\/clashofdecks.com\\\/fr#\\\/schema\\\/logo\\\/image\\\/\"}}]}<\/script>\n<!-- \/ Yoast SEO plugin. -->","yoast_head_json":{"title":"Kit pour deck personnalis\u00e9 - Clash of Decks","robots":{"index":"index","follow":"follow","max-snippet":"max-snippet:-1","max-image-preview":"max-image-preview:large","max-video-preview":"max-video-preview:-1"},"canonical":"https:\/\/clashofdecks.com\/fr\/produit\/kit-pour-deck-personnalise","og_locale":"fr_FR","og_type":"article","og_title":"Kit pour deck personnalis\u00e9 - Clash of Decks","og_description":"Nous vous recommandons d'ajouter ce kit \u00e0 votre premi\u00e8re commande de deck personnalis\u00e9. Ce kit est compos\u00e9 de 2 cartes Pont et 2 cartes Bastion \/ Fort imprim\u00e9es sur des cartes PVC 0.3 en qualit\u00e9 premium.  D\u00e9lais de livraison et TVA\u00a0 Les produits de cette boutique en ligne sont exp\u00e9di\u00e9s depuis la France. La TVA est incluse pour les envois vers la France et les pays de l'Union Europ\u00e9enne. Les clients du reste du monde devront s'acquitter d'\u00e9ventuelles taxes ou frais de douane \u00e0 la r\u00e9ception de leur colis, en fonction de la l\u00e9gislation du pays de destination. Les commandes sont pr\u00e9par\u00e9es et exp\u00e9di\u00e9es sous 2 jours ouvr\u00e9s.  Prix libre Tous les articles de la boutique Clash of Decks sont propos\u00e9s \u00e0 prix libre : c\u2019est-\u00e0-dire que c\u2019est \u00e0 vous de d\u00e9finir le prix que vous voulez payez pour chaque article ! Nous vous faisons confiance pour choisir le prix qui vous semble le plus juste, en fonction de vos moyens et en fonction de votre envie de nous soutenir !","og_url":"https:\/\/clashofdecks.com\/fr\/produit\/kit-pour-deck-personnalise","og_site_name":"Clash of Decks","article_modified_time":"2024-07-24T18:52:54+00:00","og_image":[{"width":1024,"height":1024,"url":"https:\/\/clashofdecks.com\/wp-content\/uploads\/2024\/04\/kitdeck.png","type":"image\/png"}],"twitter_card":"summary_large_image","twitter_misc":{"Dur\u00e9e de lecture estim\u00e9e":"1 minute"},"schema":{"@context":"https:\/\/schema.org","@graph":[{"@type":"WebPage","@id":"https:\/\/clashofdecks.com\/fr\/produit\/kit-pour-deck-personnalise","url":"https:\/\/clashofdecks.com\/fr\/produit\/kit-pour-deck-personnalise","name":"Kit pour deck personnalis\u00e9 - Clash of Decks","isPartOf":{"@id":"https:\/\/clashofdecks.com\/fr#website"},"primaryImageOfPage":{"@id":"https:\/\/clashofdecks.com\/fr\/produit\/kit-pour-deck-personnalise#primaryimage"},"image":{"@id":"https:\/\/clashofdecks.com\/fr\/produit\/kit-pour-deck-personnalise#primaryimage"},"thumbnailUrl":"https:\/\/clashofdecks.com\/wp-content\/uploads\/2024\/04\/kitdeck.png","datePublished":"2024-04-13T13:16:13+00:00","dateModified":"2024-07-24T18:52:54+00:00","breadcrumb":{"@id":"https:\/\/clashofdecks.com\/fr\/produit\/kit-pour-deck-personnalise#breadcrumb"},"inLanguage":"fr-FR","potentialAction":[{"@type":"ReadAction","target":["https:\/\/clashofdecks.com\/fr\/produit\/kit-pour-deck-personnalise"]}]},{"@type":"ImageObject","inLanguage":"fr-FR","@id":"https:\/\/clashofdecks.com\/fr\/produit\/kit-pour-deck-personnalise#primaryimage","url":"https:\/\/clashofdecks.com\/wp-content\/uploads\/2024\/04\/kitdeck.png","contentUrl":"https:\/\/clashofdecks.com\/wp-content\/uploads\/2024\/04\/kitdeck.png","width":1024,"height":1024},{"@type":"BreadcrumbList","@id":"https:\/\/clashofdecks.com\/fr\/produit\/kit-pour-deck-personnalise#breadcrumb","itemListElement":[{"@type":"ListItem","position":1,"name":"Accueil","item":"https:\/\/clashofdecks.com\/fr"},{"@type":"ListItem","position":2,"name":"Boutique","item":"https:\/\/clashofdecks.com\/fr\/boutique"},{"@type":"ListItem","position":3,"name":"Kit pour deck personnalis\u00e9"}]},{"@type":"WebSite","@id":"https:\/\/clashofdecks.com\/fr#website","url":"https:\/\/clashofdecks.com\/fr","name":"Clash of Decks","description":"a real FREE-TO-PLAY Card Game!","publisher":{"@id":"https:\/\/clashofdecks.com\/fr#organization"},"potentialAction":[{"@type":"SearchAction","target":{"@type":"EntryPoint","urlTemplate":"https:\/\/clashofdecks.com\/fr?s={search_term_string}"},"query-input":{"@type":"PropertyValueSpecification","valueRequired":true,"valueName":"search_term_string"}}],"inLanguage":"fr-FR"},{"@type":"Organization","@id":"https:\/\/clashofdecks.com\/fr#organization","name":"Clash of Decks","url":"https:\/\/clashofdecks.com\/fr","logo":{"@type":"ImageObject","inLanguage":"fr-FR","@id":"https:\/\/clashofdecks.com\/fr#\/schema\/logo\/image\/","url":"https:\/\/clashofdecks.com\/wp-content\/uploads\/2022\/09\/cropped-cropped-Logo-de-CoD-min.png","contentUrl":"https:\/\/clashofdecks.com\/wp-content\/uploads\/2022\/09\/cropped-cropped-Logo-de-CoD-min.png","width":250,"height":240,"caption":"Clash of Decks"},"image":{"@id":"https:\/\/clashofdecks.com\/fr#\/schema\/logo\/image\/"}}]}},"jetpack_sharing_enabled":true,"_links":{"self":[{"href":"https:\/\/clashofdecks.com\/fr\/wp-json\/wp\/v2\/product\/21006","targetHints":{"allow":["GET"]}}],"collection":[{"href":"https:\/\/clashofdecks.com\/fr\/wp-json\/wp\/v2\/product"}],"about":[{"href":"https:\/\/clashofdecks.com\/fr\/wp-json\/wp\/v2\/types\/product"}],"replies":[{"embeddable":true,"href":"https:\/\/clashofdecks.com\/fr\/wp-json\/wp\/v2\/comments?post=21006"}],"wp:featuredmedia":[{"embeddable":true,"href":"https:\/\/clashofdecks.com\/fr\/wp-json\/wp\/v2\/media\/21008"}],"wp:attachment":[{"href":"https:\/\/clashofdecks.com\/fr\/wp-json\/wp\/v2\/media?parent=21006"}],"wp:term":[{"taxonomy":"product_brand","embeddable":true,"href":"https:\/\/clashofdecks.com\/fr\/wp-json\/wp\/v2\/product_brand?post=21006"},{"taxonomy":"product_cat","embeddable":true,"href":"https:\/\/clashofdecks.com\/fr\/wp-json\/wp\/v2\/product_cat?post=21006"},{"taxonomy":"product_tag","embeddable":true,"href":"https:\/\/clashofdecks.com\/fr\/wp-json\/wp\/v2\/product_tag?post=21006"}],"curies":[{"name":"wp","href":"https:\/\/api.w.org\/{rel}","templated":true}]}}