{"id":19198,"date":"2023-07-03T20:56:21","date_gmt":"2023-07-03T18:56:21","guid":{"rendered":"https:\/\/clashofdecks.com\/?post_type=product&#038;p=19198"},"modified":"2025-11-29T22:30:37","modified_gmt":"2025-11-29T21:30:37","slug":"preco-grimoire-ebrechement","status":"publish","type":"product","link":"https:\/\/clashofdecks.com\/fr\/produit\/preco-grimoire-ebrechement","title":{"rendered":"Grimoire : Ebr\u00e8chement"},"content":{"rendered":"","protected":false},"excerpt":{"rendered":"<p>Ce <strong>GRIMOIRE : EBRECHEMENT<\/strong> est un livret de 32 pages qui a pour but de proposer des situations de jeu \u00e0 r\u00e9soudre avec les cartes de l&rsquo;<strong>EXTENSION : EBRECHEMENT<\/strong>. Les joueurs sont confront\u00e9s \u00e0 des situations sp\u00e9cifiques leur permettant de mieux comprendre comment les capacit\u00e9s sp\u00e9ciales fonctionnent et interagissent dans l&rsquo;<strong>EXTENSION : EBRECHEMENT<\/strong>\u00a0de Clash of Decks. Ce <strong>GRIMOIRE : EBRECHEMENT<\/strong>\u00a0propose 10 situations de jeu \u00e0 r\u00e9soudre avec leurs solutions. Vous voulez plus de Grimoires ? Sachez qu&rsquo;il en existe 10 autres d\u00e9j\u00e0 disponibles dans notre boutique en ligne. En effet, chaque extension poss\u00e8de son propre <strong>GRIMOIRE<\/strong> !<\/p>\n<p><strong>Pr\u00e9cisions<\/strong> : vous n&rsquo;avez besoin ni du <strong>PACK D&rsquo;INITIATION<\/strong>, ni des <strong>EXTENSIONS<\/strong> de Clash of Decks pour jouer et r\u00e9soudre les situations de jeu qui sont dans ce Grimoire. Vous n&rsquo;avez pas besoin de choisir une version, les <strong>GRIMOIRES<\/strong> sont compatibles en fran\u00e7ais et en anglais.<\/p>\n<p><strong>Exclusivit\u00e9<\/strong> : ce produit est disponible <strong>uniquement<\/strong> sur notre boutique en ligne et dans notre concept store.<\/p>\n<p><strong>D\u00e9lais de livraison et TVA\u00a0<\/strong><br \/>\nLes produits de cette boutique en ligne sont exp\u00e9di\u00e9s depuis la France.<br \/>\nLa TVA est incluse pour les envois vers la France et les pays de l&rsquo;Union Europ\u00e9enne. Les clients du reste du monde devront s&rsquo;acquitter d&rsquo;\u00e9ventuelles taxes ou frais de douane \u00e0 la r\u00e9ception de leur colis, en fonction de la l\u00e9gislation du pays de destination. Les commandes sont pr\u00e9par\u00e9es et exp\u00e9di\u00e9es sous 2 jours ouvr\u00e9s.<\/p>\n<p><strong>Prix libre<\/strong><br \/>\nTous les articles de la boutique Clash of Decks sont propos\u00e9s \u00e0 <strong>prix libre<\/strong> : c\u2019est-\u00e0-dire que c\u2019est \u00e0 vous de d\u00e9finir le prix que vous voulez payez pour chaque article ! Nous vous faisons confiance pour choisir le prix qui vous semble le plus juste, en fonction de vos moyens et en fonction de votre envie de nous soutenir !<\/p>\n","protected":false},"featured_media":19186,"comment_status":"closed","ping_status":"closed","template":"","meta":[],"product_brand":[],"product_cat":[49],"product_tag":[],"class_list":{"0":"post-19198","1":"product","2":"type-product","3":"status-publish","4":"has-post-thumbnail","6":"product_cat-jeux","8":"first","9":"instock","10":"sold-individually","11":"taxable","12":"shipping-taxable","13":"purchasable","14":"product-type-simple"},"yoast_head":"<!-- This site is optimized with the Yoast SEO plugin v27.3 - https:\/\/yoast.com\/product\/yoast-seo-wordpress\/ -->\n<title>Grimoire : Ebr\u00e8chement - Clash of Decks<\/title>\n<meta name=\"robots\" content=\"index, follow, max-snippet:-1, max-image-preview:large, max-video-preview:-1\" \/>\n<link rel=\"canonical\" href=\"https:\/\/clashofdecks.com\/fr\/produit\/preco-grimoire-ebrechement\" \/>\n<meta property=\"og:locale\" content=\"fr_FR\" \/>\n<meta property=\"og:type\" content=\"article\" \/>\n<meta property=\"og:title\" content=\"Grimoire : Ebr\u00e8chement - Clash of Decks\" \/>\n<meta property=\"og:description\" content=\"Ce GRIMOIRE : EBRECHEMENT est un livret de 32 pages qui a pour but de proposer des situations de jeu \u00e0 r\u00e9soudre avec les cartes de l&#039;EXTENSION : EBRECHEMENT. Les joueurs sont confront\u00e9s \u00e0 des situations sp\u00e9cifiques leur permettant de mieux comprendre comment les capacit\u00e9s sp\u00e9ciales fonctionnent et interagissent dans l&#039;EXTENSION : EBRECHEMENT\u00a0de Clash of Decks. Ce GRIMOIRE : EBRECHEMENT\u00a0propose 10 situations de jeu \u00e0 r\u00e9soudre avec leurs solutions. Vous voulez plus de Grimoires ? Sachez qu&#039;il en existe 10 autres d\u00e9j\u00e0 disponibles dans notre boutique en ligne. En effet, chaque extension poss\u00e8de son propre GRIMOIRE !  Pr\u00e9cisions : vous n&#039;avez besoin ni du PACK D&#039;INITIATION, ni des EXTENSIONS de Clash of Decks pour jouer et r\u00e9soudre les situations de jeu qui sont dans ce Grimoire. Vous n&#039;avez pas besoin de choisir une version, les GRIMOIRES sont compatibles en fran\u00e7ais et en anglais.  Exclusivit\u00e9 : ce produit est disponible uniquement sur notre boutique en ligne et dans notre concept store.  D\u00e9lais de livraison et TVA\u00a0 Les produits de cette boutique en ligne sont exp\u00e9di\u00e9s depuis la France. La TVA est incluse pour les envois vers la France et les pays de l&#039;Union Europ\u00e9enne. Les clients du reste du monde devront s&#039;acquitter d&#039;\u00e9ventuelles taxes ou frais de douane \u00e0 la r\u00e9ception de leur colis, en fonction de la l\u00e9gislation du pays de destination. Les commandes sont pr\u00e9par\u00e9es et exp\u00e9di\u00e9es sous 2 jours ouvr\u00e9s.  Prix libre Tous les articles de la boutique Clash of Decks sont propos\u00e9s \u00e0 prix libre : c\u2019est-\u00e0-dire que c\u2019est \u00e0 vous de d\u00e9finir le prix que vous voulez payez pour chaque article ! Nous vous faisons confiance pour choisir le prix qui vous semble le plus juste, en fonction de vos moyens et en fonction de votre envie de nous soutenir !\" \/>\n<meta property=\"og:url\" content=\"https:\/\/clashofdecks.com\/fr\/produit\/preco-grimoire-ebrechement\" \/>\n<meta property=\"og:site_name\" content=\"Clash of Decks\" \/>\n<meta property=\"article:modified_time\" content=\"2025-11-29T21:30:37+00:00\" \/>\n<meta property=\"og:image\" content=\"https:\/\/clashofdecks.com\/wp-content\/uploads\/2023\/07\/ebr.png\" \/>\n\t<meta property=\"og:image:width\" content=\"1000\" \/>\n\t<meta property=\"og:image:height\" content=\"1000\" \/>\n\t<meta property=\"og:image:type\" content=\"image\/png\" \/>\n<meta name=\"twitter:card\" content=\"summary_large_image\" \/>\n<meta name=\"twitter:label1\" content=\"Dur\u00e9e de lecture estim\u00e9e\" \/>\n\t<meta name=\"twitter:data1\" content=\"1 minute\" \/>\n<script type=\"application\/ld+json\" class=\"yoast-schema-graph\">{\"@context\":\"https:\\\/\\\/schema.org\",\"@graph\":[{\"@type\":\"WebPage\",\"@id\":\"https:\\\/\\\/clashofdecks.com\\\/fr\\\/produit\\\/preco-grimoire-ebrechement\",\"url\":\"https:\\\/\\\/clashofdecks.com\\\/fr\\\/produit\\\/preco-grimoire-ebrechement\",\"name\":\"Grimoire : Ebr\u00e8chement - Clash of Decks\",\"isPartOf\":{\"@id\":\"https:\\\/\\\/clashofdecks.com\\\/fr#website\"},\"primaryImageOfPage\":{\"@id\":\"https:\\\/\\\/clashofdecks.com\\\/fr\\\/produit\\\/preco-grimoire-ebrechement#primaryimage\"},\"image\":{\"@id\":\"https:\\\/\\\/clashofdecks.com\\\/fr\\\/produit\\\/preco-grimoire-ebrechement#primaryimage\"},\"thumbnailUrl\":\"https:\\\/\\\/clashofdecks.com\\\/wp-content\\\/uploads\\\/2023\\\/07\\\/ebr.png\",\"datePublished\":\"2023-07-03T18:56:21+00:00\",\"dateModified\":\"2025-11-29T21:30:37+00:00\",\"breadcrumb\":{\"@id\":\"https:\\\/\\\/clashofdecks.com\\\/fr\\\/produit\\\/preco-grimoire-ebrechement#breadcrumb\"},\"inLanguage\":\"fr-FR\",\"potentialAction\":[{\"@type\":\"ReadAction\",\"target\":[\"https:\\\/\\\/clashofdecks.com\\\/fr\\\/produit\\\/preco-grimoire-ebrechement\"]}]},{\"@type\":\"ImageObject\",\"inLanguage\":\"fr-FR\",\"@id\":\"https:\\\/\\\/clashofdecks.com\\\/fr\\\/produit\\\/preco-grimoire-ebrechement#primaryimage\",\"url\":\"https:\\\/\\\/clashofdecks.com\\\/wp-content\\\/uploads\\\/2023\\\/07\\\/ebr.png\",\"contentUrl\":\"https:\\\/\\\/clashofdecks.com\\\/wp-content\\\/uploads\\\/2023\\\/07\\\/ebr.png\",\"width\":1000,\"height\":1000},{\"@type\":\"BreadcrumbList\",\"@id\":\"https:\\\/\\\/clashofdecks.com\\\/fr\\\/produit\\\/preco-grimoire-ebrechement#breadcrumb\",\"itemListElement\":[{\"@type\":\"ListItem\",\"position\":1,\"name\":\"Accueil\",\"item\":\"https:\\\/\\\/clashofdecks.com\\\/fr\"},{\"@type\":\"ListItem\",\"position\":2,\"name\":\"Boutique\",\"item\":\"https:\\\/\\\/clashofdecks.com\\\/fr\\\/boutique\"},{\"@type\":\"ListItem\",\"position\":3,\"name\":\"Grimoire : Ebr\u00e8chement\"}]},{\"@type\":\"WebSite\",\"@id\":\"https:\\\/\\\/clashofdecks.com\\\/fr#website\",\"url\":\"https:\\\/\\\/clashofdecks.com\\\/fr\",\"name\":\"Clash of Decks\",\"description\":\"a real FREE-TO-PLAY Card Game!\",\"publisher\":{\"@id\":\"https:\\\/\\\/clashofdecks.com\\\/fr#organization\"},\"potentialAction\":[{\"@type\":\"SearchAction\",\"target\":{\"@type\":\"EntryPoint\",\"urlTemplate\":\"https:\\\/\\\/clashofdecks.com\\\/fr?s={search_term_string}\"},\"query-input\":{\"@type\":\"PropertyValueSpecification\",\"valueRequired\":true,\"valueName\":\"search_term_string\"}}],\"inLanguage\":\"fr-FR\"},{\"@type\":\"Organization\",\"@id\":\"https:\\\/\\\/clashofdecks.com\\\/fr#organization\",\"name\":\"Clash of Decks\",\"url\":\"https:\\\/\\\/clashofdecks.com\\\/fr\",\"logo\":{\"@type\":\"ImageObject\",\"inLanguage\":\"fr-FR\",\"@id\":\"https:\\\/\\\/clashofdecks.com\\\/fr#\\\/schema\\\/logo\\\/image\\\/\",\"url\":\"https:\\\/\\\/clashofdecks.com\\\/wp-content\\\/uploads\\\/2022\\\/09\\\/cropped-cropped-Logo-de-CoD-min.png\",\"contentUrl\":\"https:\\\/\\\/clashofdecks.com\\\/wp-content\\\/uploads\\\/2022\\\/09\\\/cropped-cropped-Logo-de-CoD-min.png\",\"width\":250,\"height\":240,\"caption\":\"Clash of Decks\"},\"image\":{\"@id\":\"https:\\\/\\\/clashofdecks.com\\\/fr#\\\/schema\\\/logo\\\/image\\\/\"}}]}<\/script>\n<!-- \/ Yoast SEO plugin. -->","yoast_head_json":{"title":"Grimoire : Ebr\u00e8chement - Clash of Decks","robots":{"index":"index","follow":"follow","max-snippet":"max-snippet:-1","max-image-preview":"max-image-preview:large","max-video-preview":"max-video-preview:-1"},"canonical":"https:\/\/clashofdecks.com\/fr\/produit\/preco-grimoire-ebrechement","og_locale":"fr_FR","og_type":"article","og_title":"Grimoire : Ebr\u00e8chement - Clash of Decks","og_description":"Ce GRIMOIRE : EBRECHEMENT est un livret de 32 pages qui a pour but de proposer des situations de jeu \u00e0 r\u00e9soudre avec les cartes de l'EXTENSION : EBRECHEMENT. Les joueurs sont confront\u00e9s \u00e0 des situations sp\u00e9cifiques leur permettant de mieux comprendre comment les capacit\u00e9s sp\u00e9ciales fonctionnent et interagissent dans l'EXTENSION : EBRECHEMENT\u00a0de Clash of Decks. Ce GRIMOIRE : EBRECHEMENT\u00a0propose 10 situations de jeu \u00e0 r\u00e9soudre avec leurs solutions. Vous voulez plus de Grimoires ? Sachez qu'il en existe 10 autres d\u00e9j\u00e0 disponibles dans notre boutique en ligne. En effet, chaque extension poss\u00e8de son propre GRIMOIRE !  Pr\u00e9cisions : vous n'avez besoin ni du PACK D'INITIATION, ni des EXTENSIONS de Clash of Decks pour jouer et r\u00e9soudre les situations de jeu qui sont dans ce Grimoire. Vous n'avez pas besoin de choisir une version, les GRIMOIRES sont compatibles en fran\u00e7ais et en anglais.  Exclusivit\u00e9 : ce produit est disponible uniquement sur notre boutique en ligne et dans notre concept store.  D\u00e9lais de livraison et TVA\u00a0 Les produits de cette boutique en ligne sont exp\u00e9di\u00e9s depuis la France. La TVA est incluse pour les envois vers la France et les pays de l'Union Europ\u00e9enne. Les clients du reste du monde devront s'acquitter d'\u00e9ventuelles taxes ou frais de douane \u00e0 la r\u00e9ception de leur colis, en fonction de la l\u00e9gislation du pays de destination. Les commandes sont pr\u00e9par\u00e9es et exp\u00e9di\u00e9es sous 2 jours ouvr\u00e9s.  Prix libre Tous les articles de la boutique Clash of Decks sont propos\u00e9s \u00e0 prix libre : c\u2019est-\u00e0-dire que c\u2019est \u00e0 vous de d\u00e9finir le prix que vous voulez payez pour chaque article ! Nous vous faisons confiance pour choisir le prix qui vous semble le plus juste, en fonction de vos moyens et en fonction de votre envie de nous soutenir !","og_url":"https:\/\/clashofdecks.com\/fr\/produit\/preco-grimoire-ebrechement","og_site_name":"Clash of Decks","article_modified_time":"2025-11-29T21:30:37+00:00","og_image":[{"width":1000,"height":1000,"url":"https:\/\/clashofdecks.com\/wp-content\/uploads\/2023\/07\/ebr.png","type":"image\/png"}],"twitter_card":"summary_large_image","twitter_misc":{"Dur\u00e9e de lecture estim\u00e9e":"1 minute"},"schema":{"@context":"https:\/\/schema.org","@graph":[{"@type":"WebPage","@id":"https:\/\/clashofdecks.com\/fr\/produit\/preco-grimoire-ebrechement","url":"https:\/\/clashofdecks.com\/fr\/produit\/preco-grimoire-ebrechement","name":"Grimoire : Ebr\u00e8chement - Clash of Decks","isPartOf":{"@id":"https:\/\/clashofdecks.com\/fr#website"},"primaryImageOfPage":{"@id":"https:\/\/clashofdecks.com\/fr\/produit\/preco-grimoire-ebrechement#primaryimage"},"image":{"@id":"https:\/\/clashofdecks.com\/fr\/produit\/preco-grimoire-ebrechement#primaryimage"},"thumbnailUrl":"https:\/\/clashofdecks.com\/wp-content\/uploads\/2023\/07\/ebr.png","datePublished":"2023-07-03T18:56:21+00:00","dateModified":"2025-11-29T21:30:37+00:00","breadcrumb":{"@id":"https:\/\/clashofdecks.com\/fr\/produit\/preco-grimoire-ebrechement#breadcrumb"},"inLanguage":"fr-FR","potentialAction":[{"@type":"ReadAction","target":["https:\/\/clashofdecks.com\/fr\/produit\/preco-grimoire-ebrechement"]}]},{"@type":"ImageObject","inLanguage":"fr-FR","@id":"https:\/\/clashofdecks.com\/fr\/produit\/preco-grimoire-ebrechement#primaryimage","url":"https:\/\/clashofdecks.com\/wp-content\/uploads\/2023\/07\/ebr.png","contentUrl":"https:\/\/clashofdecks.com\/wp-content\/uploads\/2023\/07\/ebr.png","width":1000,"height":1000},{"@type":"BreadcrumbList","@id":"https:\/\/clashofdecks.com\/fr\/produit\/preco-grimoire-ebrechement#breadcrumb","itemListElement":[{"@type":"ListItem","position":1,"name":"Accueil","item":"https:\/\/clashofdecks.com\/fr"},{"@type":"ListItem","position":2,"name":"Boutique","item":"https:\/\/clashofdecks.com\/fr\/boutique"},{"@type":"ListItem","position":3,"name":"Grimoire : Ebr\u00e8chement"}]},{"@type":"WebSite","@id":"https:\/\/clashofdecks.com\/fr#website","url":"https:\/\/clashofdecks.com\/fr","name":"Clash of Decks","description":"a real FREE-TO-PLAY Card Game!","publisher":{"@id":"https:\/\/clashofdecks.com\/fr#organization"},"potentialAction":[{"@type":"SearchAction","target":{"@type":"EntryPoint","urlTemplate":"https:\/\/clashofdecks.com\/fr?s={search_term_string}"},"query-input":{"@type":"PropertyValueSpecification","valueRequired":true,"valueName":"search_term_string"}}],"inLanguage":"fr-FR"},{"@type":"Organization","@id":"https:\/\/clashofdecks.com\/fr#organization","name":"Clash of Decks","url":"https:\/\/clashofdecks.com\/fr","logo":{"@type":"ImageObject","inLanguage":"fr-FR","@id":"https:\/\/clashofdecks.com\/fr#\/schema\/logo\/image\/","url":"https:\/\/clashofdecks.com\/wp-content\/uploads\/2022\/09\/cropped-cropped-Logo-de-CoD-min.png","contentUrl":"https:\/\/clashofdecks.com\/wp-content\/uploads\/2022\/09\/cropped-cropped-Logo-de-CoD-min.png","width":250,"height":240,"caption":"Clash of Decks"},"image":{"@id":"https:\/\/clashofdecks.com\/fr#\/schema\/logo\/image\/"}}]}},"jetpack_sharing_enabled":true,"_links":{"self":[{"href":"https:\/\/clashofdecks.com\/fr\/wp-json\/wp\/v2\/product\/19198","targetHints":{"allow":["GET"]}}],"collection":[{"href":"https:\/\/clashofdecks.com\/fr\/wp-json\/wp\/v2\/product"}],"about":[{"href":"https:\/\/clashofdecks.com\/fr\/wp-json\/wp\/v2\/types\/product"}],"replies":[{"embeddable":true,"href":"https:\/\/clashofdecks.com\/fr\/wp-json\/wp\/v2\/comments?post=19198"}],"wp:featuredmedia":[{"embeddable":true,"href":"https:\/\/clashofdecks.com\/fr\/wp-json\/wp\/v2\/media\/19186"}],"wp:attachment":[{"href":"https:\/\/clashofdecks.com\/fr\/wp-json\/wp\/v2\/media?parent=19198"}],"wp:term":[{"taxonomy":"product_brand","embeddable":true,"href":"https:\/\/clashofdecks.com\/fr\/wp-json\/wp\/v2\/product_brand?post=19198"},{"taxonomy":"product_cat","embeddable":true,"href":"https:\/\/clashofdecks.com\/fr\/wp-json\/wp\/v2\/product_cat?post=19198"},{"taxonomy":"product_tag","embeddable":true,"href":"https:\/\/clashofdecks.com\/fr\/wp-json\/wp\/v2\/product_tag?post=19198"}],"curies":[{"name":"wp","href":"https:\/\/api.w.org\/{rel}","templated":true}]}}