{"id":8744,"date":"2022-10-25T15:11:00","date_gmt":"2022-10-25T13:11:00","guid":{"rendered":"https:\/\/clashofdecks.com\/?page_id=8744"},"modified":"2022-12-26T16:23:58","modified_gmt":"2022-12-26T15:23:58","slug":"grimoire","status":"publish","type":"page","link":"https:\/\/clashofdecks.com\/fr\/grimoire","title":{"rendered":"Grimoire"},"content":{"rendered":"<div class=\"brz-root__container brz-reset-all\">\n<section data-uid=\"kmrqqitypronqtkawnbcxapxvtrshkbbsqqb\" id=\"kmrqqitypronqtkawnbcxapxvtrshkbbsqqb\" class=\"brz-section brz-css-cplrp\">\n<div class=\"brz-section__content brz-section--boxed brz-css-ibrhu brz-css-tzpxs\" data-custom-id=\"aahjuxekflfvomoesjqgcpnutgzafvhfypod\">\n<div class=\"brz-bg overflow-hidden absolute top-0 left-0 w-full h-full\">\n<div class=\"brz-bg-color absolute top-0 left-0 w-full h-full\"><\/div>\n<\/div>\n<div class=\"brz-container brz-css-wqjif\">\n<div class=\"brz-css-jvcmo brz-wrapper\">\n<div class=\"brz-rich-text brz-rich-text__custom brz-css-wmaox\" data-custom-id=\"jwoswqbwfnxcxjtqvubxbuxguqjbsxoqgnhd\">\n<div>\n<h1 class=\"brz-css-xhmgu\" data-uniq-id=\"rrbtc\" data-generated-css=\"brz-css-ldxfz\"><span class=\"brz-cp-color2\">Grimoire<\/span><\/h1>\n<\/div>\n<\/div>\n<\/div>\n<div class=\"brz-row__container brz-css-ofqft\" data-custom-id=\"lhqysvhytmzxxxmolelwwclawtpfblwdhjce\">\n<div class=\"brz-bg overflow-hidden absolute top-0 left-0 w-full h-full\"><\/div>\n<div class=\"brz-row brz-css-pusjl brz-css-noyfo\">\n<div class=\"brz-columns brz-css-bemrm\" data-custom-id=\"grxpncfheeqvypfqhyembfnnokhksvqynodn\">\n<div class=\"brz-bg overflow-hidden absolute top-0 left-0 w-full h-full\"><\/div>\n<div class=\"brz-column__items brz-css-gpgap brz-css-qxlhj\">\n<div class=\"brz-css-jvcmo brz-wrapper\">\n<div class=\"brz-rich-text brz-rich-text__custom brz-css-wmaox\" data-custom-id=\"auliocamvhmrtplcvwupqgoxcixskmtbwmaz\">\n<div>\n<p class=\"brz-css-jdoyf\" data-uniq-id=\"xydtc\" data-generated-css=\"brz-css-yuild\"><span class=\"brz-cp-color2\">Au d\u00e9part, le <\/span><em class=\"brz-cp-color2\">Grimoire<\/em><span class=\"brz-cp-color2\"> est n\u00e9 de l&rsquo;id\u00e9e de proposer des situations de jeu \u00e0 la communaut\u00e9 de joueurs de <\/span><strong class=\"brz-cp-color2\">Clash of Decks<\/strong><span class=\"brz-cp-color2\"> sur le serveur Discord. L&rsquo;objectif \u00e9tait que les joueurs puissent d\u00e9couvrir les innombrables subtilit\u00e9s du jeu en exp\u00e9rimentant des situations sp\u00e9cifiques afin de mieux comprendre comment interagissent les capacit\u00e9s sp\u00e9ciales entre elles&#8230; Nous avons travaill\u00e9 sur un outil fantastique qui permet d\u00e9sormais \u00e0 chacun de cr\u00e9er ses propres puzzles et de les partager librement avec le reste de la communaut\u00e9, que ce soit sur Discord ou sur les r\u00e9seaux sociaux.<\/span><\/p>\n<p class=\"brz-css-trboc\" data-uniq-id=\"xydtc\" data-generated-css=\"brz-css-yuild\"><span class=\"brz-cp-color2\">Un grand merci \u00e0 Cadrach pour son fabuleux travail ! <\/span><\/p>\n<\/div>\n<\/div>\n<\/div>\n<div class=\"brz-wrapper-clone brz-css-qapvh brz-css-hdunh\">\n<div class=\"brz-d-xs-flex brz-flex-xs-wrap brz-css-jifny brz-css-dtojc\">\n<div class=\"brz-wrapper-clone__item brz-css-xhszl brz-css-pqudy\" id=\"sofxxrsguonintecsznobomyrwnovmirtgme\"><a class=\"brz-a brz-btn brz-css-yzjjg brz-css-vifun\" href=\"http:\/\/grimoire.clashofdecks.com\/\" data-brz-link-type=\"external\" id data-custom-id=\"sofxxrsguonintecsznobomyrwnovmirtgme\"><span class=\"brz-span brz-text__editor\">D\u00e9couvre le Grimoire<\/span><\/a><\/div>\n<\/div>\n<\/div>\n<div class=\"brz-css-jvcmo brz-css-ygizl brz-wrapper\">\n<div class=\"brz-spacer brz-css-gzigi brz-css-rpmgo\"><\/div>\n<\/div>\n<\/div>\n<\/div>\n<div class=\"brz-columns brz-css-bemrm brz-css-dmttu\" data-custom-id=\"asaejtxisveprpagssaezfewtxthkweggvhr\">\n<div class=\"brz-bg overflow-hidden absolute top-0 left-0 w-full h-full\"><\/div>\n<div class=\"brz-column__items brz-css-gpgap brz-css-csobo\">\n<div class=\"brz-css-jvcmo brz-css-espjb brz-wrapper\">\n<div class=\"brz-image brz-css-ldqmp brz-css-dbjhm\"><img decoding=\"async\" class=\"brz-img\" src=\"https:\/\/clashofdecks.com\/wp-content\/uploads\/brizy\/imgs\/grimoire-of-clash-of-decks-676x451x61x0x555x451x1666789855.png\" alt=\"\" loading=\"lazy\" \/><\/div>\n<\/div>\n<\/div>\n<\/div>\n<\/div>\n<\/div>\n<div class=\"brz-css-jvcmo brz-wrapper\">\n<div class=\"brz-image brz-css-fgsll\"><a class=\"brz-a\" href=\"http:\/\/grimoire.clashofdecks.com\/\" data-brz-link-type=\"external\" id data-custom-id=\"nonduthaqtewcadjzfpglyrlrwxytiuidrsk\"><img decoding=\"async\" class=\"brz-img\" src=\"https:\/\/clashofdecks.com\/wp-content\/uploads\/brizy\/imgs\/grimoire-min-807x565x0x0x807x565x1666802147.png\" alt=\"\" loading=\"lazy\" \/><\/a><\/div>\n<\/div>\n<\/div>\n<\/div>\n<\/section>\n<\/div>\n<p><!-- version:1672068238 --><\/p>\n","protected":false},"excerpt":{"rendered":"<p>Grimoire Au d\u00e9part, le Grimoire est n\u00e9 de l&rsquo;id\u00e9e de proposer des situations de jeu \u00e0 la communaut\u00e9 de joueurs de Clash of Decks sur le serveur Discord. L&rsquo;objectif \u00e9tait que les joueurs puissent d\u00e9couvrir les innombrables subtilit\u00e9s du jeu en exp\u00e9rimentant des situations sp\u00e9cifiques afin de mieux comprendre comment interagissent les capacit\u00e9s sp\u00e9ciales entre &hellip; <\/p>\n<p class=\"link-more\"><a href=\"https:\/\/clashofdecks.com\/fr\/grimoire\" class=\"more-link\">Lire la suite de<span class=\"screen-reader-text\">\u00ab\u00a0Grimoire\u00a0\u00bb<\/span><\/a><\/p>\n","protected":false},"author":34,"featured_media":0,"parent":0,"menu_order":0,"comment_status":"closed","ping_status":"closed","template":"page-templates\/full-width-no-title.php","meta":{"footnotes":""},"class_list":["post-8744","page","type-page","status-publish","hentry"],"yoast_head":"<!-- This site is optimized with the Yoast SEO plugin v27.3 - https:\/\/yoast.com\/product\/yoast-seo-wordpress\/ -->\n<title>Grimoire - Clash of Decks<\/title>\n<meta name=\"robots\" content=\"index, follow, max-snippet:-1, max-image-preview:large, max-video-preview:-1\" \/>\n<link rel=\"canonical\" href=\"https:\/\/clashofdecks.com\/fr\/grimoire\" \/>\n<meta property=\"og:locale\" content=\"fr_FR\" \/>\n<meta property=\"og:type\" content=\"article\" \/>\n<meta property=\"og:title\" content=\"Grimoire - Clash of Decks\" \/>\n<meta property=\"og:description\" content=\"Grimoire Au d\u00e9part, le Grimoire est n\u00e9 de l&rsquo;id\u00e9e de proposer des situations de jeu \u00e0 la communaut\u00e9 de joueurs de Clash of Decks sur le serveur Discord. L&rsquo;objectif \u00e9tait que les joueurs puissent d\u00e9couvrir les innombrables subtilit\u00e9s du jeu en exp\u00e9rimentant des situations sp\u00e9cifiques afin de mieux comprendre comment interagissent les capacit\u00e9s sp\u00e9ciales entre &hellip; Lire la suite de\u00ab\u00a0Grimoire\u00a0\u00bb\" \/>\n<meta property=\"og:url\" content=\"https:\/\/clashofdecks.com\/fr\/grimoire\" \/>\n<meta property=\"og:site_name\" content=\"Clash of Decks\" \/>\n<meta property=\"article:modified_time\" content=\"2022-12-26T15:23:58+00:00\" \/>\n<meta property=\"og:image\" content=\"https:\/\/clashofdecks.com\/wp-content\/uploads\/brizy\/imgs\/grimoire-of-clash-of-decks-676x451x61x0x555x451x1666789855.png\" \/>\n<meta name=\"twitter:card\" content=\"summary_large_image\" \/>\n<meta name=\"twitter:label1\" content=\"Dur\u00e9e de lecture estim\u00e9e\" \/>\n\t<meta name=\"twitter:data1\" content=\"1 minute\" \/>\n<script type=\"application\/ld+json\" class=\"yoast-schema-graph\">{\"@context\":\"https:\\\/\\\/schema.org\",\"@graph\":[{\"@type\":\"WebPage\",\"@id\":\"https:\\\/\\\/clashofdecks.com\\\/fr\\\/grimoire\",\"url\":\"https:\\\/\\\/clashofdecks.com\\\/fr\\\/grimoire\",\"name\":\"Grimoire - Clash of Decks\",\"isPartOf\":{\"@id\":\"https:\\\/\\\/clashofdecks.com\\\/fr#website\"},\"primaryImageOfPage\":{\"@id\":\"https:\\\/\\\/clashofdecks.com\\\/fr\\\/grimoire#primaryimage\"},\"image\":{\"@id\":\"https:\\\/\\\/clashofdecks.com\\\/fr\\\/grimoire#primaryimage\"},\"thumbnailUrl\":\"https:\\\/\\\/clashofdecks.com\\\/wp-content\\\/uploads\\\/brizy\\\/imgs\\\/grimoire-of-clash-of-decks-676x451x61x0x555x451x1666789855.png\",\"datePublished\":\"2022-10-25T13:11:00+00:00\",\"dateModified\":\"2022-12-26T15:23:58+00:00\",\"breadcrumb\":{\"@id\":\"https:\\\/\\\/clashofdecks.com\\\/fr\\\/grimoire#breadcrumb\"},\"inLanguage\":\"fr-FR\",\"potentialAction\":[{\"@type\":\"ReadAction\",\"target\":[\"https:\\\/\\\/clashofdecks.com\\\/fr\\\/grimoire\"]}]},{\"@type\":\"ImageObject\",\"inLanguage\":\"fr-FR\",\"@id\":\"https:\\\/\\\/clashofdecks.com\\\/fr\\\/grimoire#primaryimage\",\"url\":\"https:\\\/\\\/clashofdecks.com\\\/wp-content\\\/uploads\\\/brizy\\\/imgs\\\/grimoire-of-clash-of-decks-676x451x61x0x555x451x1666789855.png\",\"contentUrl\":\"https:\\\/\\\/clashofdecks.com\\\/wp-content\\\/uploads\\\/brizy\\\/imgs\\\/grimoire-of-clash-of-decks-676x451x61x0x555x451x1666789855.png\"},{\"@type\":\"BreadcrumbList\",\"@id\":\"https:\\\/\\\/clashofdecks.com\\\/fr\\\/grimoire#breadcrumb\",\"itemListElement\":[{\"@type\":\"ListItem\",\"position\":1,\"name\":\"Accueil\",\"item\":\"https:\\\/\\\/clashofdecks.com\\\/fr\"},{\"@type\":\"ListItem\",\"position\":2,\"name\":\"Grimoire\"}]},{\"@type\":\"WebSite\",\"@id\":\"https:\\\/\\\/clashofdecks.com\\\/fr#website\",\"url\":\"https:\\\/\\\/clashofdecks.com\\\/fr\",\"name\":\"Clash of Decks\",\"description\":\"a real FREE-TO-PLAY Card Game!\",\"publisher\":{\"@id\":\"https:\\\/\\\/clashofdecks.com\\\/fr#organization\"},\"potentialAction\":[{\"@type\":\"SearchAction\",\"target\":{\"@type\":\"EntryPoint\",\"urlTemplate\":\"https:\\\/\\\/clashofdecks.com\\\/fr?s={search_term_string}\"},\"query-input\":{\"@type\":\"PropertyValueSpecification\",\"valueRequired\":true,\"valueName\":\"search_term_string\"}}],\"inLanguage\":\"fr-FR\"},{\"@type\":\"Organization\",\"@id\":\"https:\\\/\\\/clashofdecks.com\\\/fr#organization\",\"name\":\"Clash of Decks\",\"url\":\"https:\\\/\\\/clashofdecks.com\\\/fr\",\"logo\":{\"@type\":\"ImageObject\",\"inLanguage\":\"fr-FR\",\"@id\":\"https:\\\/\\\/clashofdecks.com\\\/fr#\\\/schema\\\/logo\\\/image\\\/\",\"url\":\"https:\\\/\\\/clashofdecks.com\\\/wp-content\\\/uploads\\\/2022\\\/09\\\/cropped-cropped-Logo-de-CoD-min.png\",\"contentUrl\":\"https:\\\/\\\/clashofdecks.com\\\/wp-content\\\/uploads\\\/2022\\\/09\\\/cropped-cropped-Logo-de-CoD-min.png\",\"width\":250,\"height\":240,\"caption\":\"Clash of Decks\"},\"image\":{\"@id\":\"https:\\\/\\\/clashofdecks.com\\\/fr#\\\/schema\\\/logo\\\/image\\\/\"}}]}<\/script>\n<!-- \/ Yoast SEO plugin. -->","yoast_head_json":{"title":"Grimoire - Clash of Decks","robots":{"index":"index","follow":"follow","max-snippet":"max-snippet:-1","max-image-preview":"max-image-preview:large","max-video-preview":"max-video-preview:-1"},"canonical":"https:\/\/clashofdecks.com\/fr\/grimoire","og_locale":"fr_FR","og_type":"article","og_title":"Grimoire - Clash of Decks","og_description":"Grimoire Au d\u00e9part, le Grimoire est n\u00e9 de l&rsquo;id\u00e9e de proposer des situations de jeu \u00e0 la communaut\u00e9 de joueurs de Clash of Decks sur le serveur Discord. L&rsquo;objectif \u00e9tait que les joueurs puissent d\u00e9couvrir les innombrables subtilit\u00e9s du jeu en exp\u00e9rimentant des situations sp\u00e9cifiques afin de mieux comprendre comment interagissent les capacit\u00e9s sp\u00e9ciales entre &hellip; Lire la suite de\u00ab\u00a0Grimoire\u00a0\u00bb","og_url":"https:\/\/clashofdecks.com\/fr\/grimoire","og_site_name":"Clash of Decks","article_modified_time":"2022-12-26T15:23:58+00:00","og_image":[{"url":"https:\/\/clashofdecks.com\/wp-content\/uploads\/brizy\/imgs\/grimoire-of-clash-of-decks-676x451x61x0x555x451x1666789855.png","type":"","width":"","height":""}],"twitter_card":"summary_large_image","twitter_misc":{"Dur\u00e9e de lecture estim\u00e9e":"1 minute"},"schema":{"@context":"https:\/\/schema.org","@graph":[{"@type":"WebPage","@id":"https:\/\/clashofdecks.com\/fr\/grimoire","url":"https:\/\/clashofdecks.com\/fr\/grimoire","name":"Grimoire - Clash of Decks","isPartOf":{"@id":"https:\/\/clashofdecks.com\/fr#website"},"primaryImageOfPage":{"@id":"https:\/\/clashofdecks.com\/fr\/grimoire#primaryimage"},"image":{"@id":"https:\/\/clashofdecks.com\/fr\/grimoire#primaryimage"},"thumbnailUrl":"https:\/\/clashofdecks.com\/wp-content\/uploads\/brizy\/imgs\/grimoire-of-clash-of-decks-676x451x61x0x555x451x1666789855.png","datePublished":"2022-10-25T13:11:00+00:00","dateModified":"2022-12-26T15:23:58+00:00","breadcrumb":{"@id":"https:\/\/clashofdecks.com\/fr\/grimoire#breadcrumb"},"inLanguage":"fr-FR","potentialAction":[{"@type":"ReadAction","target":["https:\/\/clashofdecks.com\/fr\/grimoire"]}]},{"@type":"ImageObject","inLanguage":"fr-FR","@id":"https:\/\/clashofdecks.com\/fr\/grimoire#primaryimage","url":"https:\/\/clashofdecks.com\/wp-content\/uploads\/brizy\/imgs\/grimoire-of-clash-of-decks-676x451x61x0x555x451x1666789855.png","contentUrl":"https:\/\/clashofdecks.com\/wp-content\/uploads\/brizy\/imgs\/grimoire-of-clash-of-decks-676x451x61x0x555x451x1666789855.png"},{"@type":"BreadcrumbList","@id":"https:\/\/clashofdecks.com\/fr\/grimoire#breadcrumb","itemListElement":[{"@type":"ListItem","position":1,"name":"Accueil","item":"https:\/\/clashofdecks.com\/fr"},{"@type":"ListItem","position":2,"name":"Grimoire"}]},{"@type":"WebSite","@id":"https:\/\/clashofdecks.com\/fr#website","url":"https:\/\/clashofdecks.com\/fr","name":"Clash of Decks","description":"a real FREE-TO-PLAY Card Game!","publisher":{"@id":"https:\/\/clashofdecks.com\/fr#organization"},"potentialAction":[{"@type":"SearchAction","target":{"@type":"EntryPoint","urlTemplate":"https:\/\/clashofdecks.com\/fr?s={search_term_string}"},"query-input":{"@type":"PropertyValueSpecification","valueRequired":true,"valueName":"search_term_string"}}],"inLanguage":"fr-FR"},{"@type":"Organization","@id":"https:\/\/clashofdecks.com\/fr#organization","name":"Clash of Decks","url":"https:\/\/clashofdecks.com\/fr","logo":{"@type":"ImageObject","inLanguage":"fr-FR","@id":"https:\/\/clashofdecks.com\/fr#\/schema\/logo\/image\/","url":"https:\/\/clashofdecks.com\/wp-content\/uploads\/2022\/09\/cropped-cropped-Logo-de-CoD-min.png","contentUrl":"https:\/\/clashofdecks.com\/wp-content\/uploads\/2022\/09\/cropped-cropped-Logo-de-CoD-min.png","width":250,"height":240,"caption":"Clash of Decks"},"image":{"@id":"https:\/\/clashofdecks.com\/fr#\/schema\/logo\/image\/"}}]}},"jetpack_sharing_enabled":true,"_links":{"self":[{"href":"https:\/\/clashofdecks.com\/fr\/wp-json\/wp\/v2\/pages\/8744","targetHints":{"allow":["GET"]}}],"collection":[{"href":"https:\/\/clashofdecks.com\/fr\/wp-json\/wp\/v2\/pages"}],"about":[{"href":"https:\/\/clashofdecks.com\/fr\/wp-json\/wp\/v2\/types\/page"}],"author":[{"embeddable":true,"href":"https:\/\/clashofdecks.com\/fr\/wp-json\/wp\/v2\/users\/34"}],"replies":[{"embeddable":true,"href":"https:\/\/clashofdecks.com\/fr\/wp-json\/wp\/v2\/comments?post=8744"}],"version-history":[{"count":16,"href":"https:\/\/clashofdecks.com\/fr\/wp-json\/wp\/v2\/pages\/8744\/revisions"}],"predecessor-version":[{"id":8898,"href":"https:\/\/clashofdecks.com\/fr\/wp-json\/wp\/v2\/pages\/8744\/revisions\/8898"}],"wp:attachment":[{"href":"https:\/\/clashofdecks.com\/fr\/wp-json\/wp\/v2\/media?parent=8744"}],"curies":[{"name":"wp","href":"https:\/\/api.w.org\/{rel}","templated":true}]}}