{"id":4990,"date":"2021-11-26T10:45:26","date_gmt":"2021-11-26T09:45:26","guid":{"rendered":"https:\/\/clashofdecks.com\/jouez-gratuitement-a-clash-of-decks"},"modified":"2024-01-22T15:58:58","modified_gmt":"2024-01-22T14:58:58","slug":"play-clash-of-decks-for-free","status":"publish","type":"page","link":"https:\/\/clashofdecks.com\/fr\/play-clash-of-decks-for-free","title":{"rendered":"Jouez gratuitement \u00e0 clash of decks"},"content":{"rendered":"\n<h1 class=\"wp-block-heading\">Jouez gratuitement \u00e0 Clash of Decks<\/h1>\n\n\n\n<p class=\"has-text-align-center\">Vous venez de d\u00e9couvrir notre jeu Clash of Decks et souhaitez l&rsquo;essayer maintenant ? <strong>Vous \u00eates au bon endroit !<\/strong> Vous pouvez <strong>jouer gratuitement<\/strong> avec le Pack d&rsquo;Initiation de Clash of Decks qui a \u00e9t\u00e9 sp\u00e9cialement con\u00e7u <strong>pour les nouveaux joueurs<\/strong> .<\/p>\n\n\n\n<div class=\"wp-block-columns COD-ForFree is-layout-flex wp-container-core-columns-is-layout-28f84493 wp-block-columns-is-layout-flex\">\n<div class=\"wp-block-column is-layout-flow wp-block-column-is-layout-flow\">\n<figure class=\"wp-block-image size-full\"><img loading=\"lazy\" decoding=\"async\" width=\"673\" height=\"442\" src=\"https:\/\/clashofdecks.com\/wp-content\/uploads\/2023\/04\/concepte-stor.jpg\" alt=\"\" class=\"wp-image-15985\" srcset=\"https:\/\/clashofdecks.com\/wp-content\/uploads\/2023\/04\/concepte-stor.jpg 673w, https:\/\/clashofdecks.com\/wp-content\/uploads\/2023\/04\/concepte-stor-300x197.jpg 300w, https:\/\/clashofdecks.com\/wp-content\/uploads\/2023\/04\/concepte-stor-600x394.jpg 600w\" sizes=\"auto, (max-width: 673px) 100vw, 673px\" \/><\/figure>\n\n\n\n<h2 class=\"wp-block-heading has-text-align-center\">Concept Store<\/h2>\n\n\n\n<hr class=\"wp-block-separator has-alpha-channel-opacity\"\/>\n\n\n\n<p><strong>Clash of Decks Store<\/strong> est une <strong>boutique<\/strong> et un <strong>espace de jeu<\/strong> d\u00e9di\u00e9 exclusivement au jeu de duel de cartes Clash of Decks. Vous pourrez y apprendre les r\u00e9gl\u00e9s du jeu et obtenir un Pack d&rsquo;Initiation gratuitement pour jouer vos premi\u00e8res parties.<\/p>\n\n\n\n<div class=\"wp-block-buttons is-layout-flex wp-block-buttons-is-layout-flex\">\n<div class=\"wp-block-button has-custom-width wp-block-button__width-100\"><a class=\"wp-block-button__link wp-element-button\" href=\"https:\/\/clashofdecks.com\/concept-store-clash-of-decks\">d\u00e9couvrir<\/a><\/div>\n<\/div>\n<\/div>\n\n\n\n<div class=\"wp-block-column is-layout-flow wp-block-column-is-layout-flow\">\n<figure class=\"wp-block-image size-full\"><img loading=\"lazy\" decoding=\"async\" width=\"673\" height=\"442\" src=\"https:\/\/clashofdecks.com\/wp-content\/uploads\/2022\/03\/bga-clash-od-decks.jpg\" alt=\"\" class=\"wp-image-2678\" srcset=\"https:\/\/clashofdecks.com\/wp-content\/uploads\/2022\/03\/bga-clash-od-decks.jpg 673w, https:\/\/clashofdecks.com\/wp-content\/uploads\/2022\/03\/bga-clash-od-decks-600x394.jpg 600w, https:\/\/clashofdecks.com\/wp-content\/uploads\/2022\/03\/bga-clash-od-decks-300x197.jpg 300w\" sizes=\"auto, (max-width: 673px) 100vw, 673px\" \/><\/figure>\n\n\n\n<h2 class=\"wp-block-heading has-text-align-center\">Board Game Arena<\/h2>\n\n\n\n<hr class=\"wp-block-separator has-alpha-channel-opacity\"\/>\n\n\n\n<p>Si vous voulez <strong>jouer imm\u00e9diatement en ligne<\/strong>, vous pouvez jouer \u00e0 la version d\u00e9mat\u00e9rialis\u00e9e de Clash of Decks sur Board Game Arena. Gr\u00e2ce au tutoriel en ligne, vous pourrez d\u00e9couvrir et apprendre les r\u00e8gles du jeu facilement.<\/p>\n\n\n\n<div class=\"wp-block-buttons is-layout-flex wp-block-buttons-is-layout-flex\">\n<div class=\"wp-block-button has-custom-width wp-block-button__width-100\"><a class=\"wp-block-button__link wp-element-button\" href=\"https:\/\/boardgamearena.com\/gamepanel?game=clashofdecks\">Jouez sur Board Game Arena<\/a><\/div>\n<\/div>\n<\/div>\n<\/div>\n","protected":false},"excerpt":{"rendered":"<p>Jouez gratuitement \u00e0 Clash of Decks Vous venez de d\u00e9couvrir notre jeu Clash of Decks et souhaitez l&rsquo;essayer maintenant ? Vous \u00eates au bon endroit ! Vous pouvez jouer gratuitement avec le Pack d&rsquo;Initiation de Clash of Decks qui a \u00e9t\u00e9 sp\u00e9cialement con\u00e7u pour les nouveaux joueurs . Concept Store Clash of Decks Store est &hellip; <\/p>\n<p class=\"link-more\"><a href=\"https:\/\/clashofdecks.com\/fr\/play-clash-of-decks-for-free\" class=\"more-link\">Lire la suite de<span class=\"screen-reader-text\">\u00ab\u00a0Jouez gratuitement \u00e0 clash of decks\u00a0\u00bb<\/span><\/a><\/p>\n","protected":false},"author":1,"featured_media":0,"parent":0,"menu_order":0,"comment_status":"closed","ping_status":"closed","template":"page-templates\/full-width-no-title.php","meta":{"footnotes":""},"class_list":["post-4990","page","type-page","status-publish","hentry"],"yoast_head":"<!-- This site is optimized with the Yoast SEO plugin v27.4 - https:\/\/yoast.com\/product\/yoast-seo-wordpress\/ -->\n<title>Jouez gratuitement \u00e0 clash of decks - Clash of Decks<\/title>\n<meta name=\"description\" content=\"Nous avons mis en place plusieurs solutions qui vous permettent de tester et de jouer gratuitement au jeu clash of decks.\" \/>\n<meta name=\"robots\" content=\"index, follow, max-snippet:-1, max-image-preview:large, max-video-preview:-1\" \/>\n<link rel=\"canonical\" href=\"https:\/\/clashofdecks.com\/fr\/play-clash-of-decks-for-free\" \/>\n<meta property=\"og:locale\" content=\"fr_FR\" \/>\n<meta property=\"og:type\" content=\"article\" \/>\n<meta property=\"og:title\" content=\"Jouez gratuitement \u00e0 clash of decks - Clash of Decks\" \/>\n<meta property=\"og:description\" content=\"Nous avons mis en place plusieurs solutions qui vous permettent de tester et de jouer gratuitement au jeu clash of decks.\" \/>\n<meta property=\"og:url\" content=\"https:\/\/clashofdecks.com\/fr\/play-clash-of-decks-for-free\" \/>\n<meta property=\"og:site_name\" content=\"Clash of Decks\" \/>\n<meta property=\"article:modified_time\" content=\"2024-01-22T14:58:58+00:00\" \/>\n<meta property=\"og:image\" content=\"https:\/\/clashofdecks.com\/wp-content\/uploads\/2023\/04\/concepte-stor.jpg\" \/>\n<meta name=\"twitter:card\" content=\"summary_large_image\" \/>\n<meta name=\"twitter:label1\" content=\"Dur\u00e9e de lecture estim\u00e9e\" \/>\n\t<meta name=\"twitter:data1\" content=\"2 minutes\" \/>\n<script type=\"application\/ld+json\" class=\"yoast-schema-graph\">{\"@context\":\"https:\\\/\\\/schema.org\",\"@graph\":[{\"@type\":\"WebPage\",\"@id\":\"https:\\\/\\\/clashofdecks.com\\\/fr\\\/play-clash-of-decks-for-free\",\"url\":\"https:\\\/\\\/clashofdecks.com\\\/fr\\\/play-clash-of-decks-for-free\",\"name\":\"Jouez gratuitement \u00e0 clash of decks - Clash of Decks\",\"isPartOf\":{\"@id\":\"https:\\\/\\\/clashofdecks.com\\\/fr#website\"},\"primaryImageOfPage\":{\"@id\":\"https:\\\/\\\/clashofdecks.com\\\/fr\\\/play-clash-of-decks-for-free#primaryimage\"},\"image\":{\"@id\":\"https:\\\/\\\/clashofdecks.com\\\/fr\\\/play-clash-of-decks-for-free#primaryimage\"},\"thumbnailUrl\":\"https:\\\/\\\/clashofdecks.com\\\/wp-content\\\/uploads\\\/2023\\\/04\\\/concepte-stor.jpg\",\"datePublished\":\"2021-11-26T09:45:26+00:00\",\"dateModified\":\"2024-01-22T14:58:58+00:00\",\"description\":\"Nous avons mis en place plusieurs solutions qui vous permettent de tester et de jouer gratuitement au jeu clash of decks.\",\"breadcrumb\":{\"@id\":\"https:\\\/\\\/clashofdecks.com\\\/fr\\\/play-clash-of-decks-for-free#breadcrumb\"},\"inLanguage\":\"fr-FR\",\"potentialAction\":[{\"@type\":\"ReadAction\",\"target\":[\"https:\\\/\\\/clashofdecks.com\\\/fr\\\/play-clash-of-decks-for-free\"]}]},{\"@type\":\"ImageObject\",\"inLanguage\":\"fr-FR\",\"@id\":\"https:\\\/\\\/clashofdecks.com\\\/fr\\\/play-clash-of-decks-for-free#primaryimage\",\"url\":\"https:\\\/\\\/clashofdecks.com\\\/wp-content\\\/uploads\\\/2023\\\/04\\\/concepte-stor.jpg\",\"contentUrl\":\"https:\\\/\\\/clashofdecks.com\\\/wp-content\\\/uploads\\\/2023\\\/04\\\/concepte-stor.jpg\"},{\"@type\":\"BreadcrumbList\",\"@id\":\"https:\\\/\\\/clashofdecks.com\\\/fr\\\/play-clash-of-decks-for-free#breadcrumb\",\"itemListElement\":[{\"@type\":\"ListItem\",\"position\":1,\"name\":\"Accueil\",\"item\":\"https:\\\/\\\/clashofdecks.com\\\/fr\"},{\"@type\":\"ListItem\",\"position\":2,\"name\":\"Jouez gratuitement \u00e0 clash of decks\"}]},{\"@type\":\"WebSite\",\"@id\":\"https:\\\/\\\/clashofdecks.com\\\/fr#website\",\"url\":\"https:\\\/\\\/clashofdecks.com\\\/fr\",\"name\":\"Clash of Decks\",\"description\":\"a real FREE-TO-PLAY Card Game!\",\"publisher\":{\"@id\":\"https:\\\/\\\/clashofdecks.com\\\/fr#organization\"},\"potentialAction\":[{\"@type\":\"SearchAction\",\"target\":{\"@type\":\"EntryPoint\",\"urlTemplate\":\"https:\\\/\\\/clashofdecks.com\\\/fr?s={search_term_string}\"},\"query-input\":{\"@type\":\"PropertyValueSpecification\",\"valueRequired\":true,\"valueName\":\"search_term_string\"}}],\"inLanguage\":\"fr-FR\"},{\"@type\":\"Organization\",\"@id\":\"https:\\\/\\\/clashofdecks.com\\\/fr#organization\",\"name\":\"Clash of Decks\",\"url\":\"https:\\\/\\\/clashofdecks.com\\\/fr\",\"logo\":{\"@type\":\"ImageObject\",\"inLanguage\":\"fr-FR\",\"@id\":\"https:\\\/\\\/clashofdecks.com\\\/fr#\\\/schema\\\/logo\\\/image\\\/\",\"url\":\"https:\\\/\\\/clashofdecks.com\\\/wp-content\\\/uploads\\\/2022\\\/09\\\/cropped-cropped-Logo-de-CoD-min.png\",\"contentUrl\":\"https:\\\/\\\/clashofdecks.com\\\/wp-content\\\/uploads\\\/2022\\\/09\\\/cropped-cropped-Logo-de-CoD-min.png\",\"width\":250,\"height\":240,\"caption\":\"Clash of Decks\"},\"image\":{\"@id\":\"https:\\\/\\\/clashofdecks.com\\\/fr#\\\/schema\\\/logo\\\/image\\\/\"}}]}<\/script>\n<!-- \/ Yoast SEO plugin. -->","yoast_head_json":{"title":"Jouez gratuitement \u00e0 clash of decks - Clash of Decks","description":"Nous avons mis en place plusieurs solutions qui vous permettent de tester et de jouer gratuitement au jeu clash of decks.","robots":{"index":"index","follow":"follow","max-snippet":"max-snippet:-1","max-image-preview":"max-image-preview:large","max-video-preview":"max-video-preview:-1"},"canonical":"https:\/\/clashofdecks.com\/fr\/play-clash-of-decks-for-free","og_locale":"fr_FR","og_type":"article","og_title":"Jouez gratuitement \u00e0 clash of decks - Clash of Decks","og_description":"Nous avons mis en place plusieurs solutions qui vous permettent de tester et de jouer gratuitement au jeu clash of decks.","og_url":"https:\/\/clashofdecks.com\/fr\/play-clash-of-decks-for-free","og_site_name":"Clash of Decks","article_modified_time":"2024-01-22T14:58:58+00:00","og_image":[{"url":"https:\/\/clashofdecks.com\/wp-content\/uploads\/2023\/04\/concepte-stor.jpg","type":"","width":"","height":""}],"twitter_card":"summary_large_image","twitter_misc":{"Dur\u00e9e de lecture estim\u00e9e":"2 minutes"},"schema":{"@context":"https:\/\/schema.org","@graph":[{"@type":"WebPage","@id":"https:\/\/clashofdecks.com\/fr\/play-clash-of-decks-for-free","url":"https:\/\/clashofdecks.com\/fr\/play-clash-of-decks-for-free","name":"Jouez gratuitement \u00e0 clash of decks - Clash of Decks","isPartOf":{"@id":"https:\/\/clashofdecks.com\/fr#website"},"primaryImageOfPage":{"@id":"https:\/\/clashofdecks.com\/fr\/play-clash-of-decks-for-free#primaryimage"},"image":{"@id":"https:\/\/clashofdecks.com\/fr\/play-clash-of-decks-for-free#primaryimage"},"thumbnailUrl":"https:\/\/clashofdecks.com\/wp-content\/uploads\/2023\/04\/concepte-stor.jpg","datePublished":"2021-11-26T09:45:26+00:00","dateModified":"2024-01-22T14:58:58+00:00","description":"Nous avons mis en place plusieurs solutions qui vous permettent de tester et de jouer gratuitement au jeu clash of decks.","breadcrumb":{"@id":"https:\/\/clashofdecks.com\/fr\/play-clash-of-decks-for-free#breadcrumb"},"inLanguage":"fr-FR","potentialAction":[{"@type":"ReadAction","target":["https:\/\/clashofdecks.com\/fr\/play-clash-of-decks-for-free"]}]},{"@type":"ImageObject","inLanguage":"fr-FR","@id":"https:\/\/clashofdecks.com\/fr\/play-clash-of-decks-for-free#primaryimage","url":"https:\/\/clashofdecks.com\/wp-content\/uploads\/2023\/04\/concepte-stor.jpg","contentUrl":"https:\/\/clashofdecks.com\/wp-content\/uploads\/2023\/04\/concepte-stor.jpg"},{"@type":"BreadcrumbList","@id":"https:\/\/clashofdecks.com\/fr\/play-clash-of-decks-for-free#breadcrumb","itemListElement":[{"@type":"ListItem","position":1,"name":"Accueil","item":"https:\/\/clashofdecks.com\/fr"},{"@type":"ListItem","position":2,"name":"Jouez gratuitement \u00e0 clash of decks"}]},{"@type":"WebSite","@id":"https:\/\/clashofdecks.com\/fr#website","url":"https:\/\/clashofdecks.com\/fr","name":"Clash of Decks","description":"a real FREE-TO-PLAY Card Game!","publisher":{"@id":"https:\/\/clashofdecks.com\/fr#organization"},"potentialAction":[{"@type":"SearchAction","target":{"@type":"EntryPoint","urlTemplate":"https:\/\/clashofdecks.com\/fr?s={search_term_string}"},"query-input":{"@type":"PropertyValueSpecification","valueRequired":true,"valueName":"search_term_string"}}],"inLanguage":"fr-FR"},{"@type":"Organization","@id":"https:\/\/clashofdecks.com\/fr#organization","name":"Clash of Decks","url":"https:\/\/clashofdecks.com\/fr","logo":{"@type":"ImageObject","inLanguage":"fr-FR","@id":"https:\/\/clashofdecks.com\/fr#\/schema\/logo\/image\/","url":"https:\/\/clashofdecks.com\/wp-content\/uploads\/2022\/09\/cropped-cropped-Logo-de-CoD-min.png","contentUrl":"https:\/\/clashofdecks.com\/wp-content\/uploads\/2022\/09\/cropped-cropped-Logo-de-CoD-min.png","width":250,"height":240,"caption":"Clash of Decks"},"image":{"@id":"https:\/\/clashofdecks.com\/fr#\/schema\/logo\/image\/"}}]}},"jetpack_sharing_enabled":true,"_links":{"self":[{"href":"https:\/\/clashofdecks.com\/fr\/wp-json\/wp\/v2\/pages\/4990","targetHints":{"allow":["GET"]}}],"collection":[{"href":"https:\/\/clashofdecks.com\/fr\/wp-json\/wp\/v2\/pages"}],"about":[{"href":"https:\/\/clashofdecks.com\/fr\/wp-json\/wp\/v2\/types\/page"}],"author":[{"embeddable":true,"href":"https:\/\/clashofdecks.com\/fr\/wp-json\/wp\/v2\/users\/1"}],"replies":[{"embeddable":true,"href":"https:\/\/clashofdecks.com\/fr\/wp-json\/wp\/v2\/comments?post=4990"}],"version-history":[{"count":33,"href":"https:\/\/clashofdecks.com\/fr\/wp-json\/wp\/v2\/pages\/4990\/revisions"}],"predecessor-version":[{"id":20557,"href":"https:\/\/clashofdecks.com\/fr\/wp-json\/wp\/v2\/pages\/4990\/revisions\/20557"}],"wp:attachment":[{"href":"https:\/\/clashofdecks.com\/fr\/wp-json\/wp\/v2\/media?parent=4990"}],"curies":[{"name":"wp","href":"https:\/\/api.w.org\/{rel}","templated":true}]}}