{"id":4932,"date":"2021-11-26T10:32:17","date_gmt":"2021-11-26T09:32:17","guid":{"rendered":"https:\/\/clashofdecks.com\/generateur-de-cartes"},"modified":"2023-01-23T16:05:12","modified_gmt":"2023-01-23T15:05:12","slug":"generateur-de-carte","status":"publish","type":"page","link":"https:\/\/clashofdecks.com\/fr\/generateur-de-carte","title":{"rendered":"G\u00e9n\u00e9rateur de cartes"},"content":{"rendered":"\n<h1 class=\"wp-block-heading\">G\u00e9n\u00e9rateur de cartes<\/h1>\n\n<p class=\"has-text-align-left\">Nous avons con\u00e7u un g\u00e9n\u00e9rateur de cartes personnalis\u00e9es en ligne accessible gratuitement et sans inscription.<br\/>Cet outil vous permet de cr\u00e9er VOS propres cartes pour Clash of Decks !<br\/>Vous pouvez cr\u00e9er autant de cartes de cr\u00e9ature, d&rsquo;incantation ou de champion que vous le souhaitez, pour jouer gratuitement, en Print and Play.<\/p>\n\n<figure class=\"wp-block-image aligncenter size-large\"><img loading=\"lazy\" decoding=\"async\" width=\"1024\" height=\"510\" src=\"https:\/\/clashofdecks.com\/wp-content\/uploads\/2022\/02\/demo-card-generator-1024x510.png\" alt=\"\" class=\"wp-image-2161\" srcset=\"https:\/\/clashofdecks.com\/wp-content\/uploads\/2022\/02\/demo-card-generator-1024x510.png 1024w, https:\/\/clashofdecks.com\/wp-content\/uploads\/2022\/02\/demo-card-generator-600x299.png 600w, https:\/\/clashofdecks.com\/wp-content\/uploads\/2022\/02\/demo-card-generator-300x149.png 300w, https:\/\/clashofdecks.com\/wp-content\/uploads\/2022\/02\/demo-card-generator-768x382.png 768w, https:\/\/clashofdecks.com\/wp-content\/uploads\/2022\/02\/demo-card-generator-1536x765.png 1536w, https:\/\/clashofdecks.com\/wp-content\/uploads\/2022\/02\/demo-card-generator-2048x1020.png 2048w, https:\/\/clashofdecks.com\/wp-content\/uploads\/2022\/02\/demo-card-generator-2000x996.png 2000w\" sizes=\"auto, (max-width: 1024px) 100vw, 1024px\" \/><\/figure>\n<div class=\"wp-block-buttons is-content-justification-center is-layout-flex wp-container-core-buttons-is-layout-a89b3969 wp-block-buttons-is-layout-flex\">\n<div class=\"wp-block-button\"><a class=\"wp-block-button__link wp-element-button\" href=\"https:\/\/cardgenerator.clashofdecks.com\/\">Cr\u00e9ez VOS cartes personnalis\u00e9es<\/a><\/div>\n<\/div>\n\n<h2 class=\"has-text-align-center wp-block-heading\"><strong>Que puis-je personnaliser sur une carte ?<\/strong><\/h2>\n\n<p><\/p>\n\n<p class=\"has-text-align-left\"><strong>Son nom<\/strong> : dans la langue de votre choix, <strong>Son illustration<\/strong> : issu de notre base de donn\u00e9es d&rsquo;illustrations en ligne ou avec une photo de votre choix t\u00e9l\u00e9charg\u00e9e depuis votre ordinateur, Sa <strong>valeur d&rsquo;Attaque<\/strong> (de 1 \u00e0 9), Sa <strong>valeur de Points de vie<\/strong> (de 1 \u00e0 9) , Son <strong>nombre de Capacit\u00e9s Sp\u00e9ciales<\/strong> (de 0 \u00e0 5).<\/p>\n\n<figure class=\"wp-block-image aligncenter is-resized size-full\"><img loading=\"lazy\" decoding=\"async\" src=\"https:\/\/clashofdecks.com\/wp-content\/uploads\/brizy\/imgs\/demo_2_flech_inverse-647x313x0x0x647x313x1636143673.png\" alt=\"\" width=\"647\" height=\"313\"\/><\/figure>\n<div class=\"wp-block-buttons is-content-justification-center is-layout-flex wp-container-core-buttons-is-layout-a89b3969 wp-block-buttons-is-layout-flex\">\n<div class=\"wp-block-button\"><a class=\"wp-block-button__link wp-element-button\" href=\"https:\/\/cardgenerator.clashofdecks.com\/\">G\u00e9n\u00e9rateur de cartes<\/a><\/div>\n<\/div>\n\n<p>Le co\u00fbt en Mana (de 1 \u00e0 9) des cartes cr\u00e9\u00e9es via le g\u00e9n\u00e9rateur de cartes personnalis\u00e9es en ligne est automatiquement <strong>calcul\u00e9 en fonction des caract\u00e9ristiques que vous avez choisies pour les cartes.<\/strong> Les cartes cr\u00e9\u00e9es avec le g\u00e9n\u00e9rateur de cartes personnalis\u00e9es sont donc <strong>toutes \u00e9quilibr\u00e9es et jouables<\/strong> dans tous les formats (pr\u00e9construits, draft, construits), tous les modes de jeu (solo et duel) et tous les tournois organis\u00e9s par Grammes Edition.<\/p>\n\n<h2 class=\"wp-block-heading\"><strong>Service d&rsquo;impression \u00e0 la demande pour les cartes Champion<\/strong><\/h2>\n\n<p>Nous sommes heureux de vous annoncer que, plut\u00f4t que d&rsquo;imprimer vous-m\u00eame vos cartes Champion en <strong>Print and Play<\/strong>, nous proposons un service d&rsquo;impression \u00e0 la demande, sur des cartes PVC de 0,5 mm d&rsquo;\u00e9paisseur. Nous avons investi dans une imprimante professionnelle Evolis Primacy pour imprimer nous-m\u00eames vos cartes Champion personnalis\u00e9es, en haute d\u00e9finition et sur des supports premium.<\/p>\n\n<figure class=\"wp-block-embed is-type-video is-provider-youtube wp-block-embed-youtube wp-embed-aspect-16-9 wp-has-aspect-ratio\"><div class=\"wp-block-embed__wrapper\">\n<iframe loading=\"lazy\" title=\"Clash of Decks: Print on Demand - Custom Champion Card\" width=\"950\" height=\"534\" src=\"https:\/\/www.youtube.com\/embed\/TQToUdTIkq0?feature=oembed\" frameborder=\"0\" allow=\"accelerometer; autoplay; clipboard-write; encrypted-media; gyroscope; picture-in-picture\" allowfullscreen><\/iframe>\n<\/div><\/figure>\n","protected":false},"excerpt":{"rendered":"<p>G\u00e9n\u00e9rateur de cartes Nous avons con\u00e7u un g\u00e9n\u00e9rateur de cartes personnalis\u00e9es en ligne accessible gratuitement et sans inscription.Cet outil vous permet de cr\u00e9er VOS propres cartes pour Clash of Decks !Vous pouvez cr\u00e9er autant de cartes de cr\u00e9ature, d&rsquo;incantation ou de champion que vous le souhaitez, pour jouer gratuitement, en Print and Play. Que puis-je &hellip; <\/p>\n<p class=\"link-more\"><a href=\"https:\/\/clashofdecks.com\/fr\/generateur-de-carte\" class=\"more-link\">Lire la suite de<span class=\"screen-reader-text\">\u00ab\u00a0G\u00e9n\u00e9rateur de cartes\u00a0\u00bb<\/span><\/a><\/p>\n","protected":false},"author":1,"featured_media":0,"parent":0,"menu_order":0,"comment_status":"closed","ping_status":"closed","template":"page-templates\/full-width-no-title.php","meta":{"footnotes":""},"class_list":["post-4932","page","type-page","status-publish","hentry"],"yoast_head":"<!-- This site is optimized with the Yoast SEO plugin v27.4 - https:\/\/yoast.com\/product\/yoast-seo-wordpress\/ -->\n<title>G\u00e9n\u00e9rateur de cartes - Clash of Decks<\/title>\n<meta name=\"description\" content=\"Nous avons con\u00e7u un g\u00e9n\u00e9rateur de cartes personnalis\u00e9es en ligne accessible gratuitement et sans inscription.\" \/>\n<meta name=\"robots\" content=\"index, follow, max-snippet:-1, max-image-preview:large, max-video-preview:-1\" \/>\n<link rel=\"canonical\" href=\"https:\/\/clashofdecks.com\/fr\/generateur-de-carte\" \/>\n<meta property=\"og:locale\" content=\"fr_FR\" \/>\n<meta property=\"og:type\" content=\"article\" \/>\n<meta property=\"og:title\" content=\"G\u00e9n\u00e9rateur de cartes - Clash of Decks\" \/>\n<meta property=\"og:description\" content=\"Nous avons con\u00e7u un g\u00e9n\u00e9rateur de cartes personnalis\u00e9es en ligne accessible gratuitement et sans inscription.\" \/>\n<meta property=\"og:url\" content=\"https:\/\/clashofdecks.com\/fr\/generateur-de-carte\" \/>\n<meta property=\"og:site_name\" content=\"Clash of Decks\" \/>\n<meta property=\"article:modified_time\" content=\"2023-01-23T15:05:12+00:00\" \/>\n<meta property=\"og:image\" content=\"https:\/\/clashofdecks.com\/wp-content\/uploads\/2022\/02\/demo-card-generator-1024x510.png\" \/>\n<meta name=\"twitter:card\" content=\"summary_large_image\" \/>\n<meta name=\"twitter:label1\" content=\"Dur\u00e9e de lecture estim\u00e9e\" \/>\n\t<meta name=\"twitter:data1\" content=\"2 minutes\" \/>\n<script type=\"application\/ld+json\" class=\"yoast-schema-graph\">{\"@context\":\"https:\\\/\\\/schema.org\",\"@graph\":[{\"@type\":\"WebPage\",\"@id\":\"https:\\\/\\\/clashofdecks.com\\\/fr\\\/generateur-de-carte\",\"url\":\"https:\\\/\\\/clashofdecks.com\\\/fr\\\/generateur-de-carte\",\"name\":\"G\u00e9n\u00e9rateur de cartes - Clash of Decks\",\"isPartOf\":{\"@id\":\"https:\\\/\\\/clashofdecks.com\\\/fr#website\"},\"primaryImageOfPage\":{\"@id\":\"https:\\\/\\\/clashofdecks.com\\\/fr\\\/generateur-de-carte#primaryimage\"},\"image\":{\"@id\":\"https:\\\/\\\/clashofdecks.com\\\/fr\\\/generateur-de-carte#primaryimage\"},\"thumbnailUrl\":\"https:\\\/\\\/clashofdecks.com\\\/wp-content\\\/uploads\\\/2022\\\/02\\\/demo-card-generator-1024x510.png\",\"datePublished\":\"2021-11-26T09:32:17+00:00\",\"dateModified\":\"2023-01-23T15:05:12+00:00\",\"description\":\"Nous avons con\u00e7u un g\u00e9n\u00e9rateur de cartes personnalis\u00e9es en ligne accessible gratuitement et sans inscription.\",\"breadcrumb\":{\"@id\":\"https:\\\/\\\/clashofdecks.com\\\/fr\\\/generateur-de-carte#breadcrumb\"},\"inLanguage\":\"fr-FR\",\"potentialAction\":[{\"@type\":\"ReadAction\",\"target\":[\"https:\\\/\\\/clashofdecks.com\\\/fr\\\/generateur-de-carte\"]}]},{\"@type\":\"ImageObject\",\"inLanguage\":\"fr-FR\",\"@id\":\"https:\\\/\\\/clashofdecks.com\\\/fr\\\/generateur-de-carte#primaryimage\",\"url\":\"https:\\\/\\\/clashofdecks.com\\\/wp-content\\\/uploads\\\/2022\\\/02\\\/demo-card-generator-1024x510.png\",\"contentUrl\":\"https:\\\/\\\/clashofdecks.com\\\/wp-content\\\/uploads\\\/2022\\\/02\\\/demo-card-generator-1024x510.png\"},{\"@type\":\"BreadcrumbList\",\"@id\":\"https:\\\/\\\/clashofdecks.com\\\/fr\\\/generateur-de-carte#breadcrumb\",\"itemListElement\":[{\"@type\":\"ListItem\",\"position\":1,\"name\":\"Accueil\",\"item\":\"https:\\\/\\\/clashofdecks.com\\\/fr\"},{\"@type\":\"ListItem\",\"position\":2,\"name\":\"G\u00e9n\u00e9rateur de cartes\"}]},{\"@type\":\"WebSite\",\"@id\":\"https:\\\/\\\/clashofdecks.com\\\/fr#website\",\"url\":\"https:\\\/\\\/clashofdecks.com\\\/fr\",\"name\":\"Clash of Decks\",\"description\":\"a real FREE-TO-PLAY Card Game!\",\"publisher\":{\"@id\":\"https:\\\/\\\/clashofdecks.com\\\/fr#organization\"},\"potentialAction\":[{\"@type\":\"SearchAction\",\"target\":{\"@type\":\"EntryPoint\",\"urlTemplate\":\"https:\\\/\\\/clashofdecks.com\\\/fr?s={search_term_string}\"},\"query-input\":{\"@type\":\"PropertyValueSpecification\",\"valueRequired\":true,\"valueName\":\"search_term_string\"}}],\"inLanguage\":\"fr-FR\"},{\"@type\":\"Organization\",\"@id\":\"https:\\\/\\\/clashofdecks.com\\\/fr#organization\",\"name\":\"Clash of Decks\",\"url\":\"https:\\\/\\\/clashofdecks.com\\\/fr\",\"logo\":{\"@type\":\"ImageObject\",\"inLanguage\":\"fr-FR\",\"@id\":\"https:\\\/\\\/clashofdecks.com\\\/fr#\\\/schema\\\/logo\\\/image\\\/\",\"url\":\"https:\\\/\\\/clashofdecks.com\\\/wp-content\\\/uploads\\\/2022\\\/09\\\/cropped-cropped-Logo-de-CoD-min.png\",\"contentUrl\":\"https:\\\/\\\/clashofdecks.com\\\/wp-content\\\/uploads\\\/2022\\\/09\\\/cropped-cropped-Logo-de-CoD-min.png\",\"width\":250,\"height\":240,\"caption\":\"Clash of Decks\"},\"image\":{\"@id\":\"https:\\\/\\\/clashofdecks.com\\\/fr#\\\/schema\\\/logo\\\/image\\\/\"}}]}<\/script>\n<!-- \/ Yoast SEO plugin. -->","yoast_head_json":{"title":"G\u00e9n\u00e9rateur de cartes - Clash of Decks","description":"Nous avons con\u00e7u un g\u00e9n\u00e9rateur de cartes personnalis\u00e9es en ligne accessible gratuitement et sans inscription.","robots":{"index":"index","follow":"follow","max-snippet":"max-snippet:-1","max-image-preview":"max-image-preview:large","max-video-preview":"max-video-preview:-1"},"canonical":"https:\/\/clashofdecks.com\/fr\/generateur-de-carte","og_locale":"fr_FR","og_type":"article","og_title":"G\u00e9n\u00e9rateur de cartes - Clash of Decks","og_description":"Nous avons con\u00e7u un g\u00e9n\u00e9rateur de cartes personnalis\u00e9es en ligne accessible gratuitement et sans inscription.","og_url":"https:\/\/clashofdecks.com\/fr\/generateur-de-carte","og_site_name":"Clash of Decks","article_modified_time":"2023-01-23T15:05:12+00:00","og_image":[{"url":"https:\/\/clashofdecks.com\/wp-content\/uploads\/2022\/02\/demo-card-generator-1024x510.png","type":"","width":"","height":""}],"twitter_card":"summary_large_image","twitter_misc":{"Dur\u00e9e de lecture estim\u00e9e":"2 minutes"},"schema":{"@context":"https:\/\/schema.org","@graph":[{"@type":"WebPage","@id":"https:\/\/clashofdecks.com\/fr\/generateur-de-carte","url":"https:\/\/clashofdecks.com\/fr\/generateur-de-carte","name":"G\u00e9n\u00e9rateur de cartes - Clash of Decks","isPartOf":{"@id":"https:\/\/clashofdecks.com\/fr#website"},"primaryImageOfPage":{"@id":"https:\/\/clashofdecks.com\/fr\/generateur-de-carte#primaryimage"},"image":{"@id":"https:\/\/clashofdecks.com\/fr\/generateur-de-carte#primaryimage"},"thumbnailUrl":"https:\/\/clashofdecks.com\/wp-content\/uploads\/2022\/02\/demo-card-generator-1024x510.png","datePublished":"2021-11-26T09:32:17+00:00","dateModified":"2023-01-23T15:05:12+00:00","description":"Nous avons con\u00e7u un g\u00e9n\u00e9rateur de cartes personnalis\u00e9es en ligne accessible gratuitement et sans inscription.","breadcrumb":{"@id":"https:\/\/clashofdecks.com\/fr\/generateur-de-carte#breadcrumb"},"inLanguage":"fr-FR","potentialAction":[{"@type":"ReadAction","target":["https:\/\/clashofdecks.com\/fr\/generateur-de-carte"]}]},{"@type":"ImageObject","inLanguage":"fr-FR","@id":"https:\/\/clashofdecks.com\/fr\/generateur-de-carte#primaryimage","url":"https:\/\/clashofdecks.com\/wp-content\/uploads\/2022\/02\/demo-card-generator-1024x510.png","contentUrl":"https:\/\/clashofdecks.com\/wp-content\/uploads\/2022\/02\/demo-card-generator-1024x510.png"},{"@type":"BreadcrumbList","@id":"https:\/\/clashofdecks.com\/fr\/generateur-de-carte#breadcrumb","itemListElement":[{"@type":"ListItem","position":1,"name":"Accueil","item":"https:\/\/clashofdecks.com\/fr"},{"@type":"ListItem","position":2,"name":"G\u00e9n\u00e9rateur de cartes"}]},{"@type":"WebSite","@id":"https:\/\/clashofdecks.com\/fr#website","url":"https:\/\/clashofdecks.com\/fr","name":"Clash of Decks","description":"a real FREE-TO-PLAY Card Game!","publisher":{"@id":"https:\/\/clashofdecks.com\/fr#organization"},"potentialAction":[{"@type":"SearchAction","target":{"@type":"EntryPoint","urlTemplate":"https:\/\/clashofdecks.com\/fr?s={search_term_string}"},"query-input":{"@type":"PropertyValueSpecification","valueRequired":true,"valueName":"search_term_string"}}],"inLanguage":"fr-FR"},{"@type":"Organization","@id":"https:\/\/clashofdecks.com\/fr#organization","name":"Clash of Decks","url":"https:\/\/clashofdecks.com\/fr","logo":{"@type":"ImageObject","inLanguage":"fr-FR","@id":"https:\/\/clashofdecks.com\/fr#\/schema\/logo\/image\/","url":"https:\/\/clashofdecks.com\/wp-content\/uploads\/2022\/09\/cropped-cropped-Logo-de-CoD-min.png","contentUrl":"https:\/\/clashofdecks.com\/wp-content\/uploads\/2022\/09\/cropped-cropped-Logo-de-CoD-min.png","width":250,"height":240,"caption":"Clash of Decks"},"image":{"@id":"https:\/\/clashofdecks.com\/fr#\/schema\/logo\/image\/"}}]}},"jetpack_sharing_enabled":true,"_links":{"self":[{"href":"https:\/\/clashofdecks.com\/fr\/wp-json\/wp\/v2\/pages\/4932","targetHints":{"allow":["GET"]}}],"collection":[{"href":"https:\/\/clashofdecks.com\/fr\/wp-json\/wp\/v2\/pages"}],"about":[{"href":"https:\/\/clashofdecks.com\/fr\/wp-json\/wp\/v2\/types\/page"}],"author":[{"embeddable":true,"href":"https:\/\/clashofdecks.com\/fr\/wp-json\/wp\/v2\/users\/1"}],"replies":[{"embeddable":true,"href":"https:\/\/clashofdecks.com\/fr\/wp-json\/wp\/v2\/comments?post=4932"}],"version-history":[{"count":20,"href":"https:\/\/clashofdecks.com\/fr\/wp-json\/wp\/v2\/pages\/4932\/revisions"}],"predecessor-version":[{"id":12348,"href":"https:\/\/clashofdecks.com\/fr\/wp-json\/wp\/v2\/pages\/4932\/revisions\/12348"}],"wp:attachment":[{"href":"https:\/\/clashofdecks.com\/fr\/wp-json\/wp\/v2\/media?parent=4932"}],"curies":[{"name":"wp","href":"https:\/\/api.w.org\/{rel}","templated":true}]}}