{"id":4926,"date":"2022-03-07T13:10:17","date_gmt":"2022-03-07T12:10:17","guid":{"rendered":"https:\/\/clashofdecks.com\/livret-de-regles"},"modified":"2023-10-25T14:50:18","modified_gmt":"2023-10-25T12:50:18","slug":"regle-du-jeu-de-clash-of-decks","status":"publish","type":"page","link":"https:\/\/clashofdecks.com\/fr\/regle-du-jeu-de-clash-of-decks","title":{"rendered":"Livret de r\u00e8gles"},"content":{"rendered":"\n<h1 class=\"wp-block-heading\">R\u00e8gles du jeu &#8211; Clash of Decks<\/h1>\n\n<h2 class=\"wp-block-heading has-text-align-center\">version 1.2 Avril 2023<\/h2>\n\n<div class=\"wp-block-columns is-not-stacked-on-mobile is-layout-flex wp-container-core-columns-is-layout-28f84493 wp-block-columns-is-layout-flex\">\n<div class=\"wp-block-column is-layout-flow wp-block-column-is-layout-flow\">\n<figure class=\"wp-block-image aligncenter size-full\"><img loading=\"lazy\" decoding=\"async\" width=\"185\" height=\"224\" src=\"https:\/\/clashofdecks.com\/wp-content\/uploads\/2022\/03\/01-usa.png\" alt=\"\" class=\"wp-image-2296\"\/><\/figure>\n\n\n\n<div class=\"wp-block-buttons is-layout-flex wp-block-buttons-is-layout-flex\">\n<div class=\"wp-block-button has-custom-font-size aligncenter has-small-font-size\"><a class=\"wp-block-button__link wp-element-button\" href=\"https:\/\/clashofdecks.com\/wp-content\/uploads\/2023\/08\/v3-regle-EN-online.pdf\">T\u00e9l\u00e9charger en Anglais &#8211; PDF 1.2<\/a><\/div>\n<\/div>\n\n\n\n<p class=\"has-text-align-center\"><a href=\"https:\/\/clashofdecks.com\/wp-content\/uploads\/2023\/08\/v3-regle-EN-online-Light.pdf\">T\u00e9lecharger en Eco-impression<\/a><\/p>\n<\/div>\n\n\n\n<div class=\"wp-block-column is-layout-flow wp-block-column-is-layout-flow\">\n<figure class=\"wp-block-image aligncenter size-full\"><img loading=\"lazy\" decoding=\"async\" width=\"185\" height=\"224\" src=\"https:\/\/clashofdecks.com\/wp-content\/uploads\/2022\/03\/02-france.png\" alt=\"\" class=\"wp-image-2298\"\/><\/figure>\n\n\n\n<div class=\"wp-block-buttons is-layout-flex wp-block-buttons-is-layout-flex\">\n<div class=\"wp-block-button has-custom-font-size aligncenter has-small-font-size\"><a class=\"wp-block-button__link wp-element-button\" href=\"https:\/\/clashofdecks.com\/wp-content\/uploads\/2023\/08\/v3-regle-FR-online.pdf\">T\u00e9l\u00e9charger en Fran\u00e7ais &#8211; PDF 1.2<\/a><\/div>\n<\/div>\n\n\n\n<p class=\"has-text-align-center\"><a href=\"https:\/\/clashofdecks.com\/wp-content\/uploads\/2023\/08\/v3-regle-FR-online-light.pdf\">T\u00e9lecharger en Eco-impression<\/a><\/p>\n<\/div>\n\n\n\n<div class=\"wp-block-column is-layout-flow wp-block-column-is-layout-flow\">\n<figure class=\"wp-block-image aligncenter size-full\"><img loading=\"lazy\" decoding=\"async\" width=\"185\" height=\"224\" src=\"https:\/\/clashofdecks.com\/wp-content\/uploads\/2022\/03\/11-coree-du-sud.png\" alt=\"\" class=\"wp-image-2308\"\/><\/figure>\n\n\n\n<div class=\"wp-block-buttons is-layout-flex wp-block-buttons-is-layout-flex\">\n<div class=\"wp-block-button has-custom-font-size aligncenter has-small-font-size\"><a class=\"wp-block-button__link wp-element-button\" href=\"https:\/\/clashofdecks.com\/wp-content\/uploads\/2023\/10\/CoD-Initiation_Rulebook_KR_231013_web.pdf\">T\u00e9l\u00e9charger en cor\u00e9en &#8211; PDF 1.2<\/a><\/div>\n<\/div>\n\n\n\n<p class=\"has-text-align-center\"><\/p>\n<\/div>\n<\/div>\n\n<h2 class=\"wp-block-heading has-text-align-center\">version 1.0 avril 2022<\/h2>\n\n<p class=\"has-text-align-center flagRulebook\"> <a href=\"https:\/\/clashofdecks.com\/rulebook-online-in-spanish-reglas-del-juego\"><img decoding=\"async\" style=\"width: 150px;\" src=\"https:\/\/clashofdecks.com\/wp-content\/uploads\/2022\/03\/05-espagne.png\" alt=\"Espagnol - En ligne\"\/>Espagnol<\/a><a href=\"https:\/\/clashofdecks.com\/regolamento-online-in-italiano-regole-del-gioco\"><img decoding=\"async\" style=\"width: 150px;\" src=\"https:\/\/clashofdecks.com\/wp-content\/uploads\/2022\/03\/03-itlaie.png\" alt=\"Italien - En ligne\"\/>Italien<\/a><a href=\"https:\/\/clashofdecks.com\/rulebook-online-in-filipino\"><img decoding=\"async\" class=\"brz-img\" style=\"width: 150px;\" src=\"https:\/\/clashofdecks.com\/wp-content\/uploads\/2022\/03\/25-Philippin.png\" alt=\"Philippin - En ligne\"\/>Philippin<\/a> <a href=\"https:\/\/clashofdecks.com\/rulebook-online-in-galician-regras-do-xogo\"><img decoding=\"async\" style=\"width: 150px;\" src=\"https:\/\/clashofdecks.com\/wp-content\/uploads\/2022\/03\/30-Galician.png\" alt=\"Galicien - En ligne\"\/>Galicien<\/a><a href=\"https:\/\/clashofdecks.com\/rulebook-online-in-chinese-%e8%a7%84%e5%88%99%e8%af%b4%e6%98%8e%e4%b9%a6\"><img decoding=\"async\" style=\"width: 150px;\" src=\"https:\/\/clashofdecks.com\/wp-content\/uploads\/2022\/03\/13-chine.png\" alt=\"Chinese flag\"\/>Chinois<\/a><a href=\"https:\/\/clashofdecks.com\/fr\/contact\"><img decoding=\"async\" style=\"width: 150px;\" src=\"https:\/\/clashofdecks.com\/wp-content\/uploads\/2022\/03\/add-language.png\" alt=\"Proposez votre langue\"\/>+<\/a><\/p>\n\n<h2 class=\"wp-block-heading has-text-align-center\">Version 0.1 ao\u00fbt 2021<\/h2>\n\n<p class=\"has-text-align-center\">Les r\u00e8gles de <strong>Clash of Decks<\/strong> ont \u00e9t\u00e9 traduites en 32 langues !<\/p>\n\n<p class=\"has-text-align-center flagRulebook\">\n<a href=\"https:\/\/clashofdecks.com\/archives\/205\"><img decoding=\"async\" src=\"https:\/\/clashofdecks.com\/wp-content\/uploads\/2022\/03\/04-de-2.png\" alt=\"Drapeau Allemand\"\/>Allemand<\/a>\n<a href=\"https:\/\/clashofdecks.com\/archives\/198\"><img decoding=\"async\" src=\"https:\/\/clashofdecks.com\/wp-content\/uploads\/2022\/03\/06-pays-bas.png\" alt=\"Pays Bas Drapeau\"\/>N\u00e9erlandais<\/a>\n<a href=\"https:\/\/clashofdecks.com\/archives\/189\"><img decoding=\"async\" src=\"https:\/\/clashofdecks.com\/wp-content\/uploads\/2022\/03\/07-pologne.png\" alt=\"Polish flag\"\/>Polonais<\/a>\n<a href=\"https:\/\/clashofdecks.com\/archives\/555\"><img decoding=\"async\" src=\"https:\/\/clashofdecks.com\/wp-content\/uploads\/2022\/03\/08-japon.png\" alt=\"Japanese flag\"\/>Japonais<\/a>\n<a href=\"https:\/\/clashofdecks.com\/archives\/215\"><img decoding=\"async\" src=\"https:\/\/clashofdecks.com\/wp-content\/uploads\/2022\/04\/danish.png\" alt=\"Danish flag\"\/>Danois<\/a>\n<a href=\"https:\/\/clashofdecks.com\/archives\/202\"><img decoding=\"async\" src=\"https:\/\/clashofdecks.com\/wp-content\/uploads\/2022\/03\/10-suede.png\" alt=\"Swedish flag\"\/>Su\u00e9dois<\/a>\n<a href=\"https:\/\/clashofdecks.com\/archives\/193\"><img decoding=\"async\" src=\"https:\/\/clashofdecks.com\/wp-content\/uploads\/2022\/03\/12-portugale.png\" alt=\"Portuguese flag\"\/>Portugais<\/a>\n<a href=\"https:\/\/clashofdecks.com\/archives\/199\"><img decoding=\"async\" src=\"https:\/\/clashofdecks.com\/wp-content\/uploads\/2022\/03\/14-hongrie.png\" alt=\"Hungarian flag\"\/>Hongrois<\/a>\n<a href=\"https:\/\/clashofdecks.com\/archives\/207\"><img decoding=\"async\" src=\"https:\/\/clashofdecks.com\/wp-content\/uploads\/2022\/03\/15-grece.png\" alt=\"Greek flag\"\/>Grec<\/a>\n<a href=\"https:\/\/clashofdecks.com\/archives\/197\"><img decoding=\"async\" src=\"https:\/\/clashofdecks.com\/wp-content\/uploads\/2022\/03\/16-brezil.png\" alt=\"Brazilian flag\"\/>Br\u00e9silien<\/a>\n<a href=\"https:\/\/clashofdecks.com\/archives\/211\"><img decoding=\"async\" src=\"https:\/\/clashofdecks.com\/wp-content\/uploads\/2022\/03\/indonesie.png\" alt=\"Indonisian flag\"\/>Indon\u00e9sien<\/a>\n<a href=\"https:\/\/clashofdecks.com\/archives\/1111\"><img decoding=\"async\" src=\"https:\/\/clashofdecks.com\/wp-content\/uploads\/2022\/03\/18-Republique-tcheque.png\" alt=\"Czech flag\"\/>Tch\u00e8que<\/a>\n<a href=\"https:\/\/clashofdecks.com\/archives\/213\"><img decoding=\"async\" src=\"https:\/\/clashofdecks.com\/wp-content\/uploads\/2022\/03\/20-serbie.png\" alt=\"Serbian flag\"\/>Serbe<\/a>\n<a href=\"https:\/\/clashofdecks.com\/archives\/182\"><img decoding=\"async\" src=\"https:\/\/clashofdecks.com\/wp-content\/uploads\/2022\/03\/serbo-croate.png\" alt=\"Serbo-Croatian flag\"\/>Serbo-croate<\/a>\n<a href=\"https:\/\/clashofdecks.com\/archives\/204\"><img decoding=\"async\" src=\"https:\/\/clashofdecks.com\/wp-content\/uploads\/2022\/03\/Slovenie.png\" alt=\"Slovenian flag\"\/>Slov\u00e8ne<\/a>\n<a href=\"https:\/\/clashofdecks.com\/archives\/201\"><img decoding=\"async\" src=\"https:\/\/clashofdecks.com\/wp-content\/uploads\/2022\/03\/21-roumanie.png\" alt=\"Romanian flag\"\/>Roumain<\/a>\n<a href=\"https:\/\/clashofdecks.com\/archives\/200\"><img decoding=\"async\" src=\"https:\/\/clashofdecks.com\/wp-content\/uploads\/2022\/03\/22-russie.png\" alt=\"Russian flag\"\/>Russe<\/a>\n<a href=\"https:\/\/clashofdecks.com\/archives\/203\"><img decoding=\"async\" src=\"https:\/\/clashofdecks.com\/wp-content\/uploads\/2022\/03\/23-ukraine.png\" alt=\"Ukrainian flag\"\/>Ukrainien<\/a>\n<a href=\"https:\/\/clashofdecks.com\/archives\/554\"><img decoding=\"async\" src=\"https:\/\/clashofdecks.com\/wp-content\/uploads\/2022\/03\/24-Bulgare.png\" alt=\"Bulgarian flag\"\/>Bulgare<\/a>\n<a href=\"https:\/\/clashofdecks.com\/archives\/2030\"><img decoding=\"async\" src=\"https:\/\/clashofdecks.com\/wp-content\/uploads\/2022\/03\/26-Hebreux.png\" alt=\"Hebrew flag\"\/>H\u00e9breu<\/a>\n<a href=\"https:\/\/clashofdecks.com\/archives\/210\"><img decoding=\"async\" src=\"https:\/\/clashofdecks.com\/wp-content\/uploads\/2022\/03\/32-latin-vatican.png\" alt=\"Latin flag\"\/>Latin<\/a>\n<a href=\"https:\/\/clashofdecks.com\/archives\/196\"><img decoding=\"async\" src=\"https:\/\/clashofdecks.com\/wp-content\/uploads\/2022\/03\/27-Turc.png\" alt=\"Turkish flag\"\/>Turc<\/a>\n<a href=\"https:\/\/clashofdecks.com\/archives\/192\"><img decoding=\"async\" src=\"https:\/\/clashofdecks.com\/wp-content\/uploads\/2022\/03\/28.3-United-Arab-Emirates.png\" alt=\"Arabic flag\"\/>Arabe<\/a>\n<a href=\"https:\/\/clashofdecks.com\/archives\/195\"><img decoding=\"async\" src=\"https:\/\/clashofdecks.com\/wp-content\/uploads\/2022\/03\/29-Catalan.png\" alt=\"Catalan flag\"\/>Catalan<\/a>\n<a href=\"https:\/\/clashofdecks.com\/archives\/191\"><img decoding=\"async\" src=\"https:\/\/clashofdecks.com\/wp-content\/uploads\/2022\/03\/31-Basque.png\" alt=\"Basque flag\"\/>Basque<\/a>\n<a href=\"https:\/\/clashofdecks.com\/archives\/214\"><img decoding=\"async\" src=\"https:\/\/clashofdecks.com\/wp-content\/uploads\/2022\/03\/33-Esperanto.png\" alt=\"Esperanto flag\"\/>Esp\u00e9ranto<\/a>\n\n\n<\/p>\n","protected":false},"excerpt":{"rendered":"<p>R\u00e8gles du jeu &#8211; Clash of Decks version 1.2 Avril 2023 T\u00e9lecharger en Eco-impression T\u00e9lecharger en Eco-impression version 1.0 avril 2022 EspagnolItalienPhilippin GalicienChinois+ Version 0.1 ao\u00fbt 2021 Les r\u00e8gles de Clash of Decks ont \u00e9t\u00e9 traduites en 32 langues ! Allemand N\u00e9erlandais Polonais Japonais Danois Su\u00e9dois Portugais Hongrois Grec Br\u00e9silien Indon\u00e9sien Tch\u00e8que Serbe Serbo-croate Slov\u00e8ne &hellip; <\/p>\n<p class=\"link-more\"><a href=\"https:\/\/clashofdecks.com\/fr\/regle-du-jeu-de-clash-of-decks\" class=\"more-link\">Lire la suite de<span class=\"screen-reader-text\">\u00ab\u00a0Livret de r\u00e8gles\u00a0\u00bb<\/span><\/a><\/p>\n","protected":false},"author":34,"featured_media":0,"parent":0,"menu_order":0,"comment_status":"closed","ping_status":"closed","template":"page-templates\/full-width-no-title.php","meta":{"footnotes":""},"class_list":["post-4926","page","type-page","status-publish","hentry"],"yoast_head":"<!-- This site is optimized with the Yoast SEO plugin v27.4 - https:\/\/yoast.com\/product\/yoast-seo-wordpress\/ -->\n<title>Livret de r\u00e8gles - Clash of Decks<\/title>\n<meta name=\"description\" content=\"Clash of Decks\" \/>\n<meta name=\"robots\" content=\"index, follow, max-snippet:-1, max-image-preview:large, max-video-preview:-1\" \/>\n<link rel=\"canonical\" href=\"https:\/\/clashofdecks.com\/fr\/regle-du-jeu-de-clash-of-decks\" \/>\n<meta property=\"og:locale\" content=\"fr_FR\" \/>\n<meta property=\"og:type\" content=\"article\" \/>\n<meta property=\"og:title\" content=\"Livret de r\u00e8gles - Clash of Decks\" \/>\n<meta property=\"og:description\" content=\"Clash of Decks\" \/>\n<meta property=\"og:url\" content=\"https:\/\/clashofdecks.com\/fr\/regle-du-jeu-de-clash-of-decks\" \/>\n<meta property=\"og:site_name\" content=\"Clash of Decks\" \/>\n<meta property=\"article:modified_time\" content=\"2023-10-25T12:50:18+00:00\" \/>\n<meta property=\"og:image\" content=\"https:\/\/clashofdecks.com\/wp-content\/uploads\/2022\/03\/01-usa.png\" \/>\n<meta name=\"twitter:card\" content=\"summary_large_image\" \/>\n<meta name=\"twitter:label1\" content=\"Dur\u00e9e de lecture estim\u00e9e\" \/>\n\t<meta name=\"twitter:data1\" content=\"8 minutes\" \/>\n<script type=\"application\/ld+json\" class=\"yoast-schema-graph\">{\"@context\":\"https:\\\/\\\/schema.org\",\"@graph\":[{\"@type\":\"WebPage\",\"@id\":\"https:\\\/\\\/clashofdecks.com\\\/fr\\\/regle-du-jeu-de-clash-of-decks\",\"url\":\"https:\\\/\\\/clashofdecks.com\\\/fr\\\/regle-du-jeu-de-clash-of-decks\",\"name\":\"Livret de r\u00e8gles - Clash of Decks\",\"isPartOf\":{\"@id\":\"https:\\\/\\\/clashofdecks.com\\\/fr#website\"},\"primaryImageOfPage\":{\"@id\":\"https:\\\/\\\/clashofdecks.com\\\/fr\\\/regle-du-jeu-de-clash-of-decks#primaryimage\"},\"image\":{\"@id\":\"https:\\\/\\\/clashofdecks.com\\\/fr\\\/regle-du-jeu-de-clash-of-decks#primaryimage\"},\"thumbnailUrl\":\"https:\\\/\\\/clashofdecks.com\\\/wp-content\\\/uploads\\\/2022\\\/03\\\/01-usa.png\",\"datePublished\":\"2022-03-07T12:10:17+00:00\",\"dateModified\":\"2023-10-25T12:50:18+00:00\",\"description\":\"Clash of Decks\",\"breadcrumb\":{\"@id\":\"https:\\\/\\\/clashofdecks.com\\\/fr\\\/regle-du-jeu-de-clash-of-decks#breadcrumb\"},\"inLanguage\":\"fr-FR\",\"potentialAction\":[{\"@type\":\"ReadAction\",\"target\":[\"https:\\\/\\\/clashofdecks.com\\\/fr\\\/regle-du-jeu-de-clash-of-decks\"]}]},{\"@type\":\"ImageObject\",\"inLanguage\":\"fr-FR\",\"@id\":\"https:\\\/\\\/clashofdecks.com\\\/fr\\\/regle-du-jeu-de-clash-of-decks#primaryimage\",\"url\":\"https:\\\/\\\/clashofdecks.com\\\/wp-content\\\/uploads\\\/2022\\\/03\\\/01-usa.png\",\"contentUrl\":\"https:\\\/\\\/clashofdecks.com\\\/wp-content\\\/uploads\\\/2022\\\/03\\\/01-usa.png\"},{\"@type\":\"BreadcrumbList\",\"@id\":\"https:\\\/\\\/clashofdecks.com\\\/fr\\\/regle-du-jeu-de-clash-of-decks#breadcrumb\",\"itemListElement\":[{\"@type\":\"ListItem\",\"position\":1,\"name\":\"Accueil\",\"item\":\"https:\\\/\\\/clashofdecks.com\\\/fr\"},{\"@type\":\"ListItem\",\"position\":2,\"name\":\"Livret de r\u00e8gles\"}]},{\"@type\":\"WebSite\",\"@id\":\"https:\\\/\\\/clashofdecks.com\\\/fr#website\",\"url\":\"https:\\\/\\\/clashofdecks.com\\\/fr\",\"name\":\"Clash of Decks\",\"description\":\"a real FREE-TO-PLAY Card Game!\",\"publisher\":{\"@id\":\"https:\\\/\\\/clashofdecks.com\\\/fr#organization\"},\"potentialAction\":[{\"@type\":\"SearchAction\",\"target\":{\"@type\":\"EntryPoint\",\"urlTemplate\":\"https:\\\/\\\/clashofdecks.com\\\/fr?s={search_term_string}\"},\"query-input\":{\"@type\":\"PropertyValueSpecification\",\"valueRequired\":true,\"valueName\":\"search_term_string\"}}],\"inLanguage\":\"fr-FR\"},{\"@type\":\"Organization\",\"@id\":\"https:\\\/\\\/clashofdecks.com\\\/fr#organization\",\"name\":\"Clash of Decks\",\"url\":\"https:\\\/\\\/clashofdecks.com\\\/fr\",\"logo\":{\"@type\":\"ImageObject\",\"inLanguage\":\"fr-FR\",\"@id\":\"https:\\\/\\\/clashofdecks.com\\\/fr#\\\/schema\\\/logo\\\/image\\\/\",\"url\":\"https:\\\/\\\/clashofdecks.com\\\/wp-content\\\/uploads\\\/2022\\\/09\\\/cropped-cropped-Logo-de-CoD-min.png\",\"contentUrl\":\"https:\\\/\\\/clashofdecks.com\\\/wp-content\\\/uploads\\\/2022\\\/09\\\/cropped-cropped-Logo-de-CoD-min.png\",\"width\":250,\"height\":240,\"caption\":\"Clash of Decks\"},\"image\":{\"@id\":\"https:\\\/\\\/clashofdecks.com\\\/fr#\\\/schema\\\/logo\\\/image\\\/\"}}]}<\/script>\n<!-- \/ Yoast SEO plugin. -->","yoast_head_json":{"title":"Livret de r\u00e8gles - Clash of Decks","description":"Clash of Decks","robots":{"index":"index","follow":"follow","max-snippet":"max-snippet:-1","max-image-preview":"max-image-preview:large","max-video-preview":"max-video-preview:-1"},"canonical":"https:\/\/clashofdecks.com\/fr\/regle-du-jeu-de-clash-of-decks","og_locale":"fr_FR","og_type":"article","og_title":"Livret de r\u00e8gles - Clash of Decks","og_description":"Clash of Decks","og_url":"https:\/\/clashofdecks.com\/fr\/regle-du-jeu-de-clash-of-decks","og_site_name":"Clash of Decks","article_modified_time":"2023-10-25T12:50:18+00:00","og_image":[{"url":"https:\/\/clashofdecks.com\/wp-content\/uploads\/2022\/03\/01-usa.png","type":"","width":"","height":""}],"twitter_card":"summary_large_image","twitter_misc":{"Dur\u00e9e de lecture estim\u00e9e":"8 minutes"},"schema":{"@context":"https:\/\/schema.org","@graph":[{"@type":"WebPage","@id":"https:\/\/clashofdecks.com\/fr\/regle-du-jeu-de-clash-of-decks","url":"https:\/\/clashofdecks.com\/fr\/regle-du-jeu-de-clash-of-decks","name":"Livret de r\u00e8gles - Clash of Decks","isPartOf":{"@id":"https:\/\/clashofdecks.com\/fr#website"},"primaryImageOfPage":{"@id":"https:\/\/clashofdecks.com\/fr\/regle-du-jeu-de-clash-of-decks#primaryimage"},"image":{"@id":"https:\/\/clashofdecks.com\/fr\/regle-du-jeu-de-clash-of-decks#primaryimage"},"thumbnailUrl":"https:\/\/clashofdecks.com\/wp-content\/uploads\/2022\/03\/01-usa.png","datePublished":"2022-03-07T12:10:17+00:00","dateModified":"2023-10-25T12:50:18+00:00","description":"Clash of Decks","breadcrumb":{"@id":"https:\/\/clashofdecks.com\/fr\/regle-du-jeu-de-clash-of-decks#breadcrumb"},"inLanguage":"fr-FR","potentialAction":[{"@type":"ReadAction","target":["https:\/\/clashofdecks.com\/fr\/regle-du-jeu-de-clash-of-decks"]}]},{"@type":"ImageObject","inLanguage":"fr-FR","@id":"https:\/\/clashofdecks.com\/fr\/regle-du-jeu-de-clash-of-decks#primaryimage","url":"https:\/\/clashofdecks.com\/wp-content\/uploads\/2022\/03\/01-usa.png","contentUrl":"https:\/\/clashofdecks.com\/wp-content\/uploads\/2022\/03\/01-usa.png"},{"@type":"BreadcrumbList","@id":"https:\/\/clashofdecks.com\/fr\/regle-du-jeu-de-clash-of-decks#breadcrumb","itemListElement":[{"@type":"ListItem","position":1,"name":"Accueil","item":"https:\/\/clashofdecks.com\/fr"},{"@type":"ListItem","position":2,"name":"Livret de r\u00e8gles"}]},{"@type":"WebSite","@id":"https:\/\/clashofdecks.com\/fr#website","url":"https:\/\/clashofdecks.com\/fr","name":"Clash of Decks","description":"a real FREE-TO-PLAY Card Game!","publisher":{"@id":"https:\/\/clashofdecks.com\/fr#organization"},"potentialAction":[{"@type":"SearchAction","target":{"@type":"EntryPoint","urlTemplate":"https:\/\/clashofdecks.com\/fr?s={search_term_string}"},"query-input":{"@type":"PropertyValueSpecification","valueRequired":true,"valueName":"search_term_string"}}],"inLanguage":"fr-FR"},{"@type":"Organization","@id":"https:\/\/clashofdecks.com\/fr#organization","name":"Clash of Decks","url":"https:\/\/clashofdecks.com\/fr","logo":{"@type":"ImageObject","inLanguage":"fr-FR","@id":"https:\/\/clashofdecks.com\/fr#\/schema\/logo\/image\/","url":"https:\/\/clashofdecks.com\/wp-content\/uploads\/2022\/09\/cropped-cropped-Logo-de-CoD-min.png","contentUrl":"https:\/\/clashofdecks.com\/wp-content\/uploads\/2022\/09\/cropped-cropped-Logo-de-CoD-min.png","width":250,"height":240,"caption":"Clash of Decks"},"image":{"@id":"https:\/\/clashofdecks.com\/fr#\/schema\/logo\/image\/"}}]}},"jetpack_sharing_enabled":true,"_links":{"self":[{"href":"https:\/\/clashofdecks.com\/fr\/wp-json\/wp\/v2\/pages\/4926","targetHints":{"allow":["GET"]}}],"collection":[{"href":"https:\/\/clashofdecks.com\/fr\/wp-json\/wp\/v2\/pages"}],"about":[{"href":"https:\/\/clashofdecks.com\/fr\/wp-json\/wp\/v2\/types\/page"}],"author":[{"embeddable":true,"href":"https:\/\/clashofdecks.com\/fr\/wp-json\/wp\/v2\/users\/34"}],"replies":[{"embeddable":true,"href":"https:\/\/clashofdecks.com\/fr\/wp-json\/wp\/v2\/comments?post=4926"}],"version-history":[{"count":54,"href":"https:\/\/clashofdecks.com\/fr\/wp-json\/wp\/v2\/pages\/4926\/revisions"}],"predecessor-version":[{"id":19712,"href":"https:\/\/clashofdecks.com\/fr\/wp-json\/wp\/v2\/pages\/4926\/revisions\/19712"}],"wp:attachment":[{"href":"https:\/\/clashofdecks.com\/fr\/wp-json\/wp\/v2\/media?parent=4926"}],"curies":[{"name":"wp","href":"https:\/\/api.w.org\/{rel}","templated":true}]}}