{"id":4917,"date":"2021-09-28T00:33:08","date_gmt":"2021-09-27T22:33:08","guid":{"rendered":"https:\/\/clashofdecks.com\/arene-de-jeux-de-societe"},"modified":"2022-04-20T17:35:49","modified_gmt":"2022-04-20T15:35:49","slug":"arene-de-jeux-de-societe","status":"publish","type":"page","link":"https:\/\/clashofdecks.com\/fr\/arene-de-jeux-de-societe","title":{"rendered":"Ar\u00e8ne de jeux de soci\u00e9t\u00e9"},"content":{"rendered":"\n<p><\/p>\n\n<h6 class=\"has-text-align-center wp-block-heading\">\ud83c\uddeb\ud83c\uddf7 <a href=\"https:\/\/boardgamearena.com\/gamepanel?game=clashofdecks\" data-type=\"URL\" data-id=\"https:\/\/boardgamearena.com\/gamepanel?game=clashofdecks\">MAINTENANT JOUEZ GRATUITEMENT \u00c0 CLASH OF DECKS EN LIGNE<\/a><br\/><a href=\"https:\/\/boardgamearena.com\/gamepanel?game=clashofdecks\" data-type=\"URL\" data-id=\"https:\/\/boardgamearena.com\/gamepanel?game=clashofdecks\">AR\u00c8NE DE JEU DE BORD\u00a0!<\/a> \ud83c\uddfa\ud83c\uddf8<\/h6>\n\n<h6 class=\"has-text-align-center wp-block-heading\">\ud83c\uddeb\ud83c\uddf7 <a href=\"https:\/\/boardgamearena.com\/gamepanel?game=clashofdecks\" data-type=\"URL\" data-id=\"https:\/\/boardgamearena.com\/gamepanel?game=clashofdecks\">JOUEZ MAINTENANT ET GRATUITEMENT A<\/a><br\/><a href=\"https:\/\/boardgamearena.com\/gamepanel?game=clashofdecks\" data-type=\"URL\" data-id=\"https:\/\/boardgamearena.com\/gamepanel?game=clashofdecks\">CLASH OF DECKS EN LIGNE SUR BOARD GAME ARENA !<\/a> \ud83c\uddeb\ud83c\uddf7<\/h6>\n\n<figure class=\"wp-block-image size-full\"><a href=\"https:\/\/boardgamearena.com\/gamepanel?game=clashofdecks\"><img loading=\"lazy\" decoding=\"async\" width=\"940\" height=\"788\" src=\"https:\/\/clashofdecks.com\/wp-content\/uploads\/2021\/09\/Sans-titre-2-1.png\" alt=\"\" class=\"wp-image-737\" srcset=\"https:\/\/clashofdecks.com\/wp-content\/uploads\/2021\/09\/Sans-titre-2-1.png 940w, https:\/\/clashofdecks.com\/wp-content\/uploads\/2021\/09\/Sans-titre-2-1-600x503.png 600w, https:\/\/clashofdecks.com\/wp-content\/uploads\/2021\/09\/Sans-titre-2-1-300x251.png 300w, https:\/\/clashofdecks.com\/wp-content\/uploads\/2021\/09\/Sans-titre-2-1-768x644.png 768w\" sizes=\"auto, (max-width: 940px) 100vw, 940px\" \/><\/a><\/figure>\n<p><\/p>\n","protected":false},"excerpt":{"rendered":"<p>\ud83c\uddeb\ud83c\uddf7 MAINTENANT JOUEZ GRATUITEMENT \u00c0 CLASH OF DECKS EN LIGNEAR\u00c8NE DE JEU DE BORD\u00a0! \ud83c\uddfa\ud83c\uddf8 \ud83c\uddeb\ud83c\uddf7 JOUEZ MAINTENANT ET GRATUITEMENT ACLASH OF DECKS EN LIGNE SUR BOARD GAME ARENA ! \ud83c\uddeb\ud83c\uddf7<\/p>\n","protected":false},"author":1,"featured_media":0,"parent":0,"menu_order":0,"comment_status":"closed","ping_status":"closed","template":"","meta":{"footnotes":""},"class_list":["post-4917","page","type-page","status-publish","hentry"],"yoast_head":"<!-- This site is optimized with the Yoast SEO plugin v27.3 - https:\/\/yoast.com\/product\/yoast-seo-wordpress\/ -->\n<title>Ar\u00e8ne de jeux de soci\u00e9t\u00e9 - Clash of Decks<\/title>\n<meta name=\"robots\" content=\"index, follow, max-snippet:-1, max-image-preview:large, max-video-preview:-1\" \/>\n<link rel=\"canonical\" href=\"https:\/\/clashofdecks.com\/fr\/arene-de-jeux-de-societe\" \/>\n<meta property=\"og:locale\" content=\"fr_FR\" \/>\n<meta property=\"og:type\" content=\"article\" \/>\n<meta property=\"og:title\" content=\"Ar\u00e8ne de jeux de soci\u00e9t\u00e9 - Clash of Decks\" \/>\n<meta property=\"og:description\" content=\"\ud83c\uddeb\ud83c\uddf7 MAINTENANT JOUEZ GRATUITEMENT \u00c0 CLASH OF DECKS EN LIGNEAR\u00c8NE DE JEU DE BORD\u00a0! \ud83c\uddfa\ud83c\uddf8 \ud83c\uddeb\ud83c\uddf7 JOUEZ MAINTENANT ET GRATUITEMENT ACLASH OF DECKS EN LIGNE SUR BOARD GAME ARENA ! \ud83c\uddeb\ud83c\uddf7\" \/>\n<meta property=\"og:url\" content=\"https:\/\/clashofdecks.com\/fr\/arene-de-jeux-de-societe\" \/>\n<meta property=\"og:site_name\" content=\"Clash of Decks\" \/>\n<meta property=\"article:modified_time\" content=\"2022-04-20T15:35:49+00:00\" \/>\n<meta property=\"og:image\" content=\"https:\/\/clashofdecks.com\/wp-content\/uploads\/2021\/09\/Sans-titre-2-1.png\" \/>\n<meta name=\"twitter:card\" content=\"summary_large_image\" \/>\n<script type=\"application\/ld+json\" class=\"yoast-schema-graph\">{\"@context\":\"https:\\\/\\\/schema.org\",\"@graph\":[{\"@type\":\"WebPage\",\"@id\":\"https:\\\/\\\/clashofdecks.com\\\/fr\\\/arene-de-jeux-de-societe\",\"url\":\"https:\\\/\\\/clashofdecks.com\\\/fr\\\/arene-de-jeux-de-societe\",\"name\":\"Ar\u00e8ne de jeux de soci\u00e9t\u00e9 - Clash of Decks\",\"isPartOf\":{\"@id\":\"https:\\\/\\\/clashofdecks.com\\\/fr#website\"},\"primaryImageOfPage\":{\"@id\":\"https:\\\/\\\/clashofdecks.com\\\/fr\\\/arene-de-jeux-de-societe#primaryimage\"},\"image\":{\"@id\":\"https:\\\/\\\/clashofdecks.com\\\/fr\\\/arene-de-jeux-de-societe#primaryimage\"},\"thumbnailUrl\":\"https:\\\/\\\/clashofdecks.com\\\/wp-content\\\/uploads\\\/2021\\\/09\\\/Sans-titre-2-1.png\",\"datePublished\":\"2021-09-27T22:33:08+00:00\",\"dateModified\":\"2022-04-20T15:35:49+00:00\",\"breadcrumb\":{\"@id\":\"https:\\\/\\\/clashofdecks.com\\\/fr\\\/arene-de-jeux-de-societe#breadcrumb\"},\"inLanguage\":\"fr-FR\",\"potentialAction\":[{\"@type\":\"ReadAction\",\"target\":[\"https:\\\/\\\/clashofdecks.com\\\/fr\\\/arene-de-jeux-de-societe\"]}]},{\"@type\":\"ImageObject\",\"inLanguage\":\"fr-FR\",\"@id\":\"https:\\\/\\\/clashofdecks.com\\\/fr\\\/arene-de-jeux-de-societe#primaryimage\",\"url\":\"https:\\\/\\\/clashofdecks.com\\\/wp-content\\\/uploads\\\/2021\\\/09\\\/Sans-titre-2-1.png\",\"contentUrl\":\"https:\\\/\\\/clashofdecks.com\\\/wp-content\\\/uploads\\\/2021\\\/09\\\/Sans-titre-2-1.png\"},{\"@type\":\"BreadcrumbList\",\"@id\":\"https:\\\/\\\/clashofdecks.com\\\/fr\\\/arene-de-jeux-de-societe#breadcrumb\",\"itemListElement\":[{\"@type\":\"ListItem\",\"position\":1,\"name\":\"Accueil\",\"item\":\"https:\\\/\\\/clashofdecks.com\\\/fr\"},{\"@type\":\"ListItem\",\"position\":2,\"name\":\"Ar\u00e8ne de jeux de soci\u00e9t\u00e9\"}]},{\"@type\":\"WebSite\",\"@id\":\"https:\\\/\\\/clashofdecks.com\\\/fr#website\",\"url\":\"https:\\\/\\\/clashofdecks.com\\\/fr\",\"name\":\"Clash of Decks\",\"description\":\"a real FREE-TO-PLAY Card Game!\",\"publisher\":{\"@id\":\"https:\\\/\\\/clashofdecks.com\\\/fr#organization\"},\"potentialAction\":[{\"@type\":\"SearchAction\",\"target\":{\"@type\":\"EntryPoint\",\"urlTemplate\":\"https:\\\/\\\/clashofdecks.com\\\/fr?s={search_term_string}\"},\"query-input\":{\"@type\":\"PropertyValueSpecification\",\"valueRequired\":true,\"valueName\":\"search_term_string\"}}],\"inLanguage\":\"fr-FR\"},{\"@type\":\"Organization\",\"@id\":\"https:\\\/\\\/clashofdecks.com\\\/fr#organization\",\"name\":\"Clash of Decks\",\"url\":\"https:\\\/\\\/clashofdecks.com\\\/fr\",\"logo\":{\"@type\":\"ImageObject\",\"inLanguage\":\"fr-FR\",\"@id\":\"https:\\\/\\\/clashofdecks.com\\\/fr#\\\/schema\\\/logo\\\/image\\\/\",\"url\":\"https:\\\/\\\/clashofdecks.com\\\/wp-content\\\/uploads\\\/2022\\\/09\\\/cropped-cropped-Logo-de-CoD-min.png\",\"contentUrl\":\"https:\\\/\\\/clashofdecks.com\\\/wp-content\\\/uploads\\\/2022\\\/09\\\/cropped-cropped-Logo-de-CoD-min.png\",\"width\":250,\"height\":240,\"caption\":\"Clash of Decks\"},\"image\":{\"@id\":\"https:\\\/\\\/clashofdecks.com\\\/fr#\\\/schema\\\/logo\\\/image\\\/\"}}]}<\/script>\n<!-- \/ Yoast SEO plugin. -->","yoast_head_json":{"title":"Ar\u00e8ne de jeux de soci\u00e9t\u00e9 - Clash of Decks","robots":{"index":"index","follow":"follow","max-snippet":"max-snippet:-1","max-image-preview":"max-image-preview:large","max-video-preview":"max-video-preview:-1"},"canonical":"https:\/\/clashofdecks.com\/fr\/arene-de-jeux-de-societe","og_locale":"fr_FR","og_type":"article","og_title":"Ar\u00e8ne de jeux de soci\u00e9t\u00e9 - Clash of Decks","og_description":"\ud83c\uddeb\ud83c\uddf7 MAINTENANT JOUEZ GRATUITEMENT \u00c0 CLASH OF DECKS EN LIGNEAR\u00c8NE DE JEU DE BORD\u00a0! \ud83c\uddfa\ud83c\uddf8 \ud83c\uddeb\ud83c\uddf7 JOUEZ MAINTENANT ET GRATUITEMENT ACLASH OF DECKS EN LIGNE SUR BOARD GAME ARENA ! \ud83c\uddeb\ud83c\uddf7","og_url":"https:\/\/clashofdecks.com\/fr\/arene-de-jeux-de-societe","og_site_name":"Clash of Decks","article_modified_time":"2022-04-20T15:35:49+00:00","og_image":[{"url":"https:\/\/clashofdecks.com\/wp-content\/uploads\/2021\/09\/Sans-titre-2-1.png","type":"","width":"","height":""}],"twitter_card":"summary_large_image","schema":{"@context":"https:\/\/schema.org","@graph":[{"@type":"WebPage","@id":"https:\/\/clashofdecks.com\/fr\/arene-de-jeux-de-societe","url":"https:\/\/clashofdecks.com\/fr\/arene-de-jeux-de-societe","name":"Ar\u00e8ne de jeux de soci\u00e9t\u00e9 - Clash of Decks","isPartOf":{"@id":"https:\/\/clashofdecks.com\/fr#website"},"primaryImageOfPage":{"@id":"https:\/\/clashofdecks.com\/fr\/arene-de-jeux-de-societe#primaryimage"},"image":{"@id":"https:\/\/clashofdecks.com\/fr\/arene-de-jeux-de-societe#primaryimage"},"thumbnailUrl":"https:\/\/clashofdecks.com\/wp-content\/uploads\/2021\/09\/Sans-titre-2-1.png","datePublished":"2021-09-27T22:33:08+00:00","dateModified":"2022-04-20T15:35:49+00:00","breadcrumb":{"@id":"https:\/\/clashofdecks.com\/fr\/arene-de-jeux-de-societe#breadcrumb"},"inLanguage":"fr-FR","potentialAction":[{"@type":"ReadAction","target":["https:\/\/clashofdecks.com\/fr\/arene-de-jeux-de-societe"]}]},{"@type":"ImageObject","inLanguage":"fr-FR","@id":"https:\/\/clashofdecks.com\/fr\/arene-de-jeux-de-societe#primaryimage","url":"https:\/\/clashofdecks.com\/wp-content\/uploads\/2021\/09\/Sans-titre-2-1.png","contentUrl":"https:\/\/clashofdecks.com\/wp-content\/uploads\/2021\/09\/Sans-titre-2-1.png"},{"@type":"BreadcrumbList","@id":"https:\/\/clashofdecks.com\/fr\/arene-de-jeux-de-societe#breadcrumb","itemListElement":[{"@type":"ListItem","position":1,"name":"Accueil","item":"https:\/\/clashofdecks.com\/fr"},{"@type":"ListItem","position":2,"name":"Ar\u00e8ne de jeux de soci\u00e9t\u00e9"}]},{"@type":"WebSite","@id":"https:\/\/clashofdecks.com\/fr#website","url":"https:\/\/clashofdecks.com\/fr","name":"Clash of Decks","description":"a real FREE-TO-PLAY Card Game!","publisher":{"@id":"https:\/\/clashofdecks.com\/fr#organization"},"potentialAction":[{"@type":"SearchAction","target":{"@type":"EntryPoint","urlTemplate":"https:\/\/clashofdecks.com\/fr?s={search_term_string}"},"query-input":{"@type":"PropertyValueSpecification","valueRequired":true,"valueName":"search_term_string"}}],"inLanguage":"fr-FR"},{"@type":"Organization","@id":"https:\/\/clashofdecks.com\/fr#organization","name":"Clash of Decks","url":"https:\/\/clashofdecks.com\/fr","logo":{"@type":"ImageObject","inLanguage":"fr-FR","@id":"https:\/\/clashofdecks.com\/fr#\/schema\/logo\/image\/","url":"https:\/\/clashofdecks.com\/wp-content\/uploads\/2022\/09\/cropped-cropped-Logo-de-CoD-min.png","contentUrl":"https:\/\/clashofdecks.com\/wp-content\/uploads\/2022\/09\/cropped-cropped-Logo-de-CoD-min.png","width":250,"height":240,"caption":"Clash of Decks"},"image":{"@id":"https:\/\/clashofdecks.com\/fr#\/schema\/logo\/image\/"}}]}},"jetpack_sharing_enabled":true,"_links":{"self":[{"href":"https:\/\/clashofdecks.com\/fr\/wp-json\/wp\/v2\/pages\/4917","targetHints":{"allow":["GET"]}}],"collection":[{"href":"https:\/\/clashofdecks.com\/fr\/wp-json\/wp\/v2\/pages"}],"about":[{"href":"https:\/\/clashofdecks.com\/fr\/wp-json\/wp\/v2\/types\/page"}],"author":[{"embeddable":true,"href":"https:\/\/clashofdecks.com\/fr\/wp-json\/wp\/v2\/users\/1"}],"replies":[{"embeddable":true,"href":"https:\/\/clashofdecks.com\/fr\/wp-json\/wp\/v2\/comments?post=4917"}],"version-history":[{"count":1,"href":"https:\/\/clashofdecks.com\/fr\/wp-json\/wp\/v2\/pages\/4917\/revisions"}],"predecessor-version":[{"id":4923,"href":"https:\/\/clashofdecks.com\/fr\/wp-json\/wp\/v2\/pages\/4917\/revisions\/4923"}],"wp:attachment":[{"href":"https:\/\/clashofdecks.com\/fr\/wp-json\/wp\/v2\/media?parent=4917"}],"curies":[{"name":"wp","href":"https:\/\/api.w.org\/{rel}","templated":true}]}}