{"id":15889,"date":"2023-04-21T16:38:42","date_gmt":"2023-04-21T14:38:42","guid":{"rendered":"https:\/\/clashofdecks.com\/?page_id=15889"},"modified":"2023-04-25T15:56:24","modified_gmt":"2023-04-25T13:56:24","slug":"championnat-de-france-clash-of-decks","status":"publish","type":"page","link":"https:\/\/clashofdecks.com\/fr\/championnat-de-france-clash-of-decks","title":{"rendered":"Championnat de France 2023"},"content":{"rendered":"\n<figure class=\"wp-block-image alignwide size-full\"><img loading=\"lazy\" decoding=\"async\" width=\"1200\" height=\"469\" src=\"https:\/\/clashofdecks.com\/wp-content\/uploads\/2023\/04\/chamionnat-fr.jpg\" alt=\"\" class=\"wp-image-15890\" srcset=\"https:\/\/clashofdecks.com\/wp-content\/uploads\/2023\/04\/chamionnat-fr.jpg 1200w, https:\/\/clashofdecks.com\/wp-content\/uploads\/2023\/04\/chamionnat-fr-300x117.jpg 300w, https:\/\/clashofdecks.com\/wp-content\/uploads\/2023\/04\/chamionnat-fr-1024x400.jpg 1024w, https:\/\/clashofdecks.com\/wp-content\/uploads\/2023\/04\/chamionnat-fr-768x300.jpg 768w, https:\/\/clashofdecks.com\/wp-content\/uploads\/2023\/04\/chamionnat-fr-600x235.jpg 600w\" sizes=\"auto, (max-width: 1200px) 100vw, 1200px\" \/><\/figure>\n\n\n\n<p>Le Championnat de France de <em>Clash of Decks<\/em> se d\u00e9roulera le <strong>dimanche 16 juillet 2023<\/strong>  \u00e0 partir de 10h,, pendant le <strong>Festival Ludique International de Parthenay (FLIP)<\/strong>. Le nombre de places est limit\u00e9 \u00e0 128 et <strong>l&rsquo;inscription est gratuite<\/strong>.<br><br>Tentez de remporter le titre avec plus de 2000\u20ac de lots \u00e0 gagner !<\/p>\n\n\n\n<div class=\"wp-block-buttons is-content-justification-center is-layout-flex wp-container-core-buttons-is-layout-a89b3969 wp-block-buttons-is-layout-flex\">\n<div class=\"wp-block-button\"><a class=\"wp-block-button__link wp-element-button\" href=\"https:\/\/docs.google.com\/forms\/d\/e\/1FAIpQLSeb_eog7xVnSLPCu9CS_4RQhmrdEReBHJYzt29h_FGz0boIsg\/viewform\">Inscrivez vous maintenant !<\/a><\/div>\n<\/div>\n\n\n\n<figure class=\"wp-block-image alignwide size-full\"><img loading=\"lazy\" decoding=\"async\" width=\"1200\" height=\"469\" src=\"https:\/\/clashofdecks.com\/wp-content\/uploads\/2023\/04\/chamionnat-fr-2.jpg\" alt=\"\" class=\"wp-image-15896\" srcset=\"https:\/\/clashofdecks.com\/wp-content\/uploads\/2023\/04\/chamionnat-fr-2.jpg 1200w, https:\/\/clashofdecks.com\/wp-content\/uploads\/2023\/04\/chamionnat-fr-2-300x117.jpg 300w, https:\/\/clashofdecks.com\/wp-content\/uploads\/2023\/04\/chamionnat-fr-2-1024x400.jpg 1024w, https:\/\/clashofdecks.com\/wp-content\/uploads\/2023\/04\/chamionnat-fr-2-768x300.jpg 768w, https:\/\/clashofdecks.com\/wp-content\/uploads\/2023\/04\/chamionnat-fr-2-600x235.jpg 600w\" sizes=\"auto, (max-width: 1200px) 100vw, 1200px\" \/><\/figure>\n","protected":false},"excerpt":{"rendered":"<p>Le Championnat de France de Clash of Decks se d\u00e9roulera le dimanche 16 juillet 2023 \u00e0 partir de 10h,, pendant le Festival Ludique International de Parthenay (FLIP). Le nombre de places est limit\u00e9 \u00e0 128 et l&rsquo;inscription est gratuite. Tentez de remporter le titre avec plus de 2000\u20ac de lots \u00e0 gagner !<\/p>\n","protected":false},"author":34,"featured_media":0,"parent":0,"menu_order":0,"comment_status":"closed","ping_status":"closed","template":"","meta":{"footnotes":""},"class_list":["post-15889","page","type-page","status-publish","hentry"],"yoast_head":"<!-- This site is optimized with the Yoast SEO plugin v27.3 - https:\/\/yoast.com\/product\/yoast-seo-wordpress\/ -->\n<title>Championnat de France 2023 - Clash of Decks<\/title>\n<meta name=\"robots\" content=\"index, follow, max-snippet:-1, max-image-preview:large, max-video-preview:-1\" \/>\n<link rel=\"canonical\" href=\"https:\/\/clashofdecks.com\/fr\/championnat-de-france-clash-of-decks\" \/>\n<meta property=\"og:locale\" content=\"fr_FR\" \/>\n<meta property=\"og:type\" content=\"article\" \/>\n<meta property=\"og:title\" content=\"Championnat de France 2023 - Clash of Decks\" \/>\n<meta property=\"og:description\" content=\"Le Championnat de France de Clash of Decks se d\u00e9roulera le dimanche 16 juillet 2023 \u00e0 partir de 10h,, pendant le Festival Ludique International de Parthenay (FLIP). Le nombre de places est limit\u00e9 \u00e0 128 et l&rsquo;inscription est gratuite. Tentez de remporter le titre avec plus de 2000\u20ac de lots \u00e0 gagner !\" \/>\n<meta property=\"og:url\" content=\"https:\/\/clashofdecks.com\/fr\/championnat-de-france-clash-of-decks\" \/>\n<meta property=\"og:site_name\" content=\"Clash of Decks\" \/>\n<meta property=\"article:modified_time\" content=\"2023-04-25T13:56:24+00:00\" \/>\n<meta property=\"og:image\" content=\"https:\/\/clashofdecks.com\/wp-content\/uploads\/2023\/04\/chamionnat-fr.jpg\" \/>\n<meta name=\"twitter:card\" content=\"summary_large_image\" \/>\n<script type=\"application\/ld+json\" class=\"yoast-schema-graph\">{\"@context\":\"https:\\\/\\\/schema.org\",\"@graph\":[{\"@type\":\"WebPage\",\"@id\":\"https:\\\/\\\/clashofdecks.com\\\/fr\\\/championnat-de-france-clash-of-decks\",\"url\":\"https:\\\/\\\/clashofdecks.com\\\/fr\\\/championnat-de-france-clash-of-decks\",\"name\":\"Championnat de France 2023 - Clash of Decks\",\"isPartOf\":{\"@id\":\"https:\\\/\\\/clashofdecks.com\\\/fr#website\"},\"primaryImageOfPage\":{\"@id\":\"https:\\\/\\\/clashofdecks.com\\\/fr\\\/championnat-de-france-clash-of-decks#primaryimage\"},\"image\":{\"@id\":\"https:\\\/\\\/clashofdecks.com\\\/fr\\\/championnat-de-france-clash-of-decks#primaryimage\"},\"thumbnailUrl\":\"https:\\\/\\\/clashofdecks.com\\\/wp-content\\\/uploads\\\/2023\\\/04\\\/chamionnat-fr.jpg\",\"datePublished\":\"2023-04-21T14:38:42+00:00\",\"dateModified\":\"2023-04-25T13:56:24+00:00\",\"breadcrumb\":{\"@id\":\"https:\\\/\\\/clashofdecks.com\\\/fr\\\/championnat-de-france-clash-of-decks#breadcrumb\"},\"inLanguage\":\"fr-FR\",\"potentialAction\":[{\"@type\":\"ReadAction\",\"target\":[\"https:\\\/\\\/clashofdecks.com\\\/fr\\\/championnat-de-france-clash-of-decks\"]}]},{\"@type\":\"ImageObject\",\"inLanguage\":\"fr-FR\",\"@id\":\"https:\\\/\\\/clashofdecks.com\\\/fr\\\/championnat-de-france-clash-of-decks#primaryimage\",\"url\":\"https:\\\/\\\/clashofdecks.com\\\/wp-content\\\/uploads\\\/2023\\\/04\\\/chamionnat-fr.jpg\",\"contentUrl\":\"https:\\\/\\\/clashofdecks.com\\\/wp-content\\\/uploads\\\/2023\\\/04\\\/chamionnat-fr.jpg\"},{\"@type\":\"BreadcrumbList\",\"@id\":\"https:\\\/\\\/clashofdecks.com\\\/fr\\\/championnat-de-france-clash-of-decks#breadcrumb\",\"itemListElement\":[{\"@type\":\"ListItem\",\"position\":1,\"name\":\"Accueil\",\"item\":\"https:\\\/\\\/clashofdecks.com\\\/fr\"},{\"@type\":\"ListItem\",\"position\":2,\"name\":\"Championnat de France 2023\"}]},{\"@type\":\"WebSite\",\"@id\":\"https:\\\/\\\/clashofdecks.com\\\/fr#website\",\"url\":\"https:\\\/\\\/clashofdecks.com\\\/fr\",\"name\":\"Clash of Decks\",\"description\":\"a real FREE-TO-PLAY Card Game!\",\"publisher\":{\"@id\":\"https:\\\/\\\/clashofdecks.com\\\/fr#organization\"},\"potentialAction\":[{\"@type\":\"SearchAction\",\"target\":{\"@type\":\"EntryPoint\",\"urlTemplate\":\"https:\\\/\\\/clashofdecks.com\\\/fr?s={search_term_string}\"},\"query-input\":{\"@type\":\"PropertyValueSpecification\",\"valueRequired\":true,\"valueName\":\"search_term_string\"}}],\"inLanguage\":\"fr-FR\"},{\"@type\":\"Organization\",\"@id\":\"https:\\\/\\\/clashofdecks.com\\\/fr#organization\",\"name\":\"Clash of Decks\",\"url\":\"https:\\\/\\\/clashofdecks.com\\\/fr\",\"logo\":{\"@type\":\"ImageObject\",\"inLanguage\":\"fr-FR\",\"@id\":\"https:\\\/\\\/clashofdecks.com\\\/fr#\\\/schema\\\/logo\\\/image\\\/\",\"url\":\"https:\\\/\\\/clashofdecks.com\\\/wp-content\\\/uploads\\\/2022\\\/09\\\/cropped-cropped-Logo-de-CoD-min.png\",\"contentUrl\":\"https:\\\/\\\/clashofdecks.com\\\/wp-content\\\/uploads\\\/2022\\\/09\\\/cropped-cropped-Logo-de-CoD-min.png\",\"width\":250,\"height\":240,\"caption\":\"Clash of Decks\"},\"image\":{\"@id\":\"https:\\\/\\\/clashofdecks.com\\\/fr#\\\/schema\\\/logo\\\/image\\\/\"}}]}<\/script>\n<!-- \/ Yoast SEO plugin. -->","yoast_head_json":{"title":"Championnat de France 2023 - Clash of Decks","robots":{"index":"index","follow":"follow","max-snippet":"max-snippet:-1","max-image-preview":"max-image-preview:large","max-video-preview":"max-video-preview:-1"},"canonical":"https:\/\/clashofdecks.com\/fr\/championnat-de-france-clash-of-decks","og_locale":"fr_FR","og_type":"article","og_title":"Championnat de France 2023 - Clash of Decks","og_description":"Le Championnat de France de Clash of Decks se d\u00e9roulera le dimanche 16 juillet 2023 \u00e0 partir de 10h,, pendant le Festival Ludique International de Parthenay (FLIP). Le nombre de places est limit\u00e9 \u00e0 128 et l&rsquo;inscription est gratuite. Tentez de remporter le titre avec plus de 2000\u20ac de lots \u00e0 gagner !","og_url":"https:\/\/clashofdecks.com\/fr\/championnat-de-france-clash-of-decks","og_site_name":"Clash of Decks","article_modified_time":"2023-04-25T13:56:24+00:00","og_image":[{"url":"https:\/\/clashofdecks.com\/wp-content\/uploads\/2023\/04\/chamionnat-fr.jpg","type":"","width":"","height":""}],"twitter_card":"summary_large_image","schema":{"@context":"https:\/\/schema.org","@graph":[{"@type":"WebPage","@id":"https:\/\/clashofdecks.com\/fr\/championnat-de-france-clash-of-decks","url":"https:\/\/clashofdecks.com\/fr\/championnat-de-france-clash-of-decks","name":"Championnat de France 2023 - Clash of Decks","isPartOf":{"@id":"https:\/\/clashofdecks.com\/fr#website"},"primaryImageOfPage":{"@id":"https:\/\/clashofdecks.com\/fr\/championnat-de-france-clash-of-decks#primaryimage"},"image":{"@id":"https:\/\/clashofdecks.com\/fr\/championnat-de-france-clash-of-decks#primaryimage"},"thumbnailUrl":"https:\/\/clashofdecks.com\/wp-content\/uploads\/2023\/04\/chamionnat-fr.jpg","datePublished":"2023-04-21T14:38:42+00:00","dateModified":"2023-04-25T13:56:24+00:00","breadcrumb":{"@id":"https:\/\/clashofdecks.com\/fr\/championnat-de-france-clash-of-decks#breadcrumb"},"inLanguage":"fr-FR","potentialAction":[{"@type":"ReadAction","target":["https:\/\/clashofdecks.com\/fr\/championnat-de-france-clash-of-decks"]}]},{"@type":"ImageObject","inLanguage":"fr-FR","@id":"https:\/\/clashofdecks.com\/fr\/championnat-de-france-clash-of-decks#primaryimage","url":"https:\/\/clashofdecks.com\/wp-content\/uploads\/2023\/04\/chamionnat-fr.jpg","contentUrl":"https:\/\/clashofdecks.com\/wp-content\/uploads\/2023\/04\/chamionnat-fr.jpg"},{"@type":"BreadcrumbList","@id":"https:\/\/clashofdecks.com\/fr\/championnat-de-france-clash-of-decks#breadcrumb","itemListElement":[{"@type":"ListItem","position":1,"name":"Accueil","item":"https:\/\/clashofdecks.com\/fr"},{"@type":"ListItem","position":2,"name":"Championnat de France 2023"}]},{"@type":"WebSite","@id":"https:\/\/clashofdecks.com\/fr#website","url":"https:\/\/clashofdecks.com\/fr","name":"Clash of Decks","description":"a real FREE-TO-PLAY Card Game!","publisher":{"@id":"https:\/\/clashofdecks.com\/fr#organization"},"potentialAction":[{"@type":"SearchAction","target":{"@type":"EntryPoint","urlTemplate":"https:\/\/clashofdecks.com\/fr?s={search_term_string}"},"query-input":{"@type":"PropertyValueSpecification","valueRequired":true,"valueName":"search_term_string"}}],"inLanguage":"fr-FR"},{"@type":"Organization","@id":"https:\/\/clashofdecks.com\/fr#organization","name":"Clash of Decks","url":"https:\/\/clashofdecks.com\/fr","logo":{"@type":"ImageObject","inLanguage":"fr-FR","@id":"https:\/\/clashofdecks.com\/fr#\/schema\/logo\/image\/","url":"https:\/\/clashofdecks.com\/wp-content\/uploads\/2022\/09\/cropped-cropped-Logo-de-CoD-min.png","contentUrl":"https:\/\/clashofdecks.com\/wp-content\/uploads\/2022\/09\/cropped-cropped-Logo-de-CoD-min.png","width":250,"height":240,"caption":"Clash of Decks"},"image":{"@id":"https:\/\/clashofdecks.com\/fr#\/schema\/logo\/image\/"}}]}},"jetpack_sharing_enabled":true,"_links":{"self":[{"href":"https:\/\/clashofdecks.com\/fr\/wp-json\/wp\/v2\/pages\/15889","targetHints":{"allow":["GET"]}}],"collection":[{"href":"https:\/\/clashofdecks.com\/fr\/wp-json\/wp\/v2\/pages"}],"about":[{"href":"https:\/\/clashofdecks.com\/fr\/wp-json\/wp\/v2\/types\/page"}],"author":[{"embeddable":true,"href":"https:\/\/clashofdecks.com\/fr\/wp-json\/wp\/v2\/users\/34"}],"replies":[{"embeddable":true,"href":"https:\/\/clashofdecks.com\/fr\/wp-json\/wp\/v2\/comments?post=15889"}],"version-history":[{"count":4,"href":"https:\/\/clashofdecks.com\/fr\/wp-json\/wp\/v2\/pages\/15889\/revisions"}],"predecessor-version":[{"id":15902,"href":"https:\/\/clashofdecks.com\/fr\/wp-json\/wp\/v2\/pages\/15889\/revisions\/15902"}],"wp:attachment":[{"href":"https:\/\/clashofdecks.com\/fr\/wp-json\/wp\/v2\/media?parent=15889"}],"curies":[{"name":"wp","href":"https:\/\/api.w.org\/{rel}","templated":true}]}}