{"id":10436,"date":"2022-10-25T15:11:00","date_gmt":"2022-10-25T13:11:00","guid":{"rendered":"https:\/\/clashofdecks.com\/grimoire-2"},"modified":"2023-01-03T21:24:23","modified_gmt":"2023-01-03T20:24:23","slug":"grimoire-2","status":"publish","type":"page","link":"https:\/\/clashofdecks.com\/fr\/grimoire-2","title":{"rendered":"Grimoire"},"content":{"rendered":"\n<h1 class=\"wp-block-heading\">Grimoire<\/h1>\n\n<div class=\"wp-block-columns is-layout-flex wp-container-core-columns-is-layout-28f84493 wp-block-columns-is-layout-flex\">\n<div class=\"wp-block-column is-layout-flow wp-block-column-is-layout-flow\">\n<figure class=\"wp-block-image size-large\"><img loading=\"lazy\" decoding=\"async\" width=\"1024\" height=\"683\" src=\"https:\/\/clashofdecks.com\/wp-content\/uploads\/2022\/10\/grimoire-of-clash-of-decks-1024x683.png\" alt=\"\" class=\"wp-image-8747\" srcset=\"https:\/\/clashofdecks.com\/wp-content\/uploads\/2022\/10\/grimoire-of-clash-of-decks-1024x683.png 1024w, https:\/\/clashofdecks.com\/wp-content\/uploads\/2022\/10\/grimoire-of-clash-of-decks-300x200.png 300w, https:\/\/clashofdecks.com\/wp-content\/uploads\/2022\/10\/grimoire-of-clash-of-decks-768x512.png 768w, https:\/\/clashofdecks.com\/wp-content\/uploads\/2022\/10\/grimoire-of-clash-of-decks-600x400.png 600w, https:\/\/clashofdecks.com\/wp-content\/uploads\/2022\/10\/grimoire-of-clash-of-decks.png 1500w\" sizes=\"auto, (max-width: 1024px) 100vw, 1024px\" \/><\/figure><\/div>\n\n\n\n<div class=\"wp-block-column is-layout-flow wp-block-column-is-layout-flow\">\n<p class=\"has-text-align-left\">Au d\u00e9part, le Grimoire est n\u00e9 de l\u2019id\u00e9e de proposer des situations de jeu \u00e0 la communaut\u00e9 de joueurs de <strong>Clash of Decks<\/strong> sur le serveur Discord. L\u2019objectif \u00e9tait que les joueurs puissent d\u00e9couvrir les innombrables subtilit\u00e9s du jeu en exp\u00e9rimentant des situations sp\u00e9cifiques afin de mieux comprendre comment interagissent les capacit\u00e9s sp\u00e9ciales entre elles\u2026 Nous avons travaill\u00e9 sur un outil fantastique qui permet d\u00e9sormais \u00e0 chacun de cr\u00e9er ses propres puzzles et de les partager librement avec le reste de la communaut\u00e9, que ce soit sur Discord ou sur les r\u00e9seaux sociaux.     Un grand merci \u00e0 Cadrach pour son fabuleux travail !<\/p>\n\n\n\n<div class=\"wp-block-buttons is-content-justification-left is-layout-flex wp-container-core-buttons-is-layout-fc4fd283 wp-block-buttons-is-layout-flex\">\n<div class=\"wp-block-button has-custom-width wp-block-button__width-100\"><a class=\"wp-block-button__link wp-element-button\" href=\"http:\/\/grimoire.clashofdecks.com\/\">D\u00e9couvrir le Grimoire<\/a><\/div>\n<\/div>\n<\/div>\n<\/div>\n\n<figure class=\"wp-block-image aligncenter size-full\"><img loading=\"lazy\" decoding=\"async\" width=\"798\" height=\"558\" src=\"https:\/\/clashofdecks.com\/wp-content\/uploads\/2022\/10\/grimoire-min.png\" alt=\"\" class=\"wp-image-8880\" srcset=\"https:\/\/clashofdecks.com\/wp-content\/uploads\/2022\/10\/grimoire-min.png 798w, https:\/\/clashofdecks.com\/wp-content\/uploads\/2022\/10\/grimoire-min-300x210.png 300w, https:\/\/clashofdecks.com\/wp-content\/uploads\/2022\/10\/grimoire-min-768x537.png 768w, https:\/\/clashofdecks.com\/wp-content\/uploads\/2022\/10\/grimoire-min-600x420.png 600w\" sizes=\"auto, (max-width: 798px) 100vw, 798px\" \/><\/figure>","protected":false},"excerpt":{"rendered":"<p>Grimoire Au d\u00e9part, le Grimoire est n\u00e9 de l\u2019id\u00e9e de proposer des situations de jeu \u00e0 la communaut\u00e9 de joueurs de Clash of Decks sur le serveur Discord. L\u2019objectif \u00e9tait que les joueurs puissent d\u00e9couvrir les innombrables subtilit\u00e9s du jeu en exp\u00e9rimentant des situations sp\u00e9cifiques afin de mieux comprendre comment interagissent les capacit\u00e9s sp\u00e9ciales entre &hellip; <\/p>\n<p class=\"link-more\"><a href=\"https:\/\/clashofdecks.com\/fr\/grimoire-2\" class=\"more-link\">Lire la suite de<span class=\"screen-reader-text\">\u00ab\u00a0Grimoire\u00a0\u00bb<\/span><\/a><\/p>\n","protected":false},"author":34,"featured_media":0,"parent":0,"menu_order":0,"comment_status":"closed","ping_status":"closed","template":"page-templates\/full-width-no-title.php","meta":{"footnotes":""},"class_list":["post-10436","page","type-page","status-publish","hentry"],"yoast_head":"<!-- This site is optimized with the Yoast SEO plugin v27.3 - https:\/\/yoast.com\/product\/yoast-seo-wordpress\/ -->\n<title>Grimoire - Clash of Decks<\/title>\n<meta name=\"robots\" content=\"index, follow, max-snippet:-1, max-image-preview:large, max-video-preview:-1\" \/>\n<link rel=\"canonical\" href=\"https:\/\/clashofdecks.com\/fr\/grimoire-2\" \/>\n<meta property=\"og:locale\" content=\"fr_FR\" \/>\n<meta property=\"og:type\" content=\"article\" \/>\n<meta property=\"og:title\" content=\"Grimoire - Clash of Decks\" \/>\n<meta property=\"og:description\" content=\"Grimoire Au d\u00e9part, le Grimoire est n\u00e9 de l\u2019id\u00e9e de proposer des situations de jeu \u00e0 la communaut\u00e9 de joueurs de Clash of Decks sur le serveur Discord. L\u2019objectif \u00e9tait que les joueurs puissent d\u00e9couvrir les innombrables subtilit\u00e9s du jeu en exp\u00e9rimentant des situations sp\u00e9cifiques afin de mieux comprendre comment interagissent les capacit\u00e9s sp\u00e9ciales entre &hellip; Lire la suite de\u00ab\u00a0Grimoire\u00a0\u00bb\" \/>\n<meta property=\"og:url\" content=\"https:\/\/clashofdecks.com\/fr\/grimoire-2\" \/>\n<meta property=\"og:site_name\" content=\"Clash of Decks\" \/>\n<meta property=\"article:modified_time\" content=\"2023-01-03T20:24:23+00:00\" \/>\n<meta property=\"og:image\" content=\"https:\/\/clashofdecks.com\/wp-content\/uploads\/2022\/10\/grimoire-of-clash-of-decks-1024x683.png\" \/>\n<meta name=\"twitter:card\" content=\"summary_large_image\" \/>\n<meta name=\"twitter:label1\" content=\"Dur\u00e9e de lecture estim\u00e9e\" \/>\n\t<meta name=\"twitter:data1\" content=\"1 minute\" \/>\n<script type=\"application\/ld+json\" class=\"yoast-schema-graph\">{\"@context\":\"https:\\\/\\\/schema.org\",\"@graph\":[{\"@type\":\"WebPage\",\"@id\":\"https:\\\/\\\/clashofdecks.com\\\/fr\\\/grimoire-2\",\"url\":\"https:\\\/\\\/clashofdecks.com\\\/fr\\\/grimoire-2\",\"name\":\"Grimoire - Clash of Decks\",\"isPartOf\":{\"@id\":\"https:\\\/\\\/clashofdecks.com\\\/fr#website\"},\"primaryImageOfPage\":{\"@id\":\"https:\\\/\\\/clashofdecks.com\\\/fr\\\/grimoire-2#primaryimage\"},\"image\":{\"@id\":\"https:\\\/\\\/clashofdecks.com\\\/fr\\\/grimoire-2#primaryimage\"},\"thumbnailUrl\":\"https:\\\/\\\/clashofdecks.com\\\/wp-content\\\/uploads\\\/2022\\\/10\\\/grimoire-of-clash-of-decks-1024x683.png\",\"datePublished\":\"2022-10-25T13:11:00+00:00\",\"dateModified\":\"2023-01-03T20:24:23+00:00\",\"breadcrumb\":{\"@id\":\"https:\\\/\\\/clashofdecks.com\\\/fr\\\/grimoire-2#breadcrumb\"},\"inLanguage\":\"fr-FR\",\"potentialAction\":[{\"@type\":\"ReadAction\",\"target\":[\"https:\\\/\\\/clashofdecks.com\\\/fr\\\/grimoire-2\"]}]},{\"@type\":\"ImageObject\",\"inLanguage\":\"fr-FR\",\"@id\":\"https:\\\/\\\/clashofdecks.com\\\/fr\\\/grimoire-2#primaryimage\",\"url\":\"https:\\\/\\\/clashofdecks.com\\\/wp-content\\\/uploads\\\/2022\\\/10\\\/grimoire-of-clash-of-decks-1024x683.png\",\"contentUrl\":\"https:\\\/\\\/clashofdecks.com\\\/wp-content\\\/uploads\\\/2022\\\/10\\\/grimoire-of-clash-of-decks-1024x683.png\"},{\"@type\":\"BreadcrumbList\",\"@id\":\"https:\\\/\\\/clashofdecks.com\\\/fr\\\/grimoire-2#breadcrumb\",\"itemListElement\":[{\"@type\":\"ListItem\",\"position\":1,\"name\":\"Accueil\",\"item\":\"https:\\\/\\\/clashofdecks.com\\\/fr\"},{\"@type\":\"ListItem\",\"position\":2,\"name\":\"Grimoire\"}]},{\"@type\":\"WebSite\",\"@id\":\"https:\\\/\\\/clashofdecks.com\\\/fr#website\",\"url\":\"https:\\\/\\\/clashofdecks.com\\\/fr\",\"name\":\"Clash of Decks\",\"description\":\"a real FREE-TO-PLAY Card Game!\",\"publisher\":{\"@id\":\"https:\\\/\\\/clashofdecks.com\\\/fr#organization\"},\"potentialAction\":[{\"@type\":\"SearchAction\",\"target\":{\"@type\":\"EntryPoint\",\"urlTemplate\":\"https:\\\/\\\/clashofdecks.com\\\/fr?s={search_term_string}\"},\"query-input\":{\"@type\":\"PropertyValueSpecification\",\"valueRequired\":true,\"valueName\":\"search_term_string\"}}],\"inLanguage\":\"fr-FR\"},{\"@type\":\"Organization\",\"@id\":\"https:\\\/\\\/clashofdecks.com\\\/fr#organization\",\"name\":\"Clash of Decks\",\"url\":\"https:\\\/\\\/clashofdecks.com\\\/fr\",\"logo\":{\"@type\":\"ImageObject\",\"inLanguage\":\"fr-FR\",\"@id\":\"https:\\\/\\\/clashofdecks.com\\\/fr#\\\/schema\\\/logo\\\/image\\\/\",\"url\":\"https:\\\/\\\/clashofdecks.com\\\/wp-content\\\/uploads\\\/2022\\\/09\\\/cropped-cropped-Logo-de-CoD-min.png\",\"contentUrl\":\"https:\\\/\\\/clashofdecks.com\\\/wp-content\\\/uploads\\\/2022\\\/09\\\/cropped-cropped-Logo-de-CoD-min.png\",\"width\":250,\"height\":240,\"caption\":\"Clash of Decks\"},\"image\":{\"@id\":\"https:\\\/\\\/clashofdecks.com\\\/fr#\\\/schema\\\/logo\\\/image\\\/\"}}]}<\/script>\n<!-- \/ Yoast SEO plugin. -->","yoast_head_json":{"title":"Grimoire - Clash of Decks","robots":{"index":"index","follow":"follow","max-snippet":"max-snippet:-1","max-image-preview":"max-image-preview:large","max-video-preview":"max-video-preview:-1"},"canonical":"https:\/\/clashofdecks.com\/fr\/grimoire-2","og_locale":"fr_FR","og_type":"article","og_title":"Grimoire - Clash of Decks","og_description":"Grimoire Au d\u00e9part, le Grimoire est n\u00e9 de l\u2019id\u00e9e de proposer des situations de jeu \u00e0 la communaut\u00e9 de joueurs de Clash of Decks sur le serveur Discord. L\u2019objectif \u00e9tait que les joueurs puissent d\u00e9couvrir les innombrables subtilit\u00e9s du jeu en exp\u00e9rimentant des situations sp\u00e9cifiques afin de mieux comprendre comment interagissent les capacit\u00e9s sp\u00e9ciales entre &hellip; Lire la suite de\u00ab\u00a0Grimoire\u00a0\u00bb","og_url":"https:\/\/clashofdecks.com\/fr\/grimoire-2","og_site_name":"Clash of Decks","article_modified_time":"2023-01-03T20:24:23+00:00","og_image":[{"url":"https:\/\/clashofdecks.com\/wp-content\/uploads\/2022\/10\/grimoire-of-clash-of-decks-1024x683.png","type":"","width":"","height":""}],"twitter_card":"summary_large_image","twitter_misc":{"Dur\u00e9e de lecture estim\u00e9e":"1 minute"},"schema":{"@context":"https:\/\/schema.org","@graph":[{"@type":"WebPage","@id":"https:\/\/clashofdecks.com\/fr\/grimoire-2","url":"https:\/\/clashofdecks.com\/fr\/grimoire-2","name":"Grimoire - Clash of Decks","isPartOf":{"@id":"https:\/\/clashofdecks.com\/fr#website"},"primaryImageOfPage":{"@id":"https:\/\/clashofdecks.com\/fr\/grimoire-2#primaryimage"},"image":{"@id":"https:\/\/clashofdecks.com\/fr\/grimoire-2#primaryimage"},"thumbnailUrl":"https:\/\/clashofdecks.com\/wp-content\/uploads\/2022\/10\/grimoire-of-clash-of-decks-1024x683.png","datePublished":"2022-10-25T13:11:00+00:00","dateModified":"2023-01-03T20:24:23+00:00","breadcrumb":{"@id":"https:\/\/clashofdecks.com\/fr\/grimoire-2#breadcrumb"},"inLanguage":"fr-FR","potentialAction":[{"@type":"ReadAction","target":["https:\/\/clashofdecks.com\/fr\/grimoire-2"]}]},{"@type":"ImageObject","inLanguage":"fr-FR","@id":"https:\/\/clashofdecks.com\/fr\/grimoire-2#primaryimage","url":"https:\/\/clashofdecks.com\/wp-content\/uploads\/2022\/10\/grimoire-of-clash-of-decks-1024x683.png","contentUrl":"https:\/\/clashofdecks.com\/wp-content\/uploads\/2022\/10\/grimoire-of-clash-of-decks-1024x683.png"},{"@type":"BreadcrumbList","@id":"https:\/\/clashofdecks.com\/fr\/grimoire-2#breadcrumb","itemListElement":[{"@type":"ListItem","position":1,"name":"Accueil","item":"https:\/\/clashofdecks.com\/fr"},{"@type":"ListItem","position":2,"name":"Grimoire"}]},{"@type":"WebSite","@id":"https:\/\/clashofdecks.com\/fr#website","url":"https:\/\/clashofdecks.com\/fr","name":"Clash of Decks","description":"a real FREE-TO-PLAY Card Game!","publisher":{"@id":"https:\/\/clashofdecks.com\/fr#organization"},"potentialAction":[{"@type":"SearchAction","target":{"@type":"EntryPoint","urlTemplate":"https:\/\/clashofdecks.com\/fr?s={search_term_string}"},"query-input":{"@type":"PropertyValueSpecification","valueRequired":true,"valueName":"search_term_string"}}],"inLanguage":"fr-FR"},{"@type":"Organization","@id":"https:\/\/clashofdecks.com\/fr#organization","name":"Clash of Decks","url":"https:\/\/clashofdecks.com\/fr","logo":{"@type":"ImageObject","inLanguage":"fr-FR","@id":"https:\/\/clashofdecks.com\/fr#\/schema\/logo\/image\/","url":"https:\/\/clashofdecks.com\/wp-content\/uploads\/2022\/09\/cropped-cropped-Logo-de-CoD-min.png","contentUrl":"https:\/\/clashofdecks.com\/wp-content\/uploads\/2022\/09\/cropped-cropped-Logo-de-CoD-min.png","width":250,"height":240,"caption":"Clash of Decks"},"image":{"@id":"https:\/\/clashofdecks.com\/fr#\/schema\/logo\/image\/"}}]}},"jetpack_sharing_enabled":true,"_links":{"self":[{"href":"https:\/\/clashofdecks.com\/fr\/wp-json\/wp\/v2\/pages\/10436","targetHints":{"allow":["GET"]}}],"collection":[{"href":"https:\/\/clashofdecks.com\/fr\/wp-json\/wp\/v2\/pages"}],"about":[{"href":"https:\/\/clashofdecks.com\/fr\/wp-json\/wp\/v2\/types\/page"}],"author":[{"embeddable":true,"href":"https:\/\/clashofdecks.com\/fr\/wp-json\/wp\/v2\/users\/34"}],"replies":[{"embeddable":true,"href":"https:\/\/clashofdecks.com\/fr\/wp-json\/wp\/v2\/comments?post=10436"}],"version-history":[{"count":3,"href":"https:\/\/clashofdecks.com\/fr\/wp-json\/wp\/v2\/pages\/10436\/revisions"}],"predecessor-version":[{"id":10439,"href":"https:\/\/clashofdecks.com\/fr\/wp-json\/wp\/v2\/pages\/10436\/revisions\/10439"}],"wp:attachment":[{"href":"https:\/\/clashofdecks.com\/fr\/wp-json\/wp\/v2\/media?parent=10436"}],"curies":[{"name":"wp","href":"https:\/\/api.w.org\/{rel}","templated":true}]}}