{"id":10060,"date":"2021-07-01T15:33:11","date_gmt":"2021-07-01T13:33:11","guid":{"rendered":"https:\/\/clashofdecks.com\/lettre-dinformation"},"modified":"2022-12-30T00:11:25","modified_gmt":"2022-12-29T23:11:25","slug":"lettre-dinformation","status":"publish","type":"page","link":"https:\/\/clashofdecks.com\/fr\/lettre-dinformation","title":{"rendered":"Lettre d&rsquo;information"},"content":{"rendered":"\n<p><em>\ud83c\uddeb\ud83c\uddf7 Inscrivez-vous d\u00e8s maintenant \u00e0 notre newsletter pour \u00eatre inform\u00e9 de l&rsquo;actualit\u00e9 du jeu Clash of Decks !\ud83d\udc47<\/em><\/p>\n<p><div class=\"tnp tnp-subscription \">\n<form method=\"post\" action=\"https:\/\/clashofdecks.com\/wp-admin\/admin-ajax.php?action=tnp&amp;na=s\">\n<input type=\"hidden\" name=\"nlang\" value=\"fr\">\n<div class=\"tnp-field tnp-field-email\"><label for=\"tnp-1\">Email<\/label>\n<input class=\"tnp-email\" type=\"email\" name=\"ne\" id=\"tnp-1\" value=\"\" placeholder=\"\" required><\/div>\n<div class=\"tnp-field tnp-field-button\" style=\"text-align: left\"><input class=\"tnp-submit\" type=\"submit\" value=\"S&#039;abonner\" style=\"\">\n<\/div>\n<\/form>\n<\/div>\n<\/p>\n\n<figure class=\"wp-block-image size-large\"><img loading=\"lazy\" decoding=\"async\" width=\"1024\" height=\"415\" src=\"https:\/\/clashofdecks.com\/wp-content\/uploads\/2022\/02\/newsletter-clash-of-decks-1024x415.png\" alt=\"\" class=\"wp-image-2195\" srcset=\"https:\/\/clashofdecks.com\/wp-content\/uploads\/2022\/02\/newsletter-clash-of-decks-1024x415.png 1024w, https:\/\/clashofdecks.com\/wp-content\/uploads\/2022\/02\/newsletter-clash-of-decks-600x243.png 600w, https:\/\/clashofdecks.com\/wp-content\/uploads\/2022\/02\/newsletter-clash-of-decks-300x122.png 300w, https:\/\/clashofdecks.com\/wp-content\/uploads\/2022\/02\/newsletter-clash-of-decks-768x311.png 768w, https:\/\/clashofdecks.com\/wp-content\/uploads\/2022\/02\/newsletter-clash-of-decks.png 1280w\" sizes=\"auto, (max-width: 1024px) 100vw, 1024px\" \/><\/figure>\n<p><\/p>\n","protected":false},"excerpt":{"rendered":"<p>\ud83c\uddeb\ud83c\uddf7 Inscrivez-vous d\u00e8s maintenant \u00e0 notre newsletter pour \u00eatre inform\u00e9 de l&rsquo;actualit\u00e9 du jeu Clash of Decks !\ud83d\udc47<\/p>\n","protected":false},"author":1,"featured_media":0,"parent":0,"menu_order":0,"comment_status":"closed","ping_status":"closed","template":"","meta":{"footnotes":""},"class_list":["post-10060","page","type-page","status-publish","hentry"],"yoast_head":"<!-- This site is optimized with the Yoast SEO plugin v27.4 - https:\/\/yoast.com\/product\/yoast-seo-wordpress\/ -->\n<title>Lettre d&#039;information - Clash of Decks<\/title>\n<meta name=\"robots\" content=\"index, follow, max-snippet:-1, max-image-preview:large, max-video-preview:-1\" \/>\n<link rel=\"canonical\" href=\"https:\/\/clashofdecks.com\/fr\/lettre-dinformation\" \/>\n<meta property=\"og:locale\" content=\"fr_FR\" \/>\n<meta property=\"og:type\" content=\"article\" \/>\n<meta property=\"og:title\" content=\"Lettre d&#039;information - Clash of Decks\" \/>\n<meta property=\"og:description\" content=\"\ud83c\uddeb\ud83c\uddf7 Inscrivez-vous d\u00e8s maintenant \u00e0 notre newsletter pour \u00eatre inform\u00e9 de l&rsquo;actualit\u00e9 du jeu Clash of Decks !\ud83d\udc47\" \/>\n<meta property=\"og:url\" content=\"https:\/\/clashofdecks.com\/fr\/lettre-dinformation\" \/>\n<meta property=\"og:site_name\" content=\"Clash of Decks\" \/>\n<meta property=\"article:modified_time\" content=\"2022-12-29T23:11:25+00:00\" \/>\n<meta property=\"og:image\" content=\"https:\/\/clashofdecks.com\/wp-content\/uploads\/2022\/02\/newsletter-clash-of-decks-1024x415.png\" \/>\n<meta name=\"twitter:card\" content=\"summary_large_image\" \/>\n<script type=\"application\/ld+json\" class=\"yoast-schema-graph\">{\"@context\":\"https:\\\/\\\/schema.org\",\"@graph\":[{\"@type\":\"WebPage\",\"@id\":\"https:\\\/\\\/clashofdecks.com\\\/fr\\\/lettre-dinformation\",\"url\":\"https:\\\/\\\/clashofdecks.com\\\/fr\\\/lettre-dinformation\",\"name\":\"Lettre d'information - Clash of Decks\",\"isPartOf\":{\"@id\":\"https:\\\/\\\/clashofdecks.com\\\/fr#website\"},\"primaryImageOfPage\":{\"@id\":\"https:\\\/\\\/clashofdecks.com\\\/fr\\\/lettre-dinformation#primaryimage\"},\"image\":{\"@id\":\"https:\\\/\\\/clashofdecks.com\\\/fr\\\/lettre-dinformation#primaryimage\"},\"thumbnailUrl\":\"https:\\\/\\\/clashofdecks.com\\\/wp-content\\\/uploads\\\/2022\\\/02\\\/newsletter-clash-of-decks-1024x415.png\",\"datePublished\":\"2021-07-01T13:33:11+00:00\",\"dateModified\":\"2022-12-29T23:11:25+00:00\",\"breadcrumb\":{\"@id\":\"https:\\\/\\\/clashofdecks.com\\\/fr\\\/lettre-dinformation#breadcrumb\"},\"inLanguage\":\"fr-FR\",\"potentialAction\":[{\"@type\":\"ReadAction\",\"target\":[\"https:\\\/\\\/clashofdecks.com\\\/fr\\\/lettre-dinformation\"]}]},{\"@type\":\"ImageObject\",\"inLanguage\":\"fr-FR\",\"@id\":\"https:\\\/\\\/clashofdecks.com\\\/fr\\\/lettre-dinformation#primaryimage\",\"url\":\"https:\\\/\\\/clashofdecks.com\\\/wp-content\\\/uploads\\\/2022\\\/02\\\/newsletter-clash-of-decks-1024x415.png\",\"contentUrl\":\"https:\\\/\\\/clashofdecks.com\\\/wp-content\\\/uploads\\\/2022\\\/02\\\/newsletter-clash-of-decks-1024x415.png\"},{\"@type\":\"BreadcrumbList\",\"@id\":\"https:\\\/\\\/clashofdecks.com\\\/fr\\\/lettre-dinformation#breadcrumb\",\"itemListElement\":[{\"@type\":\"ListItem\",\"position\":1,\"name\":\"Accueil\",\"item\":\"https:\\\/\\\/clashofdecks.com\\\/fr\"},{\"@type\":\"ListItem\",\"position\":2,\"name\":\"Lettre d&#8217;information\"}]},{\"@type\":\"WebSite\",\"@id\":\"https:\\\/\\\/clashofdecks.com\\\/fr#website\",\"url\":\"https:\\\/\\\/clashofdecks.com\\\/fr\",\"name\":\"Clash of Decks\",\"description\":\"a real FREE-TO-PLAY Card Game!\",\"publisher\":{\"@id\":\"https:\\\/\\\/clashofdecks.com\\\/fr#organization\"},\"potentialAction\":[{\"@type\":\"SearchAction\",\"target\":{\"@type\":\"EntryPoint\",\"urlTemplate\":\"https:\\\/\\\/clashofdecks.com\\\/fr?s={search_term_string}\"},\"query-input\":{\"@type\":\"PropertyValueSpecification\",\"valueRequired\":true,\"valueName\":\"search_term_string\"}}],\"inLanguage\":\"fr-FR\"},{\"@type\":\"Organization\",\"@id\":\"https:\\\/\\\/clashofdecks.com\\\/fr#organization\",\"name\":\"Clash of Decks\",\"url\":\"https:\\\/\\\/clashofdecks.com\\\/fr\",\"logo\":{\"@type\":\"ImageObject\",\"inLanguage\":\"fr-FR\",\"@id\":\"https:\\\/\\\/clashofdecks.com\\\/fr#\\\/schema\\\/logo\\\/image\\\/\",\"url\":\"https:\\\/\\\/clashofdecks.com\\\/wp-content\\\/uploads\\\/2022\\\/09\\\/cropped-cropped-Logo-de-CoD-min.png\",\"contentUrl\":\"https:\\\/\\\/clashofdecks.com\\\/wp-content\\\/uploads\\\/2022\\\/09\\\/cropped-cropped-Logo-de-CoD-min.png\",\"width\":250,\"height\":240,\"caption\":\"Clash of Decks\"},\"image\":{\"@id\":\"https:\\\/\\\/clashofdecks.com\\\/fr#\\\/schema\\\/logo\\\/image\\\/\"}}]}<\/script>\n<!-- \/ Yoast SEO plugin. -->","yoast_head_json":{"title":"Lettre d'information - Clash of Decks","robots":{"index":"index","follow":"follow","max-snippet":"max-snippet:-1","max-image-preview":"max-image-preview:large","max-video-preview":"max-video-preview:-1"},"canonical":"https:\/\/clashofdecks.com\/fr\/lettre-dinformation","og_locale":"fr_FR","og_type":"article","og_title":"Lettre d'information - Clash of Decks","og_description":"\ud83c\uddeb\ud83c\uddf7 Inscrivez-vous d\u00e8s maintenant \u00e0 notre newsletter pour \u00eatre inform\u00e9 de l&rsquo;actualit\u00e9 du jeu Clash of Decks !\ud83d\udc47","og_url":"https:\/\/clashofdecks.com\/fr\/lettre-dinformation","og_site_name":"Clash of Decks","article_modified_time":"2022-12-29T23:11:25+00:00","og_image":[{"url":"https:\/\/clashofdecks.com\/wp-content\/uploads\/2022\/02\/newsletter-clash-of-decks-1024x415.png","type":"","width":"","height":""}],"twitter_card":"summary_large_image","schema":{"@context":"https:\/\/schema.org","@graph":[{"@type":"WebPage","@id":"https:\/\/clashofdecks.com\/fr\/lettre-dinformation","url":"https:\/\/clashofdecks.com\/fr\/lettre-dinformation","name":"Lettre d'information - Clash of Decks","isPartOf":{"@id":"https:\/\/clashofdecks.com\/fr#website"},"primaryImageOfPage":{"@id":"https:\/\/clashofdecks.com\/fr\/lettre-dinformation#primaryimage"},"image":{"@id":"https:\/\/clashofdecks.com\/fr\/lettre-dinformation#primaryimage"},"thumbnailUrl":"https:\/\/clashofdecks.com\/wp-content\/uploads\/2022\/02\/newsletter-clash-of-decks-1024x415.png","datePublished":"2021-07-01T13:33:11+00:00","dateModified":"2022-12-29T23:11:25+00:00","breadcrumb":{"@id":"https:\/\/clashofdecks.com\/fr\/lettre-dinformation#breadcrumb"},"inLanguage":"fr-FR","potentialAction":[{"@type":"ReadAction","target":["https:\/\/clashofdecks.com\/fr\/lettre-dinformation"]}]},{"@type":"ImageObject","inLanguage":"fr-FR","@id":"https:\/\/clashofdecks.com\/fr\/lettre-dinformation#primaryimage","url":"https:\/\/clashofdecks.com\/wp-content\/uploads\/2022\/02\/newsletter-clash-of-decks-1024x415.png","contentUrl":"https:\/\/clashofdecks.com\/wp-content\/uploads\/2022\/02\/newsletter-clash-of-decks-1024x415.png"},{"@type":"BreadcrumbList","@id":"https:\/\/clashofdecks.com\/fr\/lettre-dinformation#breadcrumb","itemListElement":[{"@type":"ListItem","position":1,"name":"Accueil","item":"https:\/\/clashofdecks.com\/fr"},{"@type":"ListItem","position":2,"name":"Lettre d&#8217;information"}]},{"@type":"WebSite","@id":"https:\/\/clashofdecks.com\/fr#website","url":"https:\/\/clashofdecks.com\/fr","name":"Clash of Decks","description":"a real FREE-TO-PLAY Card Game!","publisher":{"@id":"https:\/\/clashofdecks.com\/fr#organization"},"potentialAction":[{"@type":"SearchAction","target":{"@type":"EntryPoint","urlTemplate":"https:\/\/clashofdecks.com\/fr?s={search_term_string}"},"query-input":{"@type":"PropertyValueSpecification","valueRequired":true,"valueName":"search_term_string"}}],"inLanguage":"fr-FR"},{"@type":"Organization","@id":"https:\/\/clashofdecks.com\/fr#organization","name":"Clash of Decks","url":"https:\/\/clashofdecks.com\/fr","logo":{"@type":"ImageObject","inLanguage":"fr-FR","@id":"https:\/\/clashofdecks.com\/fr#\/schema\/logo\/image\/","url":"https:\/\/clashofdecks.com\/wp-content\/uploads\/2022\/09\/cropped-cropped-Logo-de-CoD-min.png","contentUrl":"https:\/\/clashofdecks.com\/wp-content\/uploads\/2022\/09\/cropped-cropped-Logo-de-CoD-min.png","width":250,"height":240,"caption":"Clash of Decks"},"image":{"@id":"https:\/\/clashofdecks.com\/fr#\/schema\/logo\/image\/"}}]}},"jetpack_sharing_enabled":true,"_links":{"self":[{"href":"https:\/\/clashofdecks.com\/fr\/wp-json\/wp\/v2\/pages\/10060","targetHints":{"allow":["GET"]}}],"collection":[{"href":"https:\/\/clashofdecks.com\/fr\/wp-json\/wp\/v2\/pages"}],"about":[{"href":"https:\/\/clashofdecks.com\/fr\/wp-json\/wp\/v2\/types\/page"}],"author":[{"embeddable":true,"href":"https:\/\/clashofdecks.com\/fr\/wp-json\/wp\/v2\/users\/1"}],"replies":[{"embeddable":true,"href":"https:\/\/clashofdecks.com\/fr\/wp-json\/wp\/v2\/comments?post=10060"}],"version-history":[{"count":1,"href":"https:\/\/clashofdecks.com\/fr\/wp-json\/wp\/v2\/pages\/10060\/revisions"}],"predecessor-version":[{"id":10061,"href":"https:\/\/clashofdecks.com\/fr\/wp-json\/wp\/v2\/pages\/10060\/revisions\/10061"}],"wp:attachment":[{"href":"https:\/\/clashofdecks.com\/fr\/wp-json\/wp\/v2\/media?parent=10060"}],"curies":[{"name":"wp","href":"https:\/\/api.w.org\/{rel}","templated":true}]}}